{"id":950,"date":"2025-10-11T11:42:33","date_gmt":"2025-10-11T09:42:33","guid":{"rendered":"http:\/\/kotlinafishing.pl\/?post_type=product&#038;p=950"},"modified":"2026-03-28T08:56:06","modified_gmt":"2026-03-28T07:56:06","slug":"zylka-przyponowa-trabucco-t-force-xps-match-strong","status":"publish","type":"product","link":"https:\/\/kotlinafishing.pl\/?product=zylka-przyponowa-trabucco-t-force-xps-match-strong","title":{"rendered":"\u017by\u0142ka przyponowa Trabucco T-Force XPS Match Strong 50m"},"content":{"rendered":"<p>Odkryj \u017cy\u0142k\u0119 <b>Trabucco T-Force XPS Match Strong<\/b>, kt\u00f3ra zosta\u0142a zaprojektowana, aby sprosta\u0107 najwy\u017cszym wymaganiom w\u0119dkarstwa sp\u0142awikowego i feederowego, szczeg\u00f3lnie w roli materia\u0142u przyponowego lub do precyzyjnych zestaw\u00f3w.<\/p>\n<p>To produkt, w kt\u00f3rym w\u0142oska in\u017cynieria spotyka si\u0119 z japo\u0144sk\u0105 technologi\u0105, daj\u0105c w efekcie \u017cy\u0142k\u0119 o <b>wyj\u0105tkowej wytrzyma\u0142o\u015bci przy ekstremalnie ma\u0142ych \u015brednicach<\/b>.<\/p>\n<p><b>Kluczowe cechy produktu:<\/b><\/p>\n<ul>\n<li><b>Extra Strong (Wyj\u0105tkowa Moc):<\/b> Pomimo swojej subtelnej \u015brednicy, cechuje si\u0119 du\u017c\u0105 wytrzyma\u0142o\u015bci\u0105 liniow\u0105 oraz <b>fenomenaln\u0105 si\u0142\u0105 na w\u0119z\u0142ach<\/b>, co jest krytyczne przy walce z wi\u0119kszymi rybami na cienkich przyponach.<\/li>\n<li><b>Ceramic Powered Technology:<\/b> Specjalna ceramiczna pow\u0142oka zapewnia <b>maksymaln\u0105 odporno\u015b\u0107 na \u015bcieranie<\/b> i uszkodzenia mechaniczne. Zapewnia tak\u017ce <b>100-procentow\u0105 odporno\u015b\u0107 na dzia\u0142anie wody<\/b>, co przek\u0142ada si\u0119 na d\u0142ug\u0105 \u017cywotno\u015b\u0107.<\/li>\n<li><b>Crystal Clear (Niewidoczna):<\/b> \u017by\u0142ka w kolorze krystalicznie czystym staje si\u0119 <b>praktycznie niewidoczna w wodzie<\/b>, co jest kluczowe podczas \u0142owienia w czystych wodach i na ostro\u017cne ryby.<\/li>\n<li><b>Idealna na Przypony i Zestawy:<\/b> Dost\u0119pna w szpulach 50-metrowych \u2013 jest to idealna d\u0142ugo\u015b\u0107 do wi\u0105zania przypon\u00f3w i precyzyjnych zestaw\u00f3w sp\u0142awikowych\/gruntowych, gdzie liczy si\u0119 ka\u017cdy detal.<\/li>\n<li><b>G\u0142adko\u015b\u0107 i Mi\u0119kko\u015b\u0107:<\/b> \u017by\u0142ka jest niezwykle g\u0142adka i mi\u0119kka, co u\u0142atwia wi\u0105zanie precyzyjnych w\u0119z\u0142\u00f3w i zapewnia doskona\u0142\u0105 prezentacj\u0119 przyn\u0119ty.<\/li>\n<\/ul>\n<p>Wybierz <b>Trabucco T-Force XPS Match Strong<\/b> i zyskaj przewag\u0119 w \u0142owieniu najbardziej ostro\u017cnych ryb!<\/p>\n","protected":false},"excerpt":{"rendered":"<p>Odkryj \u017cy\u0142k\u0119 <b>Trabucco T-Force XPS Match Strong<\/b>, kt\u00f3ra zosta\u0142a zaprojektowana, aby sprosta\u0107 najwy\u017cszym wymaganiom w\u0119dkarstwa sp\u0142awikowego i feederowego, szczeg\u00f3lnie w roli materia\u0142u przyponowego lub do precyzyjnych zestaw\u00f3w.<\/p>\n","protected":false},"featured_media":1625,"template":"","meta":[],"product_brand":[27],"product_cat":[19,18,180,183,62,60],"product_tag":[],"class_list":{"0":"post-950","1":"product","2":"type-product","3":"status-publish","4":"has-post-thumbnail","6":"product_brand-trabucco","7":"product_cat-grunt","8":"product_cat-splawik","9":"product_cat-zylki-splawik","10":"product_cat-zylki-przyponowe-zylki-splawik","11":"product_cat-zylki-przyponowe","12":"product_cat-zylki-plecionki","14":"first","15":"instock","16":"shipping-taxable","17":"purchasable","18":"product-type-variable"},"_links":{"self":[{"href":"https:\/\/kotlinafishing.pl\/index.php?rest_route=\/wp\/v2\/product\/950","targetHints":{"allow":["GET"]}}],"collection":[{"href":"https:\/\/kotlinafishing.pl\/index.php?rest_route=\/wp\/v2\/product"}],"about":[{"href":"https:\/\/kotlinafishing.pl\/index.php?rest_route=\/wp\/v2\/types\/product"}],"wp:featuredmedia":[{"embeddable":true,"href":"https:\/\/kotlinafishing.pl\/index.php?rest_route=\/wp\/v2\/media\/1625"}],"wp:attachment":[{"href":"https:\/\/kotlinafishing.pl\/index.php?rest_route=%2Fwp%2Fv2%2Fmedia&parent=950"}],"wp:term":[{"taxonomy":"product_brand","embeddable":true,"href":"https:\/\/kotlinafishing.pl\/index.php?rest_route=%2Fwp%2Fv2%2Fproduct_brand&post=950"},{"taxonomy":"product_cat","embeddable":true,"href":"https:\/\/kotlinafishing.pl\/index.php?rest_route=%2Fwp%2Fv2%2Fproduct_cat&post=950"},{"taxonomy":"product_tag","embeddable":true,"href":"https:\/\/kotlinafishing.pl\/index.php?rest_route=%2Fwp%2Fv2%2Fproduct_tag&post=950"}],"curies":[{"name":"wp","href":"https:\/\/api.w.org\/{rel}","templated":true}]}}