{"id":94,"date":"2025-07-12T08:28:35","date_gmt":"2025-07-12T06:28:35","guid":{"rendered":"http:\/\/kotlinafishing.pl\/?post_type=product&#038;p=94"},"modified":"2026-01-27T14:41:08","modified_gmt":"2026-01-27T13:41:08","slug":"bolonka-mikado-trython-bolognese-4m","status":"publish","type":"product","link":"https:\/\/kotlinafishing.pl\/?product=bolonka-mikado-trython-bolognese-4m","title":{"rendered":"Bolonka Mikado Trython Bolognese 4m"},"content":{"rendered":"<p>Lekkie, sztywne, mocne i idealnie wywa\u017cone &#8211; tak w skr\u00f3cie mo\u017cna opisa\u0107 w\u0119dki Trython Bolognese. Przeznaczone do \u0142owienia ma\u0142ych i \u015brednich ryb na przep\u0142ywank\u0119. Mog\u0105 by\u0107 r\u00f3wnie\u017c stosowane jako klasyczna w\u0119dka sp\u0142awikowa na g\u0142\u0119bszych wodach stoj\u0105cych.<\/p>\n","protected":false},"excerpt":{"rendered":"<p>Lekkie, sztywne, mocne i idealnie wywa\u017cone &#8211; tak w skr\u00f3cie mo\u017cna opisa\u0107 w\u0119dki Trython Bolognese. Przeznaczone do \u0142owienia ma\u0142ych i \u015brednich ryb na przep\u0142ywank\u0119. Mog\u0105 by\u0107 r\u00f3wnie\u017c stosowane jako klasyczna w\u0119dka sp\u0142awikowa na g\u0142\u0119bszych wodach stoj\u0105cych.<\/p>\n","protected":false},"featured_media":327,"template":"","meta":[],"product_brand":[22],"product_cat":[113,18,110],"product_tag":[32],"class_list":{"0":"post-94","1":"product","2":"type-product","3":"status-publish","4":"has-post-thumbnail","6":"product_brand-mikado","7":"product_cat-bolonki","8":"product_cat-splawik","9":"product_cat-wedki-splawikowe","10":"product_tag-bolonka","12":"first","13":"outofstock","14":"shipping-taxable","15":"purchasable","16":"product-type-simple"},"_links":{"self":[{"href":"https:\/\/kotlinafishing.pl\/index.php?rest_route=\/wp\/v2\/product\/94","targetHints":{"allow":["GET"]}}],"collection":[{"href":"https:\/\/kotlinafishing.pl\/index.php?rest_route=\/wp\/v2\/product"}],"about":[{"href":"https:\/\/kotlinafishing.pl\/index.php?rest_route=\/wp\/v2\/types\/product"}],"wp:featuredmedia":[{"embeddable":true,"href":"https:\/\/kotlinafishing.pl\/index.php?rest_route=\/wp\/v2\/media\/327"}],"wp:attachment":[{"href":"https:\/\/kotlinafishing.pl\/index.php?rest_route=%2Fwp%2Fv2%2Fmedia&parent=94"}],"wp:term":[{"taxonomy":"product_brand","embeddable":true,"href":"https:\/\/kotlinafishing.pl\/index.php?rest_route=%2Fwp%2Fv2%2Fproduct_brand&post=94"},{"taxonomy":"product_cat","embeddable":true,"href":"https:\/\/kotlinafishing.pl\/index.php?rest_route=%2Fwp%2Fv2%2Fproduct_cat&post=94"},{"taxonomy":"product_tag","embeddable":true,"href":"https:\/\/kotlinafishing.pl\/index.php?rest_route=%2Fwp%2Fv2%2Fproduct_tag&post=94"}],"curies":[{"name":"wp","href":"https:\/\/api.w.org\/{rel}","templated":true}]}}