{"id":939,"date":"2025-10-11T09:46:20","date_gmt":"2025-10-11T07:46:20","guid":{"rendered":"http:\/\/kotlinafishing.pl\/?post_type=product&#038;p=939"},"modified":"2026-04-03T16:45:47","modified_gmt":"2026-04-03T14:45:47","slug":"zylka-trabucco-t-force-xps-method-feeder-300m-brazowy","status":"publish","type":"product","link":"https:\/\/kotlinafishing.pl\/?product=zylka-trabucco-t-force-xps-method-feeder-300m-brazowy","title":{"rendered":"\u017by\u0142ka Trabucco T-Force XPS Method Feeder 300m (br\u0105zowy)"},"content":{"rendered":"<p>Szybko ton\u0105ca \u017cy\u0142ka specjalnie zaprojektowana do \u0142owienia na method feeder. Tr\u00f3jwarstwowa struktura sk\u0142adaj\u0105ca si\u0119 z wewn\u0119trznego rdzenia pokrytego pow\u0142ok\u0105 ceramiczn\u0105, warstwy odpornej na \u015bcieranie oraz zewn\u0119trznej pow\u0142oki silikonowej. Ma\u0142o rozci\u0105gliwa o du\u017cej czu\u0142o\u015bci, bez efektu pami\u0119ci. Kolor jasnobr\u0105zowy. D\u0142ugo\u015b\u0107 300 m.<\/p>\n","protected":false},"excerpt":{"rendered":"<p>Szybko ton\u0105ca \u017cy\u0142ka specjalnie zaprojektowana do \u0142owienia na method feeder. Tr\u00f3jwarstwowa struktura sk\u0142adaj\u0105ca si\u0119 z wewn\u0119trznego rdzenia pokrytego pow\u0142ok\u0105 ceramiczn\u0105, warstwy odpornej na \u015bcieranie oraz zewn\u0119trznej pow\u0142oki silikonowej. Ma\u0142o rozci\u0105gliwa o du\u017cej czu\u0142o\u015bci, bez efektu pami\u0119ci. Kolor jasnobr\u0105zowy. D\u0142ugo\u015b\u0107 300 m.<\/p>\n","protected":false},"featured_media":1635,"template":"","meta":[],"product_brand":[27],"product_cat":[19,61,60],"product_tag":[],"class_list":{"0":"post-939","1":"product","2":"type-product","3":"status-publish","4":"has-post-thumbnail","6":"product_brand-trabucco","7":"product_cat-grunt","8":"product_cat-zylki-glowne","9":"product_cat-zylki-plecionki","11":"first","12":"instock","13":"shipping-taxable","14":"purchasable","15":"product-type-variable"},"_links":{"self":[{"href":"https:\/\/kotlinafishing.pl\/index.php?rest_route=\/wp\/v2\/product\/939","targetHints":{"allow":["GET"]}}],"collection":[{"href":"https:\/\/kotlinafishing.pl\/index.php?rest_route=\/wp\/v2\/product"}],"about":[{"href":"https:\/\/kotlinafishing.pl\/index.php?rest_route=\/wp\/v2\/types\/product"}],"wp:featuredmedia":[{"embeddable":true,"href":"https:\/\/kotlinafishing.pl\/index.php?rest_route=\/wp\/v2\/media\/1635"}],"wp:attachment":[{"href":"https:\/\/kotlinafishing.pl\/index.php?rest_route=%2Fwp%2Fv2%2Fmedia&parent=939"}],"wp:term":[{"taxonomy":"product_brand","embeddable":true,"href":"https:\/\/kotlinafishing.pl\/index.php?rest_route=%2Fwp%2Fv2%2Fproduct_brand&post=939"},{"taxonomy":"product_cat","embeddable":true,"href":"https:\/\/kotlinafishing.pl\/index.php?rest_route=%2Fwp%2Fv2%2Fproduct_cat&post=939"},{"taxonomy":"product_tag","embeddable":true,"href":"https:\/\/kotlinafishing.pl\/index.php?rest_route=%2Fwp%2Fv2%2Fproduct_tag&post=939"}],"curies":[{"name":"wp","href":"https:\/\/api.w.org\/{rel}","templated":true}]}}