{"id":927,"date":"2025-10-11T09:24:55","date_gmt":"2025-10-11T07:24:55","guid":{"rendered":"http:\/\/kotlinafishing.pl\/?post_type=product&#038;p=927"},"modified":"2026-03-28T08:59:28","modified_gmt":"2026-03-28T07:59:28","slug":"zylka-mikado-sensual-ng-method-feeder-150m-czarny","status":"publish","type":"product","link":"https:\/\/kotlinafishing.pl\/?product=zylka-mikado-sensual-ng-method-feeder-150m-czarny","title":{"rendered":"\u017by\u0142ka Mikado Sensual NG Method Feeder 150m (czarny)"},"content":{"rendered":"<p><strong>Sensual NG Method Feeder<\/strong> to \u017cy\u0142ka, kt\u00f3rej cechy skupili\u015bmy wok\u00f3\u0142 jednego celu- po\u0142\u00f3w okazowych ryb metod\u0105 gruntow\u0105. Oddaj\u0105c w Wasze r\u0119ce ten produkt mamy pewno\u015b\u0107, \u017ce nie zawiedzie Was ona podczas holu okazowego karpia czy niezwykle walecznego amura.<\/p>\n","protected":false},"excerpt":{"rendered":"<p><strong>Sensual NG Method Feeder<\/strong> to \u017cy\u0142ka, kt\u00f3rej cechy skupili\u015bmy wok\u00f3\u0142 jednego celu- po\u0142\u00f3w okazowych ryb metod\u0105 gruntow\u0105. Oddaj\u0105c w Wasze r\u0119ce ten produkt mamy pewno\u015b\u0107, \u017ce nie zawiedzie Was ona podczas holu okazowego karpia czy niezwykle walecznego amura.<\/p>\n","protected":false},"featured_media":960,"template":"","meta":[],"product_brand":[22],"product_cat":[19,61,60],"product_tag":[],"class_list":{"0":"post-927","1":"product","2":"type-product","3":"status-publish","4":"has-post-thumbnail","6":"product_brand-mikado","7":"product_cat-grunt","8":"product_cat-zylki-glowne","9":"product_cat-zylki-plecionki","11":"first","12":"instock","13":"shipping-taxable","14":"purchasable","15":"product-type-variable"},"_links":{"self":[{"href":"https:\/\/kotlinafishing.pl\/index.php?rest_route=\/wp\/v2\/product\/927","targetHints":{"allow":["GET"]}}],"collection":[{"href":"https:\/\/kotlinafishing.pl\/index.php?rest_route=\/wp\/v2\/product"}],"about":[{"href":"https:\/\/kotlinafishing.pl\/index.php?rest_route=\/wp\/v2\/types\/product"}],"wp:featuredmedia":[{"embeddable":true,"href":"https:\/\/kotlinafishing.pl\/index.php?rest_route=\/wp\/v2\/media\/960"}],"wp:attachment":[{"href":"https:\/\/kotlinafishing.pl\/index.php?rest_route=%2Fwp%2Fv2%2Fmedia&parent=927"}],"wp:term":[{"taxonomy":"product_brand","embeddable":true,"href":"https:\/\/kotlinafishing.pl\/index.php?rest_route=%2Fwp%2Fv2%2Fproduct_brand&post=927"},{"taxonomy":"product_cat","embeddable":true,"href":"https:\/\/kotlinafishing.pl\/index.php?rest_route=%2Fwp%2Fv2%2Fproduct_cat&post=927"},{"taxonomy":"product_tag","embeddable":true,"href":"https:\/\/kotlinafishing.pl\/index.php?rest_route=%2Fwp%2Fv2%2Fproduct_tag&post=927"}],"curies":[{"name":"wp","href":"https:\/\/api.w.org\/{rel}","templated":true}]}}