{"id":923,"date":"2025-10-11T09:09:46","date_gmt":"2025-10-11T07:09:46","guid":{"rendered":"http:\/\/kotlinafishing.pl\/?post_type=product&#038;p=923"},"modified":"2025-11-02T09:18:51","modified_gmt":"2025-11-02T08:18:51","slug":"zylka-matchpro-team-feeder-150m-brazowy","status":"publish","type":"product","link":"https:\/\/kotlinafishing.pl\/?product=zylka-matchpro-team-feeder-150m-brazowy","title":{"rendered":"\u017by\u0142ka MatchPro Team Feeder 150m (br\u0105zowy)"},"content":{"rendered":"<p>Specjalistyczna \u017cy\u0142ka najnowszej generacji do metody gruntowo-feederowej. Specjalistyczna budowa i w\u0142a\u015bciwo\u015bci tworz\u0105 j\u0105 niezast\u0105pion\u0105 w po\u0142owach na feeder. Ci\u0119\u017cka, szybko ton\u0105ca, idealnie uk\u0142ada si\u0119 na dnie i niezwykle odporna na przetarcia. \u017by\u0142ka <strong>TEAM FEEDER<\/strong> jest ma\u0142o rozci\u0105gliwa dlatego pozwala obserwowa\u0107 nawet najdelikatniejsze brania. \u017by\u0142ka wykonana w technologii japo\u0144skiej carbon coated.<\/p>\n<p>&nbsp;<\/p>\n","protected":false},"excerpt":{"rendered":"<p>Specjalistyczna \u017cy\u0142ka najnowszej generacji do metody gruntowo-feederowej. Specjalistyczna budowa i w\u0142a\u015bciwo\u015bci tworz\u0105 j\u0105 niezast\u0105pion\u0105 w po\u0142owach na feeder. Ci\u0119\u017cka, szybko ton\u0105ca, idealnie uk\u0142ada si\u0119 na dnie i niezwykle odporna na przetarcia. \u017by\u0142ka <strong>TEAM FEEDER<\/strong> jest ma\u0142o rozci\u0105gliwa dlatego pozwala obserwowa\u0107 nawet najdelikatniejsze brania. \u017by\u0142ka wykonana w technologii japo\u0144skiej carbon coated.<\/p>\n<p>&nbsp;<\/p>\n","protected":false},"featured_media":1527,"template":"","meta":[],"product_brand":[24],"product_cat":[19,61,60],"product_tag":[],"class_list":{"0":"post-923","1":"product","2":"type-product","3":"status-publish","4":"has-post-thumbnail","6":"product_brand-matchpro","7":"product_cat-grunt","8":"product_cat-zylki-glowne","9":"product_cat-zylki-plecionki","11":"first","12":"instock","13":"shipping-taxable","14":"purchasable","15":"product-type-variable"},"_links":{"self":[{"href":"https:\/\/kotlinafishing.pl\/index.php?rest_route=\/wp\/v2\/product\/923","targetHints":{"allow":["GET"]}}],"collection":[{"href":"https:\/\/kotlinafishing.pl\/index.php?rest_route=\/wp\/v2\/product"}],"about":[{"href":"https:\/\/kotlinafishing.pl\/index.php?rest_route=\/wp\/v2\/types\/product"}],"wp:featuredmedia":[{"embeddable":true,"href":"https:\/\/kotlinafishing.pl\/index.php?rest_route=\/wp\/v2\/media\/1527"}],"wp:attachment":[{"href":"https:\/\/kotlinafishing.pl\/index.php?rest_route=%2Fwp%2Fv2%2Fmedia&parent=923"}],"wp:term":[{"taxonomy":"product_brand","embeddable":true,"href":"https:\/\/kotlinafishing.pl\/index.php?rest_route=%2Fwp%2Fv2%2Fproduct_brand&post=923"},{"taxonomy":"product_cat","embeddable":true,"href":"https:\/\/kotlinafishing.pl\/index.php?rest_route=%2Fwp%2Fv2%2Fproduct_cat&post=923"},{"taxonomy":"product_tag","embeddable":true,"href":"https:\/\/kotlinafishing.pl\/index.php?rest_route=%2Fwp%2Fv2%2Fproduct_tag&post=923"}],"curies":[{"name":"wp","href":"https:\/\/api.w.org\/{rel}","templated":true}]}}