{"id":916,"date":"2025-10-11T08:55:32","date_gmt":"2025-10-11T06:55:32","guid":{"rendered":"http:\/\/kotlinafishing.pl\/?post_type=product&#038;p=916"},"modified":"2026-03-28T09:01:34","modified_gmt":"2026-03-28T08:01:34","slug":"zylka-mikado-sensual-ng-feeder-150m-brazowy","status":"publish","type":"product","link":"https:\/\/kotlinafishing.pl\/?product=zylka-mikado-sensual-ng-feeder-150m-brazowy","title":{"rendered":"\u017by\u0142ka Mikado Sensual NG Feeder 150m (br\u0105zowy)"},"content":{"rendered":"<p><strong>Sensual NG Feeder<\/strong> to \u017cy\u0142ka, kt\u00f3rej cechy doceni\u0105 zar\u00f3wno do\u015bwiadczeni w\u0119dkarze jak i amatorzy wypraw z koszyczkiem zan\u0119towym. Odporno\u015b\u0107 na przetarcia, mi\u0119kko\u015b\u0107 oraz wytrzyma\u0142o\u015bc tej linki sprawi\u0105, \u017ce zda ona na pi\u0105tk\u0119 egzamin w najtrudniejszych warunkach.<\/p>\n","protected":false},"excerpt":{"rendered":"<p><strong>Sensual NG Feeder<\/strong> to \u017cy\u0142ka, kt\u00f3rej cechy doceni\u0105 zar\u00f3wno do\u015bwiadczeni w\u0119dkarze jak i amatorzy wypraw z koszyczkiem zan\u0119towym. Odporno\u015b\u0107 na przetarcia, mi\u0119kko\u015b\u0107 oraz wytrzyma\u0142o\u015bc tej linki sprawi\u0105, \u017ce zda ona na pi\u0105tk\u0119 egzamin w najtrudniejszych warunkach.<\/p>\n","protected":false},"featured_media":961,"template":"","meta":[],"product_brand":[22],"product_cat":[19,61,60],"product_tag":[],"class_list":{"0":"post-916","1":"product","2":"type-product","3":"status-publish","4":"has-post-thumbnail","6":"product_brand-mikado","7":"product_cat-grunt","8":"product_cat-zylki-glowne","9":"product_cat-zylki-plecionki","11":"first","12":"instock","13":"shipping-taxable","14":"purchasable","15":"product-type-variable"},"_links":{"self":[{"href":"https:\/\/kotlinafishing.pl\/index.php?rest_route=\/wp\/v2\/product\/916","targetHints":{"allow":["GET"]}}],"collection":[{"href":"https:\/\/kotlinafishing.pl\/index.php?rest_route=\/wp\/v2\/product"}],"about":[{"href":"https:\/\/kotlinafishing.pl\/index.php?rest_route=\/wp\/v2\/types\/product"}],"wp:featuredmedia":[{"embeddable":true,"href":"https:\/\/kotlinafishing.pl\/index.php?rest_route=\/wp\/v2\/media\/961"}],"wp:attachment":[{"href":"https:\/\/kotlinafishing.pl\/index.php?rest_route=%2Fwp%2Fv2%2Fmedia&parent=916"}],"wp:term":[{"taxonomy":"product_brand","embeddable":true,"href":"https:\/\/kotlinafishing.pl\/index.php?rest_route=%2Fwp%2Fv2%2Fproduct_brand&post=916"},{"taxonomy":"product_cat","embeddable":true,"href":"https:\/\/kotlinafishing.pl\/index.php?rest_route=%2Fwp%2Fv2%2Fproduct_cat&post=916"},{"taxonomy":"product_tag","embeddable":true,"href":"https:\/\/kotlinafishing.pl\/index.php?rest_route=%2Fwp%2Fv2%2Fproduct_tag&post=916"}],"curies":[{"name":"wp","href":"https:\/\/api.w.org\/{rel}","templated":true}]}}