{"id":909,"date":"2025-10-11T08:50:05","date_gmt":"2025-10-11T06:50:05","guid":{"rendered":"http:\/\/kotlinafishing.pl\/?post_type=product&#038;p=909"},"modified":"2026-03-28T09:03:22","modified_gmt":"2026-03-28T08:03:22","slug":"zylka-mikado-dreamline-feeder-150m-zielony","status":"publish","type":"product","link":"https:\/\/kotlinafishing.pl\/?product=zylka-mikado-dreamline-feeder-150m-zielony","title":{"rendered":"\u017by\u0142ka Mikado Dreamline Feeder 150m (zielony)"},"content":{"rendered":"<p><strong>Dream Line Feeder<\/strong> jest \u017cy\u0142k\u0105 opracowan\u0105 pod k\u0105tem wymog\u00f3w jakie stawia nowoczesne w\u0119dkarstwo feederowe. Dzi\u0119ki unikalnej strukturze w\u0142\u00f3kien nylonu uzyskali\u015bmy ton\u0105c\u0105 \u017cy\u0142k\u0119 z segmentu premium, kt\u00f3ra charakteryzuje si\u0119 bardzo du\u017c\u0105 odporno\u015bci\u0105 na przetarcia.<\/p>\n","protected":false},"excerpt":{"rendered":"<p><strong>Dream Line Feeder<\/strong> jest \u017cy\u0142k\u0105 opracowan\u0105 pod k\u0105tem wymog\u00f3w jakie stawia nowoczesne w\u0119dkarstwo feederowe. Dzi\u0119ki unikalnej strukturze w\u0142\u00f3kien nylonu uzyskali\u015bmy ton\u0105c\u0105 \u017cy\u0142k\u0119 z segmentu premium, kt\u00f3ra charakteryzuje si\u0119 bardzo du\u017c\u0105 odporno\u015bci\u0105 na przetarcia.<\/p>\n","protected":false},"featured_media":966,"template":"","meta":[],"product_brand":[22],"product_cat":[19,61,60],"product_tag":[],"class_list":{"0":"post-909","1":"product","2":"type-product","3":"status-publish","4":"has-post-thumbnail","6":"product_brand-mikado","7":"product_cat-grunt","8":"product_cat-zylki-glowne","9":"product_cat-zylki-plecionki","11":"first","12":"instock","13":"shipping-taxable","14":"purchasable","15":"product-type-variable"},"_links":{"self":[{"href":"https:\/\/kotlinafishing.pl\/index.php?rest_route=\/wp\/v2\/product\/909","targetHints":{"allow":["GET"]}}],"collection":[{"href":"https:\/\/kotlinafishing.pl\/index.php?rest_route=\/wp\/v2\/product"}],"about":[{"href":"https:\/\/kotlinafishing.pl\/index.php?rest_route=\/wp\/v2\/types\/product"}],"wp:featuredmedia":[{"embeddable":true,"href":"https:\/\/kotlinafishing.pl\/index.php?rest_route=\/wp\/v2\/media\/966"}],"wp:attachment":[{"href":"https:\/\/kotlinafishing.pl\/index.php?rest_route=%2Fwp%2Fv2%2Fmedia&parent=909"}],"wp:term":[{"taxonomy":"product_brand","embeddable":true,"href":"https:\/\/kotlinafishing.pl\/index.php?rest_route=%2Fwp%2Fv2%2Fproduct_brand&post=909"},{"taxonomy":"product_cat","embeddable":true,"href":"https:\/\/kotlinafishing.pl\/index.php?rest_route=%2Fwp%2Fv2%2Fproduct_cat&post=909"},{"taxonomy":"product_tag","embeddable":true,"href":"https:\/\/kotlinafishing.pl\/index.php?rest_route=%2Fwp%2Fv2%2Fproduct_tag&post=909"}],"curies":[{"name":"wp","href":"https:\/\/api.w.org\/{rel}","templated":true}]}}