{"id":896,"date":"2025-10-11T08:37:40","date_gmt":"2025-10-11T06:37:40","guid":{"rendered":"http:\/\/kotlinafishing.pl\/?post_type=product&#038;p=896"},"modified":"2025-11-02T09:18:24","modified_gmt":"2025-11-02T08:18:24","slug":"zylka-matchpro-team-match-150m-czarny","status":"publish","type":"product","link":"https:\/\/kotlinafishing.pl\/?product=zylka-matchpro-team-match-150m-czarny","title":{"rendered":"\u017by\u0142ka MatchPro Team Match 150m (czarny)"},"content":{"rendered":"<p>Specjalistyczna \u017cy\u0142ka najnowszej generacji do metody odleg\u0142o\u015bciowej. \u017by\u0142ka wykonana w technologii japo\u0144skiej carbon coated. Zaprojektowana i testowana przez najlepszych w\u0119dkarzy sportowych w Europie. Szybko ton\u0105ca, ma\u0142o rozci\u0105gliwa, odporna na uszkodzenia. Pozwala oddawa\u0107 dalsze i celniejsze rzuty ni\u017c dotychczas ! \u017by\u0142ka trzymaj\u0105ca wymiar na ca\u0142ej swej d\u0142ugo\u015bci !<\/p>\n","protected":false},"excerpt":{"rendered":"<p>Specjalistyczna \u017cy\u0142ka najnowszej generacji do metody odleg\u0142o\u015bciowej. \u017by\u0142ka wykonana w technologii japo\u0144skiej carbon coated. Zaprojektowana i testowana przez najlepszych w\u0119dkarzy sportowych w Europie. Szybko ton\u0105ca, ma\u0142o rozci\u0105gliwa, odporna na uszkodzenia. Pozwala oddawa\u0107 dalsze i celniejsze rzuty ni\u017c dotychczas ! \u017by\u0142ka trzymaj\u0105ca wymiar na ca\u0142ej swej d\u0142ugo\u015bci !<\/p>\n","protected":false},"featured_media":1526,"template":"","meta":[],"product_brand":[24],"product_cat":[19,18,180,182,61,60],"product_tag":[],"class_list":{"0":"post-896","1":"product","2":"type-product","3":"status-publish","4":"has-post-thumbnail","6":"product_brand-matchpro","7":"product_cat-grunt","8":"product_cat-splawik","9":"product_cat-zylki-splawik","10":"product_cat-zylki-do-odleglosciowki","11":"product_cat-zylki-glowne","12":"product_cat-zylki-plecionki","14":"first","15":"instock","16":"shipping-taxable","17":"purchasable","18":"product-type-variable"},"_links":{"self":[{"href":"https:\/\/kotlinafishing.pl\/index.php?rest_route=\/wp\/v2\/product\/896","targetHints":{"allow":["GET"]}}],"collection":[{"href":"https:\/\/kotlinafishing.pl\/index.php?rest_route=\/wp\/v2\/product"}],"about":[{"href":"https:\/\/kotlinafishing.pl\/index.php?rest_route=\/wp\/v2\/types\/product"}],"wp:featuredmedia":[{"embeddable":true,"href":"https:\/\/kotlinafishing.pl\/index.php?rest_route=\/wp\/v2\/media\/1526"}],"wp:attachment":[{"href":"https:\/\/kotlinafishing.pl\/index.php?rest_route=%2Fwp%2Fv2%2Fmedia&parent=896"}],"wp:term":[{"taxonomy":"product_brand","embeddable":true,"href":"https:\/\/kotlinafishing.pl\/index.php?rest_route=%2Fwp%2Fv2%2Fproduct_brand&post=896"},{"taxonomy":"product_cat","embeddable":true,"href":"https:\/\/kotlinafishing.pl\/index.php?rest_route=%2Fwp%2Fv2%2Fproduct_cat&post=896"},{"taxonomy":"product_tag","embeddable":true,"href":"https:\/\/kotlinafishing.pl\/index.php?rest_route=%2Fwp%2Fv2%2Fproduct_tag&post=896"}],"curies":[{"name":"wp","href":"https:\/\/api.w.org\/{rel}","templated":true}]}}