{"id":890,"date":"2025-10-11T08:33:56","date_gmt":"2025-10-11T06:33:56","guid":{"rendered":"http:\/\/kotlinafishing.pl\/?post_type=product&#038;p=890"},"modified":"2025-10-11T16:32:01","modified_gmt":"2025-10-11T14:32:01","slug":"zylka-mikado-dreamline-match-150m-czarny","status":"publish","type":"product","link":"https:\/\/kotlinafishing.pl\/?product=zylka-mikado-dreamline-match-150m-czarny","title":{"rendered":"\u017by\u0142ka Mikado Dreamline Match 150m (czarny)"},"content":{"rendered":"<p>\u017by\u0142ka <strong>Dream Line Match<\/strong> bez problemu spe\u0142ni oczekiwania najbardziej wymagaj\u0105cych entuzjast\u00f3w po\u0142owu metod\u0105 angielsk\u0105. Nasza \u017cy\u0142ka charakteryzuje si\u0119 du\u017cym wsp\u00f3\u0142czynnikiem toni\u0119cia, odporno\u015bci\u0105 na przetarcia, brakiem pami\u0119ci oraz niezwyk\u0142\u0105 wytrzyma\u0142o\u015bci\u0105.<\/p>\n","protected":false},"excerpt":{"rendered":"<p>\u017by\u0142ka <strong>Dream Line Match<\/strong> bez problemu spe\u0142ni oczekiwania najbardziej wymagaj\u0105cych entuzjast\u00f3w po\u0142owu metod\u0105 angielsk\u0105. Nasza \u017cy\u0142ka charakteryzuje si\u0119 du\u017cym wsp\u00f3\u0142czynnikiem toni\u0119cia, odporno\u015bci\u0105 na przetarcia, brakiem pami\u0119ci oraz niezwyk\u0142\u0105 wytrzyma\u0142o\u015bci\u0105.<\/p>\n","protected":false},"featured_media":970,"template":"","meta":[],"product_brand":[22],"product_cat":[19,180,182,61,60],"product_tag":[],"class_list":{"0":"post-890","1":"product","2":"type-product","3":"status-publish","4":"has-post-thumbnail","6":"product_brand-mikado","7":"product_cat-grunt","8":"product_cat-zylki-splawik","9":"product_cat-zylki-do-odleglosciowki","10":"product_cat-zylki-glowne","11":"product_cat-zylki-plecionki","13":"first","14":"instock","15":"shipping-taxable","16":"purchasable","17":"product-type-variable"},"_links":{"self":[{"href":"https:\/\/kotlinafishing.pl\/index.php?rest_route=\/wp\/v2\/product\/890","targetHints":{"allow":["GET"]}}],"collection":[{"href":"https:\/\/kotlinafishing.pl\/index.php?rest_route=\/wp\/v2\/product"}],"about":[{"href":"https:\/\/kotlinafishing.pl\/index.php?rest_route=\/wp\/v2\/types\/product"}],"wp:featuredmedia":[{"embeddable":true,"href":"https:\/\/kotlinafishing.pl\/index.php?rest_route=\/wp\/v2\/media\/970"}],"wp:attachment":[{"href":"https:\/\/kotlinafishing.pl\/index.php?rest_route=%2Fwp%2Fv2%2Fmedia&parent=890"}],"wp:term":[{"taxonomy":"product_brand","embeddable":true,"href":"https:\/\/kotlinafishing.pl\/index.php?rest_route=%2Fwp%2Fv2%2Fproduct_brand&post=890"},{"taxonomy":"product_cat","embeddable":true,"href":"https:\/\/kotlinafishing.pl\/index.php?rest_route=%2Fwp%2Fv2%2Fproduct_cat&post=890"},{"taxonomy":"product_tag","embeddable":true,"href":"https:\/\/kotlinafishing.pl\/index.php?rest_route=%2Fwp%2Fv2%2Fproduct_tag&post=890"}],"curies":[{"name":"wp","href":"https:\/\/api.w.org\/{rel}","templated":true}]}}