{"id":885,"date":"2025-10-11T08:29:04","date_gmt":"2025-10-11T06:29:04","guid":{"rendered":"http:\/\/kotlinafishing.pl\/?post_type=product&#038;p=885"},"modified":"2025-11-02T17:00:34","modified_gmt":"2025-11-02T16:00:34","slug":"zylka-trabucco-t-force-xps-match-sinking-150m-czarna","status":"publish","type":"product","link":"https:\/\/kotlinafishing.pl\/?product=zylka-trabucco-t-force-xps-match-sinking-150m-czarna","title":{"rendered":"\u017by\u0142ka Trabucco T-Force XPS Match Sinking 150m (czarna)"},"content":{"rendered":"<p>\u017by\u0142ka <b>Trabucco T-Force XPS Match Sinking<\/b> to wyb\u00f3r profesjonalist\u00f3w i w\u0119dkarzy ceni\u0105cych <b>metod\u0119 odleg\u0142o\u015bciow\u0105 (match)<\/b>.<\/p>\n<p><b>Kluczowe zalety:<\/b><\/p>\n<ul>\n<li><b>Ekstremalne toni\u0119cie:<\/b> Unikalna waga i budowa gwarantuj\u0105, \u017ce \u017cy\u0142ka <b>tonie natychmiast<\/b>, eliminuj\u0105c wp\u0142yw wiatru i pr\u0105du.<\/li>\n<li><b>Wysoka Odporno\u015b\u0107:<\/b> Specjalna pow\u0142oka ceramiczna zapewnia niespotykan\u0105 <b>odporno\u015b\u0107 na przetarcia<\/b>.<\/li>\n<li><b>Zero Pami\u0119ci:<\/b> Ca\u0142kowity brak efektu pami\u0119ci \u2013 \u017cy\u0142ka zawsze pozostaje prosta.<\/li>\n<li><b>Pewne Zaci\u0119cie:<\/b> Kontrolowana rozci\u0105gliwo\u015b\u0107 zapewnia szybkie i pewne zaci\u0119cie nawet na du\u017cym dystansie.<\/li>\n<\/ul>\n<p>Idealna do \u0142owienia z wagglerem i na lekkiego feedera. Postaw na japo\u0144sk\u0105 jako\u015b\u0107 i precyzj\u0119!<\/p>\n","protected":false},"excerpt":{"rendered":"<p>\u017by\u0142ka <b>Trabucco T-Force XPS Match Sinking<\/b> to wyb\u00f3r profesjonalist\u00f3w i w\u0119dkarzy ceni\u0105cych <b>metod\u0119 odleg\u0142o\u015bciow\u0105 (match)<\/b>. Idealna do \u0142owienia z wagglerem i na lekkiego feedera. Postaw na japo\u0144sk\u0105 jako\u015b\u0107 i precyzj\u0119!<\/p>\n","protected":false},"featured_media":1626,"template":"","meta":[],"product_brand":[27],"product_cat":[19,180,182,61,60],"product_tag":[],"class_list":{"0":"post-885","1":"product","2":"type-product","3":"status-publish","4":"has-post-thumbnail","6":"product_brand-trabucco","7":"product_cat-grunt","8":"product_cat-zylki-splawik","9":"product_cat-zylki-do-odleglosciowki","10":"product_cat-zylki-glowne","11":"product_cat-zylki-plecionki","13":"first","14":"instock","15":"shipping-taxable","16":"purchasable","17":"product-type-variable"},"_links":{"self":[{"href":"https:\/\/kotlinafishing.pl\/index.php?rest_route=\/wp\/v2\/product\/885","targetHints":{"allow":["GET"]}}],"collection":[{"href":"https:\/\/kotlinafishing.pl\/index.php?rest_route=\/wp\/v2\/product"}],"about":[{"href":"https:\/\/kotlinafishing.pl\/index.php?rest_route=\/wp\/v2\/types\/product"}],"wp:featuredmedia":[{"embeddable":true,"href":"https:\/\/kotlinafishing.pl\/index.php?rest_route=\/wp\/v2\/media\/1626"}],"wp:attachment":[{"href":"https:\/\/kotlinafishing.pl\/index.php?rest_route=%2Fwp%2Fv2%2Fmedia&parent=885"}],"wp:term":[{"taxonomy":"product_brand","embeddable":true,"href":"https:\/\/kotlinafishing.pl\/index.php?rest_route=%2Fwp%2Fv2%2Fproduct_brand&post=885"},{"taxonomy":"product_cat","embeddable":true,"href":"https:\/\/kotlinafishing.pl\/index.php?rest_route=%2Fwp%2Fv2%2Fproduct_cat&post=885"},{"taxonomy":"product_tag","embeddable":true,"href":"https:\/\/kotlinafishing.pl\/index.php?rest_route=%2Fwp%2Fv2%2Fproduct_tag&post=885"}],"curies":[{"name":"wp","href":"https:\/\/api.w.org\/{rel}","templated":true}]}}