{"id":877,"date":"2025-10-11T07:58:07","date_gmt":"2025-10-11T05:58:07","guid":{"rendered":"http:\/\/kotlinafishing.pl\/?post_type=product&#038;p=877"},"modified":"2025-10-11T18:37:57","modified_gmt":"2025-10-11T16:37:57","slug":"plecionka-delphin-troutera-nx-135m-rozowy","status":"publish","type":"product","link":"https:\/\/kotlinafishing.pl\/?product=plecionka-delphin-troutera-nx-135m-rozowy","title":{"rendered":"Plecionka Delphin Troutera NX 135m (r\u00f3\u017cowy)"},"content":{"rendered":"<p>Delphin <strong>TROUTERA NX<\/strong> to nowa generacja plecionek, stworzonych specjalnie do ultra-lekkiego spinningu i pracy z najmniejszymi przyn\u0119tami. W por\u00f3wnaniu do starszej wersji, plecionka zosta\u0142a spleciona z 4 w\u0142\u00f3kien, co nadaje jej bardziej okr\u0105g\u0142y przekr\u00f3j, ograniczaj\u0105c tarcie w przelotkach i minimalizuj\u0105c ha\u0142as podczas zwijania.<\/p>\n<p>Pomimo ma\u0142ych \u015brednic, plecionka wyr\u00f3\u017cnia si\u0119 ekstremaln\u0105 wytrzyma\u0142o\u015bci\u0105 na w\u0119z\u0142ach, zapewniaj\u0105c maksymaln\u0105 pewno\u015b\u0107 podczas holowania silnych, walecznych ryb. Dzi\u0119ki tym w\u0142a\u015bciwo\u015bciom umo\u017cliwia dalekie i precyzyjne rzuty lekkimi przyn\u0119tami w miejsca, w kt\u00f3rych skrywaj\u0105 si\u0119 nawet najbardziej ostro\u017cne ryby. W po\u0142\u0105czeniu z cienkim fluorocarbonem staje si\u0119 niemal niewidoczna pod powierzchni\u0105 wody.<\/p>\n<p>Minimalna pami\u0119\u0107 i zerowa rozci\u0105gliwo\u015b\u0107 gwarantuj\u0105 najwy\u017cszej klasy czu\u0142o\u015b\u0107 i natychmiastowe przenoszenie ka\u017cdego drgania do szczyt\u00f3wki, dzi\u0119ki czemu nie przegapisz nawet najdelikatniejszego brania. Wysoka odporno\u015b\u0107 na \u015bcieranie znacz\u0105co zwi\u0119ksza \u017cywotno\u015b\u0107 plecionki, a jej g\u0142adka powierzchnia zapewnia maksymaln\u0105 niezawodno\u015b\u0107 nawet przy cz\u0119stym u\u017cytkowaniu.<\/p>\n<p>Delphin <strong>TROUTERA NX<\/strong> to idealny wyb\u00f3r dla wszystkich mi\u0142o\u015bnik\u00f3w ultra-lekkiego spinningu, kt\u00f3rzy szukaj\u0105 plecionki \u0142\u0105cz\u0105cej wysok\u0105 wytrzyma\u0142o\u015b\u0107, maksymaln\u0105 czu\u0142o\u015b\u0107, niezawodno\u015b\u0107 oraz d\u0142ug\u0105 \u017cywotno\u015b\u0107 w przyst\u0119pnej cenie.<\/p>\n","protected":false},"excerpt":{"rendered":"<p>Delphin TROUTERA NX to nowa generacja plecionek, stworzonych specjalnie do ultra-lekkiego spinningu i pracy z najmniejszymi przyn\u0119tami. W por\u00f3wnaniu do starszej wersji, plecionka zosta\u0142a spleciona z 4 w\u0142\u00f3kien, co nadaje jej bardziej okr\u0105g\u0142y przekr\u00f3j, ograniczaj\u0105c tarcie w przelotkach i minimalizuj\u0105c ha\u0142as podczas zwijania.<\/p>\n","protected":false},"featured_media":1020,"template":"","meta":[],"product_brand":[97],"product_cat":[175,21,174],"product_tag":[],"class_list":{"0":"post-877","1":"product","2":"type-product","3":"status-publish","4":"has-post-thumbnail","6":"product_brand-delphin","7":"product_cat-plecionki-zylki-plecionki-fluorocarbon","8":"product_cat-spinning","9":"product_cat-zylki-plecionki-fluorocarbon","11":"first","12":"instock","13":"shipping-taxable","14":"purchasable","15":"product-type-variable"},"_links":{"self":[{"href":"https:\/\/kotlinafishing.pl\/index.php?rest_route=\/wp\/v2\/product\/877","targetHints":{"allow":["GET"]}}],"collection":[{"href":"https:\/\/kotlinafishing.pl\/index.php?rest_route=\/wp\/v2\/product"}],"about":[{"href":"https:\/\/kotlinafishing.pl\/index.php?rest_route=\/wp\/v2\/types\/product"}],"wp:featuredmedia":[{"embeddable":true,"href":"https:\/\/kotlinafishing.pl\/index.php?rest_route=\/wp\/v2\/media\/1020"}],"wp:attachment":[{"href":"https:\/\/kotlinafishing.pl\/index.php?rest_route=%2Fwp%2Fv2%2Fmedia&parent=877"}],"wp:term":[{"taxonomy":"product_brand","embeddable":true,"href":"https:\/\/kotlinafishing.pl\/index.php?rest_route=%2Fwp%2Fv2%2Fproduct_brand&post=877"},{"taxonomy":"product_cat","embeddable":true,"href":"https:\/\/kotlinafishing.pl\/index.php?rest_route=%2Fwp%2Fv2%2Fproduct_cat&post=877"},{"taxonomy":"product_tag","embeddable":true,"href":"https:\/\/kotlinafishing.pl\/index.php?rest_route=%2Fwp%2Fv2%2Fproduct_tag&post=877"}],"curies":[{"name":"wp","href":"https:\/\/api.w.org\/{rel}","templated":true}]}}