{"id":871,"date":"2025-10-11T07:48:26","date_gmt":"2025-10-11T05:48:26","guid":{"rendered":"http:\/\/kotlinafishing.pl\/?post_type=product&#038;p=871"},"modified":"2025-10-11T16:44:35","modified_gmt":"2025-10-11T14:44:35","slug":"zylka-mikado-ultraviolet-methodfeeder-300m","status":"publish","type":"product","link":"https:\/\/kotlinafishing.pl\/?product=zylka-mikado-ultraviolet-methodfeeder-300m","title":{"rendered":"\u017by\u0142ka Mikado Ultraviolet Method&#038;Feeder 300m"},"content":{"rendered":"<div class=\"p-2\">\n<p>Wysokiej klasy \u017cy\u0142ka dedykowana do methody oraz klasycznych odmian feedera. Technologia maskowania 3D, pozwoli\u0142a uzyska\u0107 link\u0119, kt\u00f3ra jest niewidoczna dla ryb, a wysoka wytrzyma\u0142o\u015b\u0107 oraz g\u0142adko\u015b\u0107, umo\u017cliwia rzuty znacznie d\u0142u\u017csze ni\u017c konkurencja.<\/p>\n<\/div>\n<div class=\"p-2\">\n<p><strong>Specyfikacja:<\/strong><br \/>\n&#8211; Maskuj\u0105cy kolor<br \/>\n&#8211; Bardzo wytrzyma\u0142a i odporna na uszkodzenia<br \/>\n&#8211; \u015awietny wyb\u00f3r do Methody, Feedera, b\u0105d\u017a metody sp\u0142awikowej<\/p>\n<\/div>\n","protected":false},"excerpt":{"rendered":"<p>Wysokiej klasy \u017cy\u0142ka dedykowana do methody oraz klasycznych odmian feedera. Technologia maskowania 3D, pozwoli\u0142a uzyska\u0107 link\u0119, kt\u00f3ra jest niewidoczna dla ryb, a wysoka wytrzyma\u0142o\u015b\u0107 oraz g\u0142adko\u015b\u0107, umo\u017cliwia rzuty znacznie d\u0142u\u017csze ni\u017c konkurencja.<\/p>\n","protected":false},"featured_media":981,"template":"","meta":[],"product_brand":[22],"product_cat":[19,61,60],"product_tag":[],"class_list":{"0":"post-871","1":"product","2":"type-product","3":"status-publish","4":"has-post-thumbnail","6":"product_brand-mikado","7":"product_cat-grunt","8":"product_cat-zylki-glowne","9":"product_cat-zylki-plecionki","11":"first","12":"instock","13":"shipping-taxable","14":"purchasable","15":"product-type-variable"},"_links":{"self":[{"href":"https:\/\/kotlinafishing.pl\/index.php?rest_route=\/wp\/v2\/product\/871","targetHints":{"allow":["GET"]}}],"collection":[{"href":"https:\/\/kotlinafishing.pl\/index.php?rest_route=\/wp\/v2\/product"}],"about":[{"href":"https:\/\/kotlinafishing.pl\/index.php?rest_route=\/wp\/v2\/types\/product"}],"wp:featuredmedia":[{"embeddable":true,"href":"https:\/\/kotlinafishing.pl\/index.php?rest_route=\/wp\/v2\/media\/981"}],"wp:attachment":[{"href":"https:\/\/kotlinafishing.pl\/index.php?rest_route=%2Fwp%2Fv2%2Fmedia&parent=871"}],"wp:term":[{"taxonomy":"product_brand","embeddable":true,"href":"https:\/\/kotlinafishing.pl\/index.php?rest_route=%2Fwp%2Fv2%2Fproduct_brand&post=871"},{"taxonomy":"product_cat","embeddable":true,"href":"https:\/\/kotlinafishing.pl\/index.php?rest_route=%2Fwp%2Fv2%2Fproduct_cat&post=871"},{"taxonomy":"product_tag","embeddable":true,"href":"https:\/\/kotlinafishing.pl\/index.php?rest_route=%2Fwp%2Fv2%2Fproduct_tag&post=871"}],"curies":[{"name":"wp","href":"https:\/\/api.w.org\/{rel}","templated":true}]}}