{"id":867,"date":"2025-10-11T07:36:53","date_gmt":"2025-10-11T05:36:53","guid":{"rendered":"http:\/\/kotlinafishing.pl\/?post_type=product&#038;p=867"},"modified":"2026-03-28T10:00:31","modified_gmt":"2026-03-28T09:00:31","slug":"zylka-matchpro-team-carp-500m-czarna","status":"publish","type":"product","link":"https:\/\/kotlinafishing.pl\/?product=zylka-matchpro-team-carp-500m-czarna","title":{"rendered":"\u017by\u0142ka MatchPro Team Carp 500m (czarna)"},"content":{"rendered":"<p>\u017by\u0142ka najnowszej generacji dedykowana do po\u0142owu karpi na \u015brednim i du\u017cym dystansie. Dzi\u0119ki wsp\u00f3\u0142pracy z czo\u0142owymi karpiarzami w Polsce i Czechach uda\u0142o nam si\u0119 stworzy\u0107 \u017cy\u0142k\u0119 doskona\u0142\u0105. <strong>TEAM CARP<\/strong> pokryty jest specjaln\u0105 karbonow\u0105 pow\u0142ok\u0105, kt\u00f3ra powoduje szybkie i r\u00f3wne toni\u0119cie \u017cy\u0142ki oraz zapobiega skr\u0119caniu si\u0119. Znakomity balans pomi\u0119dzy sztywno\u015bci\u0105 a rozci\u0105gliwo\u015bci\u0105 powoduje niezwyk\u0142\u0105 uniwersalno\u015b\u0107 tej \u017cy\u0142ki. <strong>TEAM CARP<\/strong> posiada doskona\u0142e w\u0142a\u015bciwosci rzutowe oraz idealnie uk\u0142ada si\u0119 na dnie co ma znacznie przy po\u0142owach na du\u017cych odleg\u0142o\u015bciach. Specjalny czarny kolor nieodbijaj\u0105cy s\u015bwiat\u0142a dodatkowo maskuje \u017cy\u0142k\u0119 na dnie \u0142owiska. <strong>TEAM CARP<\/strong> ma najwy\u017csze wsp\u00f3\u0142czynniki odporno\u015bci na uszkodzenia oraz promienie UV. <strong>TEAM CARP<\/strong> to \u017cy\u0142ka zaprojektowana przez Karpiarzy dla Karpiarzy!<\/p>\n","protected":false},"excerpt":{"rendered":"<p>\u017by\u0142ka najnowszej generacji dedykowana do po\u0142owu karpi na \u015brednim i du\u017cym dystansie. Dzi\u0119ki wsp\u00f3\u0142pracy z czo\u0142owymi karpiarzami w Polsce i Czechach uda\u0142o nam si\u0119 stworzy\u0107 \u017cy\u0142k\u0119 doskona\u0142\u0105. <strong>TEAM CARP<\/strong> pokryty jest specjaln\u0105 karbonow\u0105 pow\u0142ok\u0105, kt\u00f3ra powoduje szybkie i r\u00f3wne toni\u0119cie \u017cy\u0142ki oraz zapobiega skr\u0119caniu si\u0119. Znakomity balans pomi\u0119dzy sztywno\u015bci\u0105 a rozci\u0105gliwo\u015bci\u0105 powoduje niezwyk\u0142\u0105 uniwersalno\u015b\u0107 tej \u017cy\u0142ki. <strong>TEAM CARP<\/strong> posiada doskona\u0142e w\u0142a\u015bciwosci rzutowe oraz idealnie uk\u0142ada si\u0119 na dnie co ma znacznie przy po\u0142owach na du\u017cych odleg\u0142o\u015bciach. Specjalny czarny kolor nieodbijaj\u0105cy s\u015bwiat\u0142a dodatkowo maskuje \u017cy\u0142k\u0119 na dnie \u0142owiska. <strong>TEAM CARP<\/strong> ma najwy\u017csze wsp\u00f3\u0142czynniki odporno\u015bci na uszkodzenia oraz promienie UV. <strong>TEAM CARP<\/strong> to \u017cy\u0142ka zaprojektowana przez Karpiarzy dla Karpiarzy!<\/p>\n","protected":false},"featured_media":1525,"template":"","meta":[],"product_brand":[24],"product_cat":[19,20,61,176,60,179],"product_tag":[],"class_list":{"0":"post-867","1":"product","2":"type-product","3":"status-publish","4":"has-post-thumbnail","6":"product_brand-matchpro","7":"product_cat-grunt","8":"product_cat-karp","9":"product_cat-zylki-glowne","10":"product_cat-zylki","11":"product_cat-zylki-plecionki","12":"product_cat-zylki-plecionki-linki","14":"first","15":"instock","16":"shipping-taxable","17":"purchasable","18":"product-type-variable"},"_links":{"self":[{"href":"https:\/\/kotlinafishing.pl\/index.php?rest_route=\/wp\/v2\/product\/867","targetHints":{"allow":["GET"]}}],"collection":[{"href":"https:\/\/kotlinafishing.pl\/index.php?rest_route=\/wp\/v2\/product"}],"about":[{"href":"https:\/\/kotlinafishing.pl\/index.php?rest_route=\/wp\/v2\/types\/product"}],"wp:featuredmedia":[{"embeddable":true,"href":"https:\/\/kotlinafishing.pl\/index.php?rest_route=\/wp\/v2\/media\/1525"}],"wp:attachment":[{"href":"https:\/\/kotlinafishing.pl\/index.php?rest_route=%2Fwp%2Fv2%2Fmedia&parent=867"}],"wp:term":[{"taxonomy":"product_brand","embeddable":true,"href":"https:\/\/kotlinafishing.pl\/index.php?rest_route=%2Fwp%2Fv2%2Fproduct_brand&post=867"},{"taxonomy":"product_cat","embeddable":true,"href":"https:\/\/kotlinafishing.pl\/index.php?rest_route=%2Fwp%2Fv2%2Fproduct_cat&post=867"},{"taxonomy":"product_tag","embeddable":true,"href":"https:\/\/kotlinafishing.pl\/index.php?rest_route=%2Fwp%2Fv2%2Fproduct_tag&post=867"}],"curies":[{"name":"wp","href":"https:\/\/api.w.org\/{rel}","templated":true}]}}