{"id":857,"date":"2025-10-11T07:00:18","date_gmt":"2025-10-11T05:00:18","guid":{"rendered":"http:\/\/kotlinafishing.pl\/?post_type=product&#038;p=857"},"modified":"2025-11-02T09:17:09","modified_gmt":"2025-11-02T08:17:09","slug":"plecionka-matchpro-4x-team-soft-braid-zielona","status":"publish","type":"product","link":"https:\/\/kotlinafishing.pl\/?product=plecionka-matchpro-4x-team-soft-braid-zielona","title":{"rendered":"Plecionka MatchPro 4X Team Soft Braid 150m (zielona)"},"content":{"rendered":"<p>Bardzo dobrej jako\u015bci uniwersalna plecionka w\u0119dkarska. Z powodzeniem mo\u017ce by\u0107 stosowana do metody spinningowej jak i gruntowej. Jest odpowiednio mi\u0119kka i cicha. Bardzo mocna na ca\u0142ej d\u0142ugo\u015bci. Rewelacyjny produkt w rozs\u0105dnej cenie dla ka\u017cdego!<\/p>\n","protected":false},"excerpt":{"rendered":"<p>Bardzo dobrej jako\u015bci uniwersalna plecionka w\u0119dkarska. Z powodzeniem mo\u017ce by\u0107 stosowana do metody spinningowej jak i gruntowej. Jest odpowiednio mi\u0119kka i cicha. Bardzo mocna na ca\u0142ej d\u0142ugo\u015bci. Rewelacyjny produkt w rozs\u0105dnej cenie dla ka\u017cdego!<\/p>\n","protected":false},"featured_media":1524,"template":"","meta":[],"product_brand":[24],"product_cat":[63,175,19,21,60,174],"product_tag":[],"class_list":{"0":"post-857","1":"product","2":"type-product","3":"status-publish","4":"has-post-thumbnail","6":"product_brand-matchpro","7":"product_cat-plecionki","8":"product_cat-plecionki-zylki-plecionki-fluorocarbon","9":"product_cat-grunt","10":"product_cat-spinning","11":"product_cat-zylki-plecionki","12":"product_cat-zylki-plecionki-fluorocarbon","14":"first","15":"instock","16":"shipping-taxable","17":"purchasable","18":"product-type-variable"},"_links":{"self":[{"href":"https:\/\/kotlinafishing.pl\/index.php?rest_route=\/wp\/v2\/product\/857","targetHints":{"allow":["GET"]}}],"collection":[{"href":"https:\/\/kotlinafishing.pl\/index.php?rest_route=\/wp\/v2\/product"}],"about":[{"href":"https:\/\/kotlinafishing.pl\/index.php?rest_route=\/wp\/v2\/types\/product"}],"wp:featuredmedia":[{"embeddable":true,"href":"https:\/\/kotlinafishing.pl\/index.php?rest_route=\/wp\/v2\/media\/1524"}],"wp:attachment":[{"href":"https:\/\/kotlinafishing.pl\/index.php?rest_route=%2Fwp%2Fv2%2Fmedia&parent=857"}],"wp:term":[{"taxonomy":"product_brand","embeddable":true,"href":"https:\/\/kotlinafishing.pl\/index.php?rest_route=%2Fwp%2Fv2%2Fproduct_brand&post=857"},{"taxonomy":"product_cat","embeddable":true,"href":"https:\/\/kotlinafishing.pl\/index.php?rest_route=%2Fwp%2Fv2%2Fproduct_cat&post=857"},{"taxonomy":"product_tag","embeddable":true,"href":"https:\/\/kotlinafishing.pl\/index.php?rest_route=%2Fwp%2Fv2%2Fproduct_tag&post=857"}],"curies":[{"name":"wp","href":"https:\/\/api.w.org\/{rel}","templated":true}]}}