{"id":852,"date":"2025-10-10T16:58:02","date_gmt":"2025-10-10T14:58:02","guid":{"rendered":"http:\/\/kotlinafishing.pl\/?post_type=product&#038;p=852"},"modified":"2026-01-29T15:15:40","modified_gmt":"2026-01-29T14:15:40","slug":"plecionka-delphin-boxer-4-fluo-zolta","status":"publish","type":"product","link":"https:\/\/kotlinafishing.pl\/?product=plecionka-delphin-boxer-4-fluo-zolta","title":{"rendered":"Plecionka Delphin Boxer 4 (fluo \u017c\u00f3\u0142ta)"},"content":{"rendered":"<p>Mocna plecionka na suma, kt\u00f3ra jest dost\u0119pna w cenie \u017cy\u0142ek! Do produkcji zastosowano mikrow\u0142\u00f3kna PE o wysokiej g\u0119sto\u015bci splotu, kt\u00f3re reprezentuj\u0105 do 3 razy wy\u017csz\u0105 rzeczywist\u0105 wytrzyma\u0142o\u015b\u0107 ni\u017c \u017cy\u0142ki o tej samej \u015brednicy. Ze wzgl\u0119du na por\u00f3wnywaln\u0105 cen\u0119 z \u017cy\u0142kami, <strong>Delphin BOXER<\/strong> jest doskona\u0142ym wyborem.<\/p>\n<p>&nbsp;<\/p>\n<p><strong>MM\/LBS: <\/strong><\/p>\n<p>0.40mm 30.10kg,<\/p>\n<p>0.50mm 41.70kg,<\/p>\n<p>0.60mm 52.60kg,<\/p>\n<p>0.70mm 62.80kg<\/p>\n","protected":false},"excerpt":{"rendered":"<p>Mocna plecionka na suma, kt\u00f3ra jest dost\u0119pna w cenie \u017cy\u0142ek! Do produkcji zastosowano mikrow\u0142\u00f3kna PE o wysokiej g\u0119sto\u015bci splotu, kt\u00f3re reprezentuj\u0105 do 3 razy wy\u017csz\u0105 rzeczywist\u0105 wytrzyma\u0142o\u015b\u0107 ni\u017c \u017cy\u0142ki o tej samej \u015brednicy. Ze wzgl\u0119du na por\u00f3wnywaln\u0105 cen\u0119 z \u017cy\u0142kami, <strong>Delphin BOXER<\/strong> jest doskona\u0142ym wyborem.<\/p>\n","protected":false},"featured_media":1021,"template":"","meta":[],"product_brand":[97],"product_cat":[171,172,170],"product_tag":[],"class_list":{"0":"post-852","1":"product","2":"type-product","3":"status-publish","4":"has-post-thumbnail","6":"product_brand-delphin","7":"product_cat-plecionki-sumowe","8":"product_cat-plecionki-sumowe-plecionki-sumowe","9":"product_cat-wedkarstwo-sumowe","11":"first","12":"instock","13":"shipping-taxable","14":"purchasable","15":"product-type-variable"},"_links":{"self":[{"href":"https:\/\/kotlinafishing.pl\/index.php?rest_route=\/wp\/v2\/product\/852","targetHints":{"allow":["GET"]}}],"collection":[{"href":"https:\/\/kotlinafishing.pl\/index.php?rest_route=\/wp\/v2\/product"}],"about":[{"href":"https:\/\/kotlinafishing.pl\/index.php?rest_route=\/wp\/v2\/types\/product"}],"wp:featuredmedia":[{"embeddable":true,"href":"https:\/\/kotlinafishing.pl\/index.php?rest_route=\/wp\/v2\/media\/1021"}],"wp:attachment":[{"href":"https:\/\/kotlinafishing.pl\/index.php?rest_route=%2Fwp%2Fv2%2Fmedia&parent=852"}],"wp:term":[{"taxonomy":"product_brand","embeddable":true,"href":"https:\/\/kotlinafishing.pl\/index.php?rest_route=%2Fwp%2Fv2%2Fproduct_brand&post=852"},{"taxonomy":"product_cat","embeddable":true,"href":"https:\/\/kotlinafishing.pl\/index.php?rest_route=%2Fwp%2Fv2%2Fproduct_cat&post=852"},{"taxonomy":"product_tag","embeddable":true,"href":"https:\/\/kotlinafishing.pl\/index.php?rest_route=%2Fwp%2Fv2%2Fproduct_tag&post=852"}],"curies":[{"name":"wp","href":"https:\/\/api.w.org\/{rel}","templated":true}]}}