{"id":725,"date":"2025-10-08T16:48:40","date_gmt":"2025-10-08T14:48:40","guid":{"rendered":"http:\/\/kotlinafishing.pl\/?post_type=product&#038;p=725"},"modified":"2025-10-08T19:42:50","modified_gmt":"2025-10-08T17:42:50","slug":"haczyki-mikado-jaws-drop-shot-z-zadziorem","status":"publish","type":"product","link":"https:\/\/kotlinafishing.pl\/?product=haczyki-mikado-jaws-drop-shot-z-zadziorem","title":{"rendered":"Haczyki Mikado Jaws Drop Shot (z zadziorem)"},"content":{"rendered":"<p>Zawodniczy hak przeznaczony do \u0142owienia metod\u0105 Drop Shot. Posiada wbudowany kr\u0119tlik, kt\u00f3ry u\u0142atwia zawi\u0105zanie zestawu oraz gwarantuje utrzymanie przyn\u0119ty w odpowiedniej pozycji.<\/p>\n","protected":false},"excerpt":{"rendered":"<p>Zawodniczy hak przeznaczony do \u0142owienia metod\u0105 Drop Shot. Posiada wbudowany kr\u0119tlik, kt\u00f3ry u\u0142atwia zawi\u0105zanie zestawu oraz gwarantuje utrzymanie przyn\u0119ty w odpowiedniej pozycji.<\/p>\n<p>Pakowane po 5 szt.<\/p>\n","protected":false},"featured_media":806,"template":"","meta":[],"product_brand":[22],"product_cat":[165,167,21],"product_tag":[],"class_list":{"0":"post-725","1":"product","2":"type-product","3":"status-publish","4":"has-post-thumbnail","6":"product_brand-mikado","7":"product_cat-glowki-jigowe-haczyki-kotwiczki-dozbrojki","8":"product_cat-haczyki-spinningowe","9":"product_cat-spinning","11":"first","12":"instock","13":"shipping-taxable","14":"purchasable","15":"product-type-variable"},"_links":{"self":[{"href":"https:\/\/kotlinafishing.pl\/index.php?rest_route=\/wp\/v2\/product\/725","targetHints":{"allow":["GET"]}}],"collection":[{"href":"https:\/\/kotlinafishing.pl\/index.php?rest_route=\/wp\/v2\/product"}],"about":[{"href":"https:\/\/kotlinafishing.pl\/index.php?rest_route=\/wp\/v2\/types\/product"}],"wp:featuredmedia":[{"embeddable":true,"href":"https:\/\/kotlinafishing.pl\/index.php?rest_route=\/wp\/v2\/media\/806"}],"wp:attachment":[{"href":"https:\/\/kotlinafishing.pl\/index.php?rest_route=%2Fwp%2Fv2%2Fmedia&parent=725"}],"wp:term":[{"taxonomy":"product_brand","embeddable":true,"href":"https:\/\/kotlinafishing.pl\/index.php?rest_route=%2Fwp%2Fv2%2Fproduct_brand&post=725"},{"taxonomy":"product_cat","embeddable":true,"href":"https:\/\/kotlinafishing.pl\/index.php?rest_route=%2Fwp%2Fv2%2Fproduct_cat&post=725"},{"taxonomy":"product_tag","embeddable":true,"href":"https:\/\/kotlinafishing.pl\/index.php?rest_route=%2Fwp%2Fv2%2Fproduct_tag&post=725"}],"curies":[{"name":"wp","href":"https:\/\/api.w.org\/{rel}","templated":true}]}}