{"id":719,"date":"2025-10-08T16:46:01","date_gmt":"2025-10-08T14:46:01","guid":{"rendered":"http:\/\/kotlinafishing.pl\/?post_type=product&#038;p=719"},"modified":"2025-10-08T19:44:16","modified_gmt":"2025-10-08T17:44:16","slug":"haczyki-mikado-sensual-cheburashka-slim-z-zadziorem","status":"publish","type":"product","link":"https:\/\/kotlinafishing.pl\/?product=haczyki-mikado-sensual-cheburashka-slim-z-zadziorem","title":{"rendered":"Haczyki Mikado Sensual Cheburashka Slim (z zadziorem)"},"content":{"rendered":"<p>Specjalistyczny hak o zw\u0119\u017conym \u0142uku kolankowym. Przeznaczony do zbrojenia delikatnych, mi\u0119kkich przyn\u0119t np. popularnych jask\u00f3\u0142ek. Powi\u0119kszone oczko pozwala na wygodne u\u017cycie wraz z doci\u0105\u017ceniem w postaci cheburashki.<\/p>\n<p>&nbsp;<\/p>\n<p>Pakowane po:<\/p>\n<p>5\/0 &#8211; 6 szt.<\/p>\n<p>4\/0 &#8211; 7 szt.<\/p>\n<p>3\/0 &#8211; 8 szt.<\/p>\n<p>1 &#8211; 10 szt.<\/p>\n<p>2 &#8211; 10 szt.<\/p>\n","protected":false},"excerpt":{"rendered":"<p>Specjalistyczny hak o zw\u0119\u017conym \u0142uku kolankowym. Przeznaczony do zbrojenia delikatnych, mi\u0119kkich przyn\u0119t np. popularnych jask\u00f3\u0142ek. Powi\u0119kszone oczko pozwala na wygodne u\u017cycie wraz z doci\u0105\u017ceniem w postaci cheburashki.<\/p>\n<p>&nbsp;<\/p>\n","protected":false},"featured_media":807,"template":"","meta":[],"product_brand":[22],"product_cat":[165,167,21],"product_tag":[],"class_list":{"0":"post-719","1":"product","2":"type-product","3":"status-publish","4":"has-post-thumbnail","6":"product_brand-mikado","7":"product_cat-glowki-jigowe-haczyki-kotwiczki-dozbrojki","8":"product_cat-haczyki-spinningowe","9":"product_cat-spinning","11":"first","12":"instock","13":"shipping-taxable","14":"purchasable","15":"product-type-variable"},"_links":{"self":[{"href":"https:\/\/kotlinafishing.pl\/index.php?rest_route=\/wp\/v2\/product\/719","targetHints":{"allow":["GET"]}}],"collection":[{"href":"https:\/\/kotlinafishing.pl\/index.php?rest_route=\/wp\/v2\/product"}],"about":[{"href":"https:\/\/kotlinafishing.pl\/index.php?rest_route=\/wp\/v2\/types\/product"}],"wp:featuredmedia":[{"embeddable":true,"href":"https:\/\/kotlinafishing.pl\/index.php?rest_route=\/wp\/v2\/media\/807"}],"wp:attachment":[{"href":"https:\/\/kotlinafishing.pl\/index.php?rest_route=%2Fwp%2Fv2%2Fmedia&parent=719"}],"wp:term":[{"taxonomy":"product_brand","embeddable":true,"href":"https:\/\/kotlinafishing.pl\/index.php?rest_route=%2Fwp%2Fv2%2Fproduct_brand&post=719"},{"taxonomy":"product_cat","embeddable":true,"href":"https:\/\/kotlinafishing.pl\/index.php?rest_route=%2Fwp%2Fv2%2Fproduct_cat&post=719"},{"taxonomy":"product_tag","embeddable":true,"href":"https:\/\/kotlinafishing.pl\/index.php?rest_route=%2Fwp%2Fv2%2Fproduct_tag&post=719"}],"curies":[{"name":"wp","href":"https:\/\/api.w.org\/{rel}","templated":true}]}}