{"id":704,"date":"2025-10-08T16:31:20","date_gmt":"2025-10-08T14:31:20","guid":{"rendered":"http:\/\/kotlinafishing.pl\/?post_type=product&#038;p=704"},"modified":"2025-10-08T19:47:36","modified_gmt":"2025-10-08T17:47:36","slug":"haczyki-mikado-sensual-iseama-z-zadziorem","status":"publish","type":"product","link":"https:\/\/kotlinafishing.pl\/?product=haczyki-mikado-sensual-iseama-z-zadziorem","title":{"rendered":"Haczyki Mikado Sensual Iseama (z zadziorem)"},"content":{"rendered":"<p>Charakterystyczny, kuty haczyk z \u0142opatk\u0105 o szerokim \u0142uku kolankowym i kr\u00f3tkim trzonku. Wyj\u0105tkowo mocny, polecany na du\u017ce karpie i amury.<\/p>\n<p>&nbsp;<\/p>\n","protected":false},"excerpt":{"rendered":"<p>Charakterystyczny, kuty haczyk z \u0142opatk\u0105 o szerokim \u0142uku kolankowym i kr\u00f3tkim trzonku. Wyj\u0105tkowo mocny, polecany na du\u017ce karpie i amury.<\/p>\n<p>Pakowane po 10 szt.<\/p>\n","protected":false},"featured_media":812,"template":"","meta":[],"product_brand":[22],"product_cat":[159,19,18],"product_tag":[],"class_list":{"0":"post-704","1":"product","2":"type-product","3":"status-publish","4":"has-post-thumbnail","6":"product_brand-mikado","7":"product_cat-haczyki-splawik","8":"product_cat-grunt","9":"product_cat-splawik","11":"first","12":"instock","13":"shipping-taxable","14":"purchasable","15":"product-type-variable"},"_links":{"self":[{"href":"https:\/\/kotlinafishing.pl\/index.php?rest_route=\/wp\/v2\/product\/704","targetHints":{"allow":["GET"]}}],"collection":[{"href":"https:\/\/kotlinafishing.pl\/index.php?rest_route=\/wp\/v2\/product"}],"about":[{"href":"https:\/\/kotlinafishing.pl\/index.php?rest_route=\/wp\/v2\/types\/product"}],"wp:featuredmedia":[{"embeddable":true,"href":"https:\/\/kotlinafishing.pl\/index.php?rest_route=\/wp\/v2\/media\/812"}],"wp:attachment":[{"href":"https:\/\/kotlinafishing.pl\/index.php?rest_route=%2Fwp%2Fv2%2Fmedia&parent=704"}],"wp:term":[{"taxonomy":"product_brand","embeddable":true,"href":"https:\/\/kotlinafishing.pl\/index.php?rest_route=%2Fwp%2Fv2%2Fproduct_brand&post=704"},{"taxonomy":"product_cat","embeddable":true,"href":"https:\/\/kotlinafishing.pl\/index.php?rest_route=%2Fwp%2Fv2%2Fproduct_cat&post=704"},{"taxonomy":"product_tag","embeddable":true,"href":"https:\/\/kotlinafishing.pl\/index.php?rest_route=%2Fwp%2Fv2%2Fproduct_tag&post=704"}],"curies":[{"name":"wp","href":"https:\/\/api.w.org\/{rel}","templated":true}]}}