{"id":696,"date":"2025-10-08T16:26:25","date_gmt":"2025-10-08T14:26:25","guid":{"rendered":"http:\/\/kotlinafishing.pl\/?post_type=product&#038;p=696"},"modified":"2025-10-08T19:49:09","modified_gmt":"2025-10-08T17:49:09","slug":"haczyki-mikado-sensual-chinu-douski-w-ring-z-zadziorem","status":"publish","type":"product","link":"https:\/\/kotlinafishing.pl\/?product=haczyki-mikado-sensual-chinu-douski-w-ring-z-zadziorem","title":{"rendered":"Haczyki Mikado Sensual Chinu Douski W\/Ring (z zadziorem)"},"content":{"rendered":"<p>Wersja haczyka Chinu ze sp\u0142aszczonym \u0142ukiem kolankowym i oczkiem. Idealnie nadaje si\u0119 do konstrukcji zestaw\u00f3w feederowych. Dzi\u0119ki sp\u0142aszczonemu \u0142ukowi kolankowemu, hak jest du\u017co bardziej odporny na wyprostowanie.<\/p>\n<p>&nbsp;<\/p>\n","protected":false},"excerpt":{"rendered":"<p>Wersja haczyka Chinu ze sp\u0142aszczonym \u0142ukiem kolankowym i oczkiem. Idealnie nadaje si\u0119 do konstrukcji zestaw\u00f3w feederowych. Dzi\u0119ki sp\u0142aszczonemu \u0142ukowi kolankowemu, hak jest du\u017co bardziej odporny na wyprostowanie.<\/p>\n<p>Pakowane po 10 szt.<\/p>\n","protected":false},"featured_media":815,"template":"","meta":[],"product_brand":[22],"product_cat":[159,19,18],"product_tag":[],"class_list":{"0":"post-696","1":"product","2":"type-product","3":"status-publish","4":"has-post-thumbnail","6":"product_brand-mikado","7":"product_cat-haczyki-splawik","8":"product_cat-grunt","9":"product_cat-splawik","11":"first","12":"instock","13":"shipping-taxable","14":"purchasable","15":"product-type-variable"},"_links":{"self":[{"href":"https:\/\/kotlinafishing.pl\/index.php?rest_route=\/wp\/v2\/product\/696","targetHints":{"allow":["GET"]}}],"collection":[{"href":"https:\/\/kotlinafishing.pl\/index.php?rest_route=\/wp\/v2\/product"}],"about":[{"href":"https:\/\/kotlinafishing.pl\/index.php?rest_route=\/wp\/v2\/types\/product"}],"wp:featuredmedia":[{"embeddable":true,"href":"https:\/\/kotlinafishing.pl\/index.php?rest_route=\/wp\/v2\/media\/815"}],"wp:attachment":[{"href":"https:\/\/kotlinafishing.pl\/index.php?rest_route=%2Fwp%2Fv2%2Fmedia&parent=696"}],"wp:term":[{"taxonomy":"product_brand","embeddable":true,"href":"https:\/\/kotlinafishing.pl\/index.php?rest_route=%2Fwp%2Fv2%2Fproduct_brand&post=696"},{"taxonomy":"product_cat","embeddable":true,"href":"https:\/\/kotlinafishing.pl\/index.php?rest_route=%2Fwp%2Fv2%2Fproduct_cat&post=696"},{"taxonomy":"product_tag","embeddable":true,"href":"https:\/\/kotlinafishing.pl\/index.php?rest_route=%2Fwp%2Fv2%2Fproduct_tag&post=696"}],"curies":[{"name":"wp","href":"https:\/\/api.w.org\/{rel}","templated":true}]}}