{"id":691,"date":"2025-10-08T16:22:29","date_gmt":"2025-10-08T14:22:29","guid":{"rendered":"http:\/\/kotlinafishing.pl\/?post_type=product&#038;p=691"},"modified":"2025-10-08T19:51:20","modified_gmt":"2025-10-08T17:51:20","slug":"haczyki-mikado-sensual-keiryu-zlote-z-zadziorem","status":"publish","type":"product","link":"https:\/\/kotlinafishing.pl\/?product=haczyki-mikado-sensual-keiryu-zlote-z-zadziorem","title":{"rendered":"Haczyki Mikado Sensual Keiryu z\u0142ote (z zadziorem)"},"content":{"rendered":"<p>Haczyk z \u0142opatk\u0105 polecany do po\u0142owu na typow\u0105 \u201ekanapk\u0119\u201d \u2013 robaki z kukurydz\u0105.<\/p>\n","protected":false},"excerpt":{"rendered":"<p>Haczyk z \u0142opatk\u0105 polecany do po\u0142owu na typow\u0105 \u201ekanapk\u0119\u201d \u2013 robaki z kukurydz\u0105.<\/p>\n","protected":false},"featured_media":818,"template":"","meta":[],"product_brand":[22],"product_cat":[159,160,19,18],"product_tag":[],"class_list":{"0":"post-691","1":"product","2":"type-product","3":"status-publish","4":"has-post-thumbnail","6":"product_brand-mikado","7":"product_cat-haczyki-splawik","8":"product_cat-haczyki-grunt","9":"product_cat-grunt","10":"product_cat-splawik","12":"first","13":"instock","14":"shipping-taxable","15":"purchasable","16":"product-type-variable"},"_links":{"self":[{"href":"https:\/\/kotlinafishing.pl\/index.php?rest_route=\/wp\/v2\/product\/691","targetHints":{"allow":["GET"]}}],"collection":[{"href":"https:\/\/kotlinafishing.pl\/index.php?rest_route=\/wp\/v2\/product"}],"about":[{"href":"https:\/\/kotlinafishing.pl\/index.php?rest_route=\/wp\/v2\/types\/product"}],"wp:featuredmedia":[{"embeddable":true,"href":"https:\/\/kotlinafishing.pl\/index.php?rest_route=\/wp\/v2\/media\/818"}],"wp:attachment":[{"href":"https:\/\/kotlinafishing.pl\/index.php?rest_route=%2Fwp%2Fv2%2Fmedia&parent=691"}],"wp:term":[{"taxonomy":"product_brand","embeddable":true,"href":"https:\/\/kotlinafishing.pl\/index.php?rest_route=%2Fwp%2Fv2%2Fproduct_brand&post=691"},{"taxonomy":"product_cat","embeddable":true,"href":"https:\/\/kotlinafishing.pl\/index.php?rest_route=%2Fwp%2Fv2%2Fproduct_cat&post=691"},{"taxonomy":"product_tag","embeddable":true,"href":"https:\/\/kotlinafishing.pl\/index.php?rest_route=%2Fwp%2Fv2%2Fproduct_tag&post=691"}],"curies":[{"name":"wp","href":"https:\/\/api.w.org\/{rel}","templated":true}]}}