{"id":670,"date":"2025-10-07T16:43:11","date_gmt":"2025-10-07T14:43:11","guid":{"rendered":"http:\/\/kotlinafishing.pl\/?post_type=product&#038;p=670"},"modified":"2026-02-20T18:54:54","modified_gmt":"2026-02-20T17:54:54","slug":"haczyki-drennan-fine-red-z-zadziorem","status":"publish","type":"product","link":"https:\/\/kotlinafishing.pl\/?product=haczyki-drennan-fine-red-z-zadziorem","title":{"rendered":"Haczyki Drennan Fine Red (z zadziorem)"},"content":{"rendered":"<p>Model z \u0142opatk\u0105\u00a0wykonany ze stali wysokow\u0119glowej.<\/p>\n<p>Ten czerwony haczyk z cienkiego drutu jest idealny do r\u00f3\u017cnorodnych ma\u0142ych przyn\u0119t.<\/p>\n<p>Pakowane po 10szt.<\/p>\n","protected":false},"excerpt":{"rendered":"<p>Model z \u0142opatk\u0105\u00a0wykonany ze stali wysokow\u0119glowej.<\/p>\n<p>Ten czerwony haczyk z cienkiego drutu jest idealny do r\u00f3\u017cnorodnych ma\u0142ych przyn\u0119t.<\/p>\n<p>Pakowane po 10szt.<\/p>\n","protected":false},"featured_media":2936,"template":"","meta":[],"product_brand":[31],"product_cat":[159,160,19,18],"product_tag":[],"class_list":{"0":"post-670","1":"product","2":"type-product","3":"status-publish","4":"has-post-thumbnail","6":"product_brand-drennan","7":"product_cat-haczyki-splawik","8":"product_cat-haczyki-grunt","9":"product_cat-grunt","10":"product_cat-splawik","12":"first","13":"instock","14":"shipping-taxable","15":"purchasable","16":"product-type-variable"},"_links":{"self":[{"href":"https:\/\/kotlinafishing.pl\/index.php?rest_route=\/wp\/v2\/product\/670","targetHints":{"allow":["GET"]}}],"collection":[{"href":"https:\/\/kotlinafishing.pl\/index.php?rest_route=\/wp\/v2\/product"}],"about":[{"href":"https:\/\/kotlinafishing.pl\/index.php?rest_route=\/wp\/v2\/types\/product"}],"wp:featuredmedia":[{"embeddable":true,"href":"https:\/\/kotlinafishing.pl\/index.php?rest_route=\/wp\/v2\/media\/2936"}],"wp:attachment":[{"href":"https:\/\/kotlinafishing.pl\/index.php?rest_route=%2Fwp%2Fv2%2Fmedia&parent=670"}],"wp:term":[{"taxonomy":"product_brand","embeddable":true,"href":"https:\/\/kotlinafishing.pl\/index.php?rest_route=%2Fwp%2Fv2%2Fproduct_brand&post=670"},{"taxonomy":"product_cat","embeddable":true,"href":"https:\/\/kotlinafishing.pl\/index.php?rest_route=%2Fwp%2Fv2%2Fproduct_cat&post=670"},{"taxonomy":"product_tag","embeddable":true,"href":"https:\/\/kotlinafishing.pl\/index.php?rest_route=%2Fwp%2Fv2%2Fproduct_tag&post=670"}],"curies":[{"name":"wp","href":"https:\/\/api.w.org\/{rel}","templated":true}]}}