{"id":660,"date":"2025-10-07T15:51:09","date_gmt":"2025-10-07T13:51:09","guid":{"rendered":"http:\/\/kotlinafishing.pl\/?post_type=product&#038;p=660"},"modified":"2026-03-15T21:05:37","modified_gmt":"2026-03-15T20:05:37","slug":"haczyki-drennan-carbon-match-z-zadziorem","status":"publish","type":"product","link":"https:\/\/kotlinafishing.pl\/?product=haczyki-drennan-carbon-match-z-zadziorem","title":{"rendered":"Haczyki Drennan Carbon Match (z zadziorem)"},"content":{"rendered":"<p><span class=\"citation-53\">Haczyki <\/span><span class=\"citation-53\">Carbon Match<\/span><span class=\"citation-53\"> to model z <\/span><span class=\"citation-53\">mikrozadziorem<\/span><span class=\"citation-53 citation-end-53\">, przeznaczony do \u0142owienia na rzekach, kana\u0142ach i wodach stoj\u0105cych.<\/span><\/p>\n<div class=\"source-inline-chip-container ng-star-inserted\"><\/div>\n<p><span class=\"citation-52\">To <\/span><span class=\"citation-52\">wszechstronny, lekki haczyk<\/span><span class=\"citation-52\"> o <\/span><span class=\"citation-52\">mocnym, kutym kszta\u0142cie<\/span><span class=\"citation-52\">\u00a0i <\/span><span class=\"citation-52\">d\u0142ugim, lekko odgi\u0119tym ostrzu.<\/span><\/p>\n","protected":false},"excerpt":{"rendered":"<p><span class=\"citation-53\">Haczyki <\/span><span class=\"citation-53\">Carbon Match<\/span><span class=\"citation-53\"> to model z <\/span><span class=\"citation-53\">mikrozadziorem<\/span><span class=\"citation-53 citation-end-53\">, przeznaczony do \u0142owienia na rzekach, kana\u0142ach i wodach stoj\u0105cych.<\/span><\/p>\n<div class=\"source-inline-chip-container ng-star-inserted\"><\/div>\n<p><span class=\"citation-52\">To <\/span><span class=\"citation-52\">wszechstronny, lekki haczyk<\/span><span class=\"citation-52\"> o <\/span><span class=\"citation-52\">mocnym, kutym kszta\u0142cie<\/span><span class=\"citation-52\">\u00a0i <\/span><span class=\"citation-52\">d\u0142ugim, lekko odgi\u0119tym ostrzu.<\/span><\/p>\n","protected":false},"featured_media":2950,"template":"","meta":[],"product_brand":[31],"product_cat":[159,160,19,18],"product_tag":[],"class_list":{"0":"post-660","1":"product","2":"type-product","3":"status-publish","4":"has-post-thumbnail","6":"product_brand-drennan","7":"product_cat-haczyki-splawik","8":"product_cat-haczyki-grunt","9":"product_cat-grunt","10":"product_cat-splawik","12":"first","13":"instock","14":"shipping-taxable","15":"purchasable","16":"product-type-variable"},"_links":{"self":[{"href":"https:\/\/kotlinafishing.pl\/index.php?rest_route=\/wp\/v2\/product\/660","targetHints":{"allow":["GET"]}}],"collection":[{"href":"https:\/\/kotlinafishing.pl\/index.php?rest_route=\/wp\/v2\/product"}],"about":[{"href":"https:\/\/kotlinafishing.pl\/index.php?rest_route=\/wp\/v2\/types\/product"}],"wp:featuredmedia":[{"embeddable":true,"href":"https:\/\/kotlinafishing.pl\/index.php?rest_route=\/wp\/v2\/media\/2950"}],"wp:attachment":[{"href":"https:\/\/kotlinafishing.pl\/index.php?rest_route=%2Fwp%2Fv2%2Fmedia&parent=660"}],"wp:term":[{"taxonomy":"product_brand","embeddable":true,"href":"https:\/\/kotlinafishing.pl\/index.php?rest_route=%2Fwp%2Fv2%2Fproduct_brand&post=660"},{"taxonomy":"product_cat","embeddable":true,"href":"https:\/\/kotlinafishing.pl\/index.php?rest_route=%2Fwp%2Fv2%2Fproduct_cat&post=660"},{"taxonomy":"product_tag","embeddable":true,"href":"https:\/\/kotlinafishing.pl\/index.php?rest_route=%2Fwp%2Fv2%2Fproduct_tag&post=660"}],"curies":[{"name":"wp","href":"https:\/\/api.w.org\/{rel}","templated":true}]}}