{"id":655,"date":"2025-10-07T15:47:57","date_gmt":"2025-10-07T13:47:57","guid":{"rendered":"http:\/\/kotlinafishing.pl\/?post_type=product&#038;p=655"},"modified":"2026-02-20T18:57:48","modified_gmt":"2026-02-20T17:57:48","slug":"haczyki-drennan-wide-gape-match-z-zadziorem","status":"publish","type":"product","link":"https:\/\/kotlinafishing.pl\/?product=haczyki-drennan-wide-gape-match-z-zadziorem","title":{"rendered":"Haczyki Drennan Wide Gape Match (z zadziorem)"},"content":{"rendered":"<p>Haczyki Wide Gape Match to klasyczny model z mikrozadziorem, idealny do \u0142owienia bia\u0142ych ryb na larwy (robaki).<\/p>\n<p>Dzi\u0119ki zastosowaniu cienkiego drutu haczyki te zapewniaj\u0105 maksymaln\u0105 ilo\u015b\u0107 bra\u0144, a jednocze\u015bnie s\u0105 wystarczaj\u0105co mocne, by\u015b m\u00f3g\u0142 skompletowa\u0107 worek pi\u0119knych okaz\u00f3w, u\u017cywaj\u0105c tylko jednego haka.<\/p>\n","protected":false},"excerpt":{"rendered":"<p>Haczyki Wide Gape Match to klasyczny model z mikrozadziorem, idealny do \u0142owienia bia\u0142ych ryb na larwy (robaki).<\/p>\n<p>Dzi\u0119ki zastosowaniu cienkiego drutu haczyki te zapewniaj\u0105 maksymaln\u0105 ilo\u015b\u0107 bra\u0144, a jednocze\u015bnie s\u0105 wystarczaj\u0105co mocne, by\u015b m\u00f3g\u0142 skompletowa\u0107 worek pi\u0119knych okaz\u00f3w, u\u017cywaj\u0105c tylko jednego haka.<\/p>\n","protected":false},"featured_media":2946,"template":"","meta":[],"product_brand":[31],"product_cat":[159,160,19,18],"product_tag":[],"class_list":{"0":"post-655","1":"product","2":"type-product","3":"status-publish","4":"has-post-thumbnail","6":"product_brand-drennan","7":"product_cat-haczyki-splawik","8":"product_cat-haczyki-grunt","9":"product_cat-grunt","10":"product_cat-splawik","12":"first","13":"instock","14":"shipping-taxable","15":"purchasable","16":"product-type-variable"},"_links":{"self":[{"href":"https:\/\/kotlinafishing.pl\/index.php?rest_route=\/wp\/v2\/product\/655","targetHints":{"allow":["GET"]}}],"collection":[{"href":"https:\/\/kotlinafishing.pl\/index.php?rest_route=\/wp\/v2\/product"}],"about":[{"href":"https:\/\/kotlinafishing.pl\/index.php?rest_route=\/wp\/v2\/types\/product"}],"wp:featuredmedia":[{"embeddable":true,"href":"https:\/\/kotlinafishing.pl\/index.php?rest_route=\/wp\/v2\/media\/2946"}],"wp:attachment":[{"href":"https:\/\/kotlinafishing.pl\/index.php?rest_route=%2Fwp%2Fv2%2Fmedia&parent=655"}],"wp:term":[{"taxonomy":"product_brand","embeddable":true,"href":"https:\/\/kotlinafishing.pl\/index.php?rest_route=%2Fwp%2Fv2%2Fproduct_brand&post=655"},{"taxonomy":"product_cat","embeddable":true,"href":"https:\/\/kotlinafishing.pl\/index.php?rest_route=%2Fwp%2Fv2%2Fproduct_cat&post=655"},{"taxonomy":"product_tag","embeddable":true,"href":"https:\/\/kotlinafishing.pl\/index.php?rest_route=%2Fwp%2Fv2%2Fproduct_tag&post=655"}],"curies":[{"name":"wp","href":"https:\/\/api.w.org\/{rel}","templated":true}]}}