{"id":648,"date":"2025-10-07T15:44:09","date_gmt":"2025-10-07T13:44:09","guid":{"rendered":"http:\/\/kotlinafishing.pl\/?post_type=product&#038;p=648"},"modified":"2026-02-20T18:58:17","modified_gmt":"2026-02-20T17:58:17","slug":"haczyki-drennan-wide-gape-z-zadziorem","status":"publish","type":"product","link":"https:\/\/kotlinafishing.pl\/?product=haczyki-drennan-wide-gape-z-zadziorem","title":{"rendered":"Haczyki Drennan Wide Gape (z zadziorem)"},"content":{"rendered":"<p>Haczyki Wide Gape z \u0142opatk\u0105\u00a0to model z mikrozadziorem\u00a0i bardzo szerokim kolankiem. Haczyk ma du\u017co miejsca, aby utrzyma\u0107 wi\u0119ksze przyn\u0119ty, takie jak chleb, robaki i pellety, w szerokim \u0142uku kolanka.<\/p>\n","protected":false},"excerpt":{"rendered":"<p>Haczyki Wide Gape z \u0142opatk\u0105\u00a0to model z mikrozadziorem\u00a0i bardzo szerokim kolankiem. Haczyk ma du\u017co miejsca, aby utrzyma\u0107 wi\u0119ksze przyn\u0119ty, takie jak chleb, robaki i pellety, w szerokim \u0142uku kolanka.<\/p>\n","protected":false},"featured_media":2944,"template":"","meta":[],"product_brand":[31],"product_cat":[159,160,19],"product_tag":[],"class_list":{"0":"post-648","1":"product","2":"type-product","3":"status-publish","4":"has-post-thumbnail","6":"product_brand-drennan","7":"product_cat-haczyki-splawik","8":"product_cat-haczyki-grunt","9":"product_cat-grunt","11":"first","12":"instock","13":"shipping-taxable","14":"purchasable","15":"product-type-variable"},"_links":{"self":[{"href":"https:\/\/kotlinafishing.pl\/index.php?rest_route=\/wp\/v2\/product\/648","targetHints":{"allow":["GET"]}}],"collection":[{"href":"https:\/\/kotlinafishing.pl\/index.php?rest_route=\/wp\/v2\/product"}],"about":[{"href":"https:\/\/kotlinafishing.pl\/index.php?rest_route=\/wp\/v2\/types\/product"}],"wp:featuredmedia":[{"embeddable":true,"href":"https:\/\/kotlinafishing.pl\/index.php?rest_route=\/wp\/v2\/media\/2944"}],"wp:attachment":[{"href":"https:\/\/kotlinafishing.pl\/index.php?rest_route=%2Fwp%2Fv2%2Fmedia&parent=648"}],"wp:term":[{"taxonomy":"product_brand","embeddable":true,"href":"https:\/\/kotlinafishing.pl\/index.php?rest_route=%2Fwp%2Fv2%2Fproduct_brand&post=648"},{"taxonomy":"product_cat","embeddable":true,"href":"https:\/\/kotlinafishing.pl\/index.php?rest_route=%2Fwp%2Fv2%2Fproduct_cat&post=648"},{"taxonomy":"product_tag","embeddable":true,"href":"https:\/\/kotlinafishing.pl\/index.php?rest_route=%2Fwp%2Fv2%2Fproduct_tag&post=648"}],"curies":[{"name":"wp","href":"https:\/\/api.w.org\/{rel}","templated":true}]}}