{"id":643,"date":"2025-10-07T15:41:02","date_gmt":"2025-10-07T13:41:02","guid":{"rendered":"http:\/\/kotlinafishing.pl\/?post_type=product&#038;p=643"},"modified":"2026-02-20T18:58:44","modified_gmt":"2026-02-20T17:58:44","slug":"haczyki-drennan-carbon-feeder-z-zadziorem","status":"publish","type":"product","link":"https:\/\/kotlinafishing.pl\/?product=haczyki-drennan-carbon-feeder-z-zadziorem","title":{"rendered":"Haczyki Drennan Carbon Feeder (z zadziorem)"},"content":{"rendered":"<p><span class=\"citation-23\">Haczyki <\/span><span class=\"citation-23\">Carbon Feeder z \u0142opatk\u0105<\/span><span class=\"citation-23\">\u00a0to model z <\/span><span class=\"citation-23\">mikrozadziorem<\/span><span class=\"citation-23\">, <\/span><span class=\"citation-23\">okr\u0105g\u0142ym \u0142ukiem<\/span><span class=\"citation-23\">\u00a0i <\/span><span class=\"citation-23\">kr\u00f3tkim trzonkiem<\/span><span class=\"citation-23 citation-end-23\">.<\/span> <span class=\"citation-22\">Ten wz\u00f3r jest idealny do wszelkiego rodzaju \u0142owienia na <\/span><span class=\"citation-22\">feeder<\/span><span class=\"citation-22 citation-end-22\"> (grunt\u00f3wk\u0119 ze spr\u0119\u017cyn\u0105\/koszyczkiem) na rzekach, kana\u0142ach i wodach stoj\u0105cych.<\/span><\/p>\n","protected":false},"excerpt":{"rendered":"<p><span class=\"citation-23\">Haczyki <\/span><span class=\"citation-23\">Carbon Feeder z \u0142opatk\u0105<\/span><span class=\"citation-23\">\u00a0to model z <\/span><span class=\"citation-23\">mikrozadziorem<\/span><span class=\"citation-23\">, <\/span><span class=\"citation-23\">okr\u0105g\u0142ym \u0142ukiem<\/span><span class=\"citation-23\">\u00a0i <\/span><span class=\"citation-23\">kr\u00f3tkim trzonkiem<\/span><span class=\"citation-23 citation-end-23\">.<\/span> <span class=\"citation-22\">Ten wz\u00f3r jest idealny do wszelkiego rodzaju \u0142owienia na <\/span><span class=\"citation-22\">feeder<\/span><span class=\"citation-22 citation-end-22\"> (grunt\u00f3wk\u0119 ze spr\u0119\u017cyn\u0105\/koszyczkiem) na rzekach, kana\u0142ach i wodach stoj\u0105cych.<\/span><\/p>\n","protected":false},"featured_media":2948,"template":"","meta":[],"product_brand":[31],"product_cat":[159,160,19],"product_tag":[],"class_list":{"0":"post-643","1":"product","2":"type-product","3":"status-publish","4":"has-post-thumbnail","6":"product_brand-drennan","7":"product_cat-haczyki-splawik","8":"product_cat-haczyki-grunt","9":"product_cat-grunt","11":"first","12":"instock","13":"shipping-taxable","14":"purchasable","15":"product-type-variable"},"_links":{"self":[{"href":"https:\/\/kotlinafishing.pl\/index.php?rest_route=\/wp\/v2\/product\/643","targetHints":{"allow":["GET"]}}],"collection":[{"href":"https:\/\/kotlinafishing.pl\/index.php?rest_route=\/wp\/v2\/product"}],"about":[{"href":"https:\/\/kotlinafishing.pl\/index.php?rest_route=\/wp\/v2\/types\/product"}],"wp:featuredmedia":[{"embeddable":true,"href":"https:\/\/kotlinafishing.pl\/index.php?rest_route=\/wp\/v2\/media\/2948"}],"wp:attachment":[{"href":"https:\/\/kotlinafishing.pl\/index.php?rest_route=%2Fwp%2Fv2%2Fmedia&parent=643"}],"wp:term":[{"taxonomy":"product_brand","embeddable":true,"href":"https:\/\/kotlinafishing.pl\/index.php?rest_route=%2Fwp%2Fv2%2Fproduct_brand&post=643"},{"taxonomy":"product_cat","embeddable":true,"href":"https:\/\/kotlinafishing.pl\/index.php?rest_route=%2Fwp%2Fv2%2Fproduct_cat&post=643"},{"taxonomy":"product_tag","embeddable":true,"href":"https:\/\/kotlinafishing.pl\/index.php?rest_route=%2Fwp%2Fv2%2Fproduct_tag&post=643"}],"curies":[{"name":"wp","href":"https:\/\/api.w.org\/{rel}","templated":true}]}}