{"id":630,"date":"2025-09-26T09:55:42","date_gmt":"2025-09-26T07:55:42","guid":{"rendered":"http:\/\/kotlinafishing.pl\/?post_type=product&#038;p=630"},"modified":"2026-04-03T19:28:51","modified_gmt":"2026-04-03T17:28:51","slug":"wedka-mikado-intro-ii-picker-3m-40g","status":"publish","type":"product","link":"https:\/\/kotlinafishing.pl\/?product=wedka-mikado-intro-ii-picker-3m-40g","title":{"rendered":"W\u0119dka Mikado Intro II Picker 3m 40g."},"content":{"rendered":"<p><strong>Intro II<\/strong> to w\u0119dki feederowe z w\u0119gla 24T najnowszej generacji &#8211; cienkie, lekkie oraz szybkie. Finezja i akcja niedost\u0119pna w tak atrakcyjnym przedziale cenowym. Picker to najdelikatniejszy z modeli, przeznaczony do po\u0142owu klasykiem na mniejszych wodach.<\/p>\n<p>&nbsp;<\/p>\n<p><strong>Specyfikacja:<\/strong><\/p>\n<div class=\"col-6\">\n<div class=\"d-flex justify-content-between py-2 border-bottom border-1 border-info\"><strong>Max. masa wyrzutu (g): <\/strong><span class=\"fw-bold\">40<\/span><\/div>\n<\/div>\n<div class=\"col-6\">\n<div class=\"d-flex justify-content-between py-2 border-bottom border-1 border-info\"><strong>Min. masa wyrzutu (g): <\/strong><span class=\"fw-bold\">1<\/span><\/div>\n<\/div>\n<div class=\"col-6\">\n<div class=\"d-flex justify-content-between py-2 border-bottom border-1 border-info\"><strong>D\u0142ugo\u015b\u0107 (cm):<\/strong> <span class=\"fw-bold\">300<\/span><\/div>\n<\/div>\n<div class=\"col-6\">\n<div class=\"d-flex justify-content-between py-2 border-bottom border-1 border-info\"><strong>D\u0142. transport. (cm):<\/strong> <span class=\"fw-bold\">155<\/span><\/div>\n<\/div>\n<div class=\"col-6\">\n<div class=\"d-flex justify-content-between py-2 border-bottom border-1 border-info\"><strong>Ilo\u015b\u0107 sekcji (szt):<\/strong> <span class=\"fw-bold\">2<\/span><\/div>\n<\/div>\n<div class=\"col-6\">\n<div class=\"d-flex justify-content-between py-2 border-bottom border-1 border-info\"><strong>Ilo\u015b\u0107 szcz. w zestawie (szt):<\/strong> <span class=\"fw-bold\">3<\/span><\/div>\n<\/div>\n<div class=\"col-6\">\n<div class=\"d-flex justify-content-between py-2 border-bottom border-1 border-info\"><strong>Waga (g):<\/strong> <span class=\"fw-bold\">137<\/span><\/div>\n<\/div>\n","protected":false},"excerpt":{"rendered":"<p><strong>Intro II<\/strong> to w\u0119dki feederowe z w\u0119gla 24T najnowszej generacji &#8211; cienkie, lekkie oraz szybkie. Finezja i akcja niedost\u0119pna w tak atrakcyjnym przedziale cenowym. Picker to najdelikatniejszy z modeli, przeznaczony do po\u0142owu klasykiem na mniejszych wodach.<\/p>\n","protected":false},"featured_media":830,"template":"","meta":[],"product_brand":[22],"product_cat":[19,36,35],"product_tag":[],"class_list":{"0":"post-630","1":"product","2":"type-product","3":"status-publish","4":"has-post-thumbnail","6":"product_brand-mikado","7":"product_cat-grunt","8":"product_cat-wedki","9":"product_cat-wedki-feederowe","11":"first","12":"outofstock","13":"shipping-taxable","14":"purchasable","15":"product-type-simple"},"_links":{"self":[{"href":"https:\/\/kotlinafishing.pl\/index.php?rest_route=\/wp\/v2\/product\/630","targetHints":{"allow":["GET"]}}],"collection":[{"href":"https:\/\/kotlinafishing.pl\/index.php?rest_route=\/wp\/v2\/product"}],"about":[{"href":"https:\/\/kotlinafishing.pl\/index.php?rest_route=\/wp\/v2\/types\/product"}],"wp:featuredmedia":[{"embeddable":true,"href":"https:\/\/kotlinafishing.pl\/index.php?rest_route=\/wp\/v2\/media\/830"}],"wp:attachment":[{"href":"https:\/\/kotlinafishing.pl\/index.php?rest_route=%2Fwp%2Fv2%2Fmedia&parent=630"}],"wp:term":[{"taxonomy":"product_brand","embeddable":true,"href":"https:\/\/kotlinafishing.pl\/index.php?rest_route=%2Fwp%2Fv2%2Fproduct_brand&post=630"},{"taxonomy":"product_cat","embeddable":true,"href":"https:\/\/kotlinafishing.pl\/index.php?rest_route=%2Fwp%2Fv2%2Fproduct_cat&post=630"},{"taxonomy":"product_tag","embeddable":true,"href":"https:\/\/kotlinafishing.pl\/index.php?rest_route=%2Fwp%2Fv2%2Fproduct_tag&post=630"}],"curies":[{"name":"wp","href":"https:\/\/api.w.org\/{rel}","templated":true}]}}