{"id":629,"date":"2025-09-26T09:52:10","date_gmt":"2025-09-26T07:52:10","guid":{"rendered":"http:\/\/kotlinafishing.pl\/?post_type=product&#038;p=629"},"modified":"2026-01-29T15:07:16","modified_gmt":"2026-01-29T14:07:16","slug":"wedka-mikado-ultraviolet-heavy-feeder-345m-120g","status":"publish","type":"product","link":"https:\/\/kotlinafishing.pl\/?product=wedka-mikado-ultraviolet-heavy-feeder-345m-120g","title":{"rendered":"W\u0119dka Mikado Ultraviolet Heavy Feeder 3,45m 120g."},"content":{"rendered":"<div class=\"p-2\">\n<p><strong>UV II Heavy<\/strong> to ci\u0119\u017csza odmiana feeder\u00f3w bazuj\u0105cych na sprawdzonych w\u0119dkach <strong>Ultraviolet<\/strong>. Teraz w smuklejszej i nowoczesnej wersji. Idealny wyb\u00f3r na rzeki i du\u017ce wody, gdzie blank z poprawionym rozmieszczeniem przelotek pozwoli \u0142owi\u0107 na wi\u0119kszym dystansie.<\/p>\n<\/div>\n<div class=\"p-2\">\n<p>Specyfikacja:<br \/>\n&#8211; Wzmocniony blank z w\u0142\u00f3kna w\u0119glowego 24T<br \/>\n&#8211; 3 szczyt\u00f3wki o \u015brednicy 2.8mm w zestawie: 1.5oz \/ 2oz \/ 3oz<br \/>\n&#8211; Nowoczesny dolnik wykonany z po\u0142\u0105czenia twardej pianki EVA oraz korka pogrubiony na ko\u0144cu dla lepszego chwytu<br \/>\n&#8211; Od\u015bwie\u017cona szata graficzna<br \/>\n&#8211; Powi\u0119kszone przelotki typu K, w nowym ustawieniu poprawiaj\u0105cym odleg\u0142o\u015b\u0107 rzut\u00f3w<br \/>\n&#8211; Ergonomiczny i lekki uchwyt ko\u0142owrotka DSS<br \/>\n&#8211; Wzmacniaj\u0105cy oplot z kevlaru<\/p>\n<p>&nbsp;<\/p>\n<p><strong>Specyfikacja:<\/strong><\/p>\n<\/div>\n<div class=\"col-6\">\n<div class=\"d-flex justify-content-between py-2 border-bottom border-1 border-info\"><strong>D\u0142ugo\u015b\u0107 (cm):<\/strong> <span class=\"fw-bold\">345<\/span><\/div>\n<\/div>\n<div class=\"col-6\">\n<div class=\"d-flex justify-content-between py-2 border-bottom border-1 border-info\"><strong>D\u0142. transport. (cm):<\/strong> <span class=\"fw-bold\">121<\/span><\/div>\n<\/div>\n<div class=\"col-6\">\n<div class=\"d-flex justify-content-between py-2 border-bottom border-1 border-info\"><strong>Ilo\u015b\u0107 sekcji (szt):<\/strong> <span class=\"fw-bold\">3+3<\/span><\/div>\n<\/div>\n<div class=\"col-6\">\n<div class=\"d-flex justify-content-between py-2 border-bottom border-1 border-info\"><strong>Waga (g):<\/strong> <span class=\"fw-bold\">229<\/span><\/div>\n<\/div>\n<div class=\"col-6\">\n<div class=\"d-flex justify-content-between py-2 border-bottom border-1 border-info\"><strong>Max. masa wyrzutu (g):<\/strong> <span class=\"fw-bold\">120<\/span><\/div>\n<\/div>\n<div class=\"col-6\">\n<div class=\"d-flex justify-content-between py-2 border-bottom border-1 border-info\"><strong>Min. masa wyrzutu (g):<\/strong> <span class=\"fw-bold\">1<\/span><\/div>\n<\/div>\n<div class=\"col-6\">\n<div class=\"d-flex justify-content-between py-2 border-bottom border-1 border-info\"><\/div>\n<\/div>\n","protected":false},"excerpt":{"rendered":"<p><strong>UV II Heavy<\/strong> to ci\u0119\u017csza odmiana feeder\u00f3w bazuj\u0105cych na sprawdzonych w\u0119dkach <strong>Ultraviolet<\/strong>. Teraz w smuklejszej i nowoczesnej wersji. Idealny wyb\u00f3r na rzeki i du\u017ce wody, gdzie blank z poprawionym rozmieszczeniem przelotek pozwoli \u0142owi\u0107 na wi\u0119kszym dystansie.<\/p>\n","protected":false},"featured_media":839,"template":"","meta":[],"product_brand":[22],"product_cat":[19,36,35],"product_tag":[],"class_list":{"0":"post-629","1":"product","2":"type-product","3":"status-publish","4":"has-post-thumbnail","6":"product_brand-mikado","7":"product_cat-grunt","8":"product_cat-wedki","9":"product_cat-wedki-feederowe","11":"first","12":"outofstock","13":"shipping-taxable","14":"purchasable","15":"product-type-simple"},"_links":{"self":[{"href":"https:\/\/kotlinafishing.pl\/index.php?rest_route=\/wp\/v2\/product\/629","targetHints":{"allow":["GET"]}}],"collection":[{"href":"https:\/\/kotlinafishing.pl\/index.php?rest_route=\/wp\/v2\/product"}],"about":[{"href":"https:\/\/kotlinafishing.pl\/index.php?rest_route=\/wp\/v2\/types\/product"}],"wp:featuredmedia":[{"embeddable":true,"href":"https:\/\/kotlinafishing.pl\/index.php?rest_route=\/wp\/v2\/media\/839"}],"wp:attachment":[{"href":"https:\/\/kotlinafishing.pl\/index.php?rest_route=%2Fwp%2Fv2%2Fmedia&parent=629"}],"wp:term":[{"taxonomy":"product_brand","embeddable":true,"href":"https:\/\/kotlinafishing.pl\/index.php?rest_route=%2Fwp%2Fv2%2Fproduct_brand&post=629"},{"taxonomy":"product_cat","embeddable":true,"href":"https:\/\/kotlinafishing.pl\/index.php?rest_route=%2Fwp%2Fv2%2Fproduct_cat&post=629"},{"taxonomy":"product_tag","embeddable":true,"href":"https:\/\/kotlinafishing.pl\/index.php?rest_route=%2Fwp%2Fv2%2Fproduct_tag&post=629"}],"curies":[{"name":"wp","href":"https:\/\/api.w.org\/{rel}","templated":true}]}}