{"id":628,"date":"2025-09-26T09:46:10","date_gmt":"2025-09-26T07:46:10","guid":{"rendered":"http:\/\/kotlinafishing.pl\/?post_type=product&#038;p=628"},"modified":"2026-01-29T15:06:51","modified_gmt":"2026-01-29T14:06:51","slug":"wedka-mikado-ultraviolet-light-feeder-39m-20-90g","status":"publish","type":"product","link":"https:\/\/kotlinafishing.pl\/?product=wedka-mikado-ultraviolet-light-feeder-39m-20-90g","title":{"rendered":"W\u0119dka Mikado Ultraviolet Light Feeder 3,9m 20-90g"},"content":{"rendered":"<p>Prace nad t\u0105 legendarn\u0105 seri\u0105 w\u0119dek rozpocz\u0119li\u015bmy w 2003 roku. Pierwszym kijem z tej rodziny by\u0142 innowacyjny Twin-Feeder, kt\u00f3ry zosta\u0142 zaprezentowany w naszym katalogu wydanym w styczniu 2004 roku. Opr\u00f3cz doskona\u0142ych w\u0142a\u015bciwo\u015bci u\u017cytkowych , feeder ten dawa\u0142 mo\u017cliwo\u015b\u0107 zmiany d\u0142ugo\u015bci w\u0119dziska o 60cm (dzi\u0119ki dodatkowemu elementowi, montowanemu pomi\u0119dzy dolnik a szczyt\u00f3wk\u0119). Rok p\u00f3\u017aniej wprowadzili\u015bmy do sprzeda\u017cy kolejne dwie wersje tego modelu &#8211; l\u017cejsz\u0105, bardziej finezyjn\u0105 oraz mocniejsz\u0105, przeznaczon\u0105 do ci\u0119\u017cszych koszyczk\u00f3w zan\u0119towych. Dzi\u015b, po kilkunastu latach obecno\u015bci na rynku w niezmienionej formie, kije te, jak ma\u0142o kt\u00f3re, zas\u0142uguj\u0105 na miano kultowych. Lekkie i sztywne, o szybkiej akcji, doskonale wywa\u017cone i wzmocnione carbonowo-nylonowym oplotem &#8211; wci\u0105\u017c zdobywaj\u0105 uznanie w\u0119dkarzy w ca\u0142ej Europie.<\/p>\n<p>&nbsp;<\/p>\n<p><strong>Specyfikacja:<\/strong><\/p>\n<div class=\"col-6\">\n<div class=\"d-flex justify-content-between py-2 border-bottom border-1 border-info\"><strong>D\u0142ugo\u015b\u0107 (cm):<\/strong> <span class=\"fw-bold\">390<\/span><\/div>\n<\/div>\n<div class=\"col-6\">\n<div class=\"d-flex justify-content-between py-2 border-bottom border-1 border-info\"><strong>D\u0142. transport. (cm):<\/strong> <span class=\"fw-bold\">136<\/span><\/div>\n<\/div>\n<div class=\"col-6\">\n<div class=\"d-flex justify-content-between py-2 border-bottom border-1 border-info\"><strong>Ilo\u015b\u0107 sekcji (szt):<\/strong> <span class=\"fw-bold\">3<\/span><\/div>\n<\/div>\n<div class=\"col-6\">\n<div class=\"d-flex justify-content-between py-2 border-bottom border-1 border-info\"><strong>Ilo\u015b\u0107 szcz. w zestawie (szt):<\/strong> <span class=\"fw-bold\">5<\/span><\/div>\n<\/div>\n<div class=\"col-6\">\n<div class=\"d-flex justify-content-between py-2 border-bottom border-1 border-info\"><strong>Waga (g):<\/strong> <span class=\"fw-bold\">255<\/span><\/div>\n<\/div>\n<div class=\"col-6\">\n<div class=\"d-flex justify-content-between py-2 border-bottom border-1 border-info\"><strong>Min. masa wyrzutu (g):<\/strong> <span class=\"fw-bold\">20<\/span><\/div>\n<\/div>\n<div class=\"col-6\">\n<div class=\"d-flex justify-content-between py-2 border-bottom border-1 border-info\"><strong>Max. masa wyrzutu (g):<\/strong> <span class=\"fw-bold\">90<\/span><\/div>\n<\/div>\n<div class=\"col-6\"><\/div>\n<div class=\"col-6\">\n<div class=\"d-flex justify-content-between py-2 border-bottom border-1 border-info\"><\/div>\n<\/div>\n","protected":false},"excerpt":{"rendered":"<p>Prace nad t\u0105 legendarn\u0105 seri\u0105 w\u0119dek rozpocz\u0119li\u015bmy w 2003 roku. Pierwszym kijem z tej rodziny by\u0142 innowacyjny Twin-Feeder, kt\u00f3ry zosta\u0142 zaprezentowany w naszym katalogu wydanym w styczniu 2004 roku. Opr\u00f3cz doskona\u0142ych w\u0142a\u015bciwo\u015bci u\u017cytkowych , feeder ten dawa\u0142 mo\u017cliwo\u015b\u0107 zmiany d\u0142ugo\u015bci w\u0119dziska o 60cm (dzi\u0119ki dodatkowemu elementowi, montowanemu pomi\u0119dzy dolnik a szczyt\u00f3wk\u0119). Rok p\u00f3\u017aniej wprowadzili\u015bmy do sprzeda\u017cy kolejne dwie wersje tego modelu &#8211; l\u017cejsz\u0105, bardziej finezyjn\u0105 oraz mocniejsz\u0105, przeznaczon\u0105 do ci\u0119\u017cszych koszyczk\u00f3w zan\u0119towych. Dzi\u015b, po kilkunastu latach obecno\u015bci na rynku w niezmienionej formie, kije te, jak ma\u0142o kt\u00f3re, zas\u0142uguj\u0105 na miano kultowych. Lekkie i sztywne, o szybkiej akcji, doskonale wywa\u017cone i wzmocnione carbonowo-nylonowym oplotem &#8211; wci\u0105\u017c zdobywaj\u0105 uznanie w\u0119dkarzy w ca\u0142ej Europie.<\/p>\n","protected":false},"featured_media":841,"template":"","meta":[],"product_brand":[22],"product_cat":[19,36,35],"product_tag":[],"class_list":{"0":"post-628","1":"product","2":"type-product","3":"status-publish","4":"has-post-thumbnail","6":"product_brand-mikado","7":"product_cat-grunt","8":"product_cat-wedki","9":"product_cat-wedki-feederowe","11":"first","12":"instock","13":"shipping-taxable","14":"purchasable","15":"product-type-simple"},"_links":{"self":[{"href":"https:\/\/kotlinafishing.pl\/index.php?rest_route=\/wp\/v2\/product\/628","targetHints":{"allow":["GET"]}}],"collection":[{"href":"https:\/\/kotlinafishing.pl\/index.php?rest_route=\/wp\/v2\/product"}],"about":[{"href":"https:\/\/kotlinafishing.pl\/index.php?rest_route=\/wp\/v2\/types\/product"}],"wp:featuredmedia":[{"embeddable":true,"href":"https:\/\/kotlinafishing.pl\/index.php?rest_route=\/wp\/v2\/media\/841"}],"wp:attachment":[{"href":"https:\/\/kotlinafishing.pl\/index.php?rest_route=%2Fwp%2Fv2%2Fmedia&parent=628"}],"wp:term":[{"taxonomy":"product_brand","embeddable":true,"href":"https:\/\/kotlinafishing.pl\/index.php?rest_route=%2Fwp%2Fv2%2Fproduct_brand&post=628"},{"taxonomy":"product_cat","embeddable":true,"href":"https:\/\/kotlinafishing.pl\/index.php?rest_route=%2Fwp%2Fv2%2Fproduct_cat&post=628"},{"taxonomy":"product_tag","embeddable":true,"href":"https:\/\/kotlinafishing.pl\/index.php?rest_route=%2Fwp%2Fv2%2Fproduct_tag&post=628"}],"curies":[{"name":"wp","href":"https:\/\/api.w.org\/{rel}","templated":true}]}}