{"id":624,"date":"2025-09-26T09:30:25","date_gmt":"2025-09-26T07:30:25","guid":{"rendered":"http:\/\/kotlinafishing.pl\/?post_type=product&#038;p=624"},"modified":"2026-01-29T15:05:15","modified_gmt":"2026-01-29T14:05:15","slug":"wedka-nytro-ntr-commercial-carp-feeder","status":"publish","type":"product","link":"https:\/\/kotlinafishing.pl\/?product=wedka-nytro-ntr-commercial-carp-feeder","title":{"rendered":"W\u0119dka Nytro NTR Commercial Carp Feeder"},"content":{"rendered":"<p><span class=\"jCAhz ChMk0b\"><span class=\"ryNqvb\">Ta seria w\u0119dzisk z w\u0142\u00f3kna w\u0119glowego dla pocz\u0105tkuj\u0105cych zosta\u0142a zaprojektowana z my\u015bl\u0105 o w\u0119dkarzach \u0142owi\u0105cych na wodach komercyjnych.<\/span><\/span><span class=\"jCAhz ChMk0b\"><span class=\"ryNqvb\">\u00a0\u015awietne w\u0119dziska dla tych, kt\u00f3rzy dopiero wchodz\u0105 na scen\u0119 komercyjn\u0105 i w bardzo przyst\u0119pnej cenie.<\/span><\/span>\u00a0<span class=\"jCAhz ChMk0b\"><span class=\"ryNqvb\">Ich akcja jest wystarczaj\u0105co mocna, aby \u0142owi\u0107 karpie.<\/span><\/span><\/p>\n<p>&nbsp;<\/p>\n<p><span class=\"HwtZe\" lang=\"pl\" xml:lang=\"pl\"><span class=\"jCAhz ChMk0b\"><span class=\"ryNqvb\">Zalety:<br \/>\n<\/span><\/span><\/span><\/p>\n<ul>\n<li><span class=\"HwtZe\" lang=\"pl\" xml:lang=\"pl\"><span class=\"jCAhz ChMk0b\"><span class=\"ryNqvb\">Blanki z kompozytu\u00a0<\/span><\/span><\/span>action carbon-curve composite<\/li>\n<li><span class=\"HwtZe\" lang=\"pl\" xml:lang=\"pl\"><span class=\"jCAhz ChMk0b\"><span class=\"ryNqvb\">Wysokiej jako\u015bci czarne anodowane przelotki<\/span><\/span><\/span><\/li>\n<li><span class=\"HwtZe\" lang=\"pl\" xml:lang=\"pl\"><span class=\"jCAhz ChMk0b\"><span class=\"ryNqvb\">Zaczep na haczyk<\/span><\/span><\/span><\/li>\n<li><span class=\"HwtZe\" lang=\"pl\" xml:lang=\"pl\"><span class=\"jCAhz ChMk0b\"><span class=\"ryNqvb\">W zestawie dwie szczyt\u00f3wki z w\u0142\u00f3kna w\u0119glowego (1oz i 2oz)<\/span><\/span><\/span><\/li>\n<li><span class=\"HwtZe\" lang=\"pl\" xml:lang=\"pl\"><span class=\"jCAhz ChMk0b\"><span class=\"ryNqvb\">Uchwyty z dzielonego korka i pianki EVA<\/span><\/span><\/span><\/li>\n<li><span class=\"HwtZe\" lang=\"pl\" xml:lang=\"pl\"><span class=\"jCAhz ChMk0b\"><span class=\"ryNqvb\">Blank lakierowany na czarno z czarnym owini\u0119ciem przelotek<\/span><\/span><\/span><\/li>\n<li><span class=\"HwtZe\" lang=\"pl\" xml:lang=\"pl\"><span class=\"jCAhz ChMk0b\"><span class=\"ryNqvb\">Przykr\u0119cany uchwyt ko\u0142owrotka<\/span><\/span><\/span><\/li>\n<\/ul>\n","protected":false},"excerpt":{"rendered":"<p><span class=\"jCAhz ChMk0b\"><span class=\"ryNqvb\">Ta seria w\u0119dzisk z w\u0142\u00f3kna w\u0119glowego dla pocz\u0105tkuj\u0105cych zosta\u0142a zaprojektowana z my\u015bl\u0105 o w\u0119dkarzach \u0142owi\u0105cych na wodach komercyjnych.<\/span><\/span><span class=\"jCAhz ChMk0b\"><span class=\"ryNqvb\">\u00a0\u015awietne w\u0119dziska dla tych, kt\u00f3rzy dopiero wchodz\u0105 na scen\u0119 komercyjn\u0105 i w bardzo przyst\u0119pnej cenie.<\/span><\/span>\u00a0<span class=\"jCAhz ChMk0b\"><span class=\"ryNqvb\">Ich akcja jest wystarczaj\u0105co mocna, aby \u0142owi\u0107 karpie.<\/span><\/span><\/p>\n","protected":false},"featured_media":0,"template":"","meta":[],"product_brand":[157],"product_cat":[19,36,35],"product_tag":[],"class_list":{"0":"post-624","1":"product","2":"type-product","3":"status-publish","5":"product_brand-nytro","6":"product_cat-grunt","7":"product_cat-wedki","8":"product_cat-wedki-feederowe","10":"first","11":"outofstock","12":"shipping-taxable","13":"purchasable","14":"product-type-variable"},"_links":{"self":[{"href":"https:\/\/kotlinafishing.pl\/index.php?rest_route=\/wp\/v2\/product\/624","targetHints":{"allow":["GET"]}}],"collection":[{"href":"https:\/\/kotlinafishing.pl\/index.php?rest_route=\/wp\/v2\/product"}],"about":[{"href":"https:\/\/kotlinafishing.pl\/index.php?rest_route=\/wp\/v2\/types\/product"}],"wp:attachment":[{"href":"https:\/\/kotlinafishing.pl\/index.php?rest_route=%2Fwp%2Fv2%2Fmedia&parent=624"}],"wp:term":[{"taxonomy":"product_brand","embeddable":true,"href":"https:\/\/kotlinafishing.pl\/index.php?rest_route=%2Fwp%2Fv2%2Fproduct_brand&post=624"},{"taxonomy":"product_cat","embeddable":true,"href":"https:\/\/kotlinafishing.pl\/index.php?rest_route=%2Fwp%2Fv2%2Fproduct_cat&post=624"},{"taxonomy":"product_tag","embeddable":true,"href":"https:\/\/kotlinafishing.pl\/index.php?rest_route=%2Fwp%2Fv2%2Fproduct_tag&post=624"}],"curies":[{"name":"wp","href":"https:\/\/api.w.org\/{rel}","templated":true}]}}