{"id":623,"date":"2025-09-26T09:23:28","date_gmt":"2025-09-26T07:23:28","guid":{"rendered":"http:\/\/kotlinafishing.pl\/?post_type=product&#038;p=623"},"modified":"2026-03-26T15:04:50","modified_gmt":"2026-03-26T14:04:50","slug":"wedka-delphin-wasabi-feeder-nxt-33m-100g","status":"publish","type":"product","link":"https:\/\/kotlinafishing.pl\/?product=wedka-delphin-wasabi-feeder-nxt-33m-100g","title":{"rendered":"W\u0119dka Delphin Wasabi Feeder NXT 3,3m 100g"},"content":{"rendered":"<p>Nowa wersja w\u0119dki <strong>WASABI Feeder<\/strong>, kt\u00f3ra zachowuje wszystkie zalety poprzedniego modelu.<\/p>\n<p><strong>WASABI<\/strong> udowadnia, \u017ce wydajna produkcja i nieszablonowe my\u015blenie mog\u0105 stworzy\u0107 niezawodn\u0105 w\u0119dk\u0119 o dobrych w\u0142a\u015bciwo\u015bciach,<br \/>\nkt\u00f3ra nie wydrenuje portfela i nadal zapewni wysokiej jako\u015bci przyjemno\u015b\u0107 z ka\u017cdej wyprawy w\u0119dkarskiej!<\/p>\n<p>Blank jest wykonany z idealnej proporcji materia\u0142\u00f3w dla proporcjonalnie wywa\u017conej w\u0119dki.<\/p>\n<p>R\u0119koje\u015b\u0107 EVA idealnie le\u017cy w d\u0142oni, ma przyjemn\u0105 akcj\u0119 i przelotki z ceramicznymi wk\u0142adkami.<\/p>\n<p><strong>WASABI Feeder<\/strong> to \u015bwietny wyb\u00f3r do aktywnego \u0142owienia feederem i dla wszystkich, kt\u00f3rzy szukaj\u0105 wysokiej jako\u015bci w\u0119dki w rozs\u0105dnej cenie.<br \/>\nWszystkie wersje w\u0119dki <strong>WASABI<\/strong> zawieraj\u0105 trzy zapasowe szczyt\u00f3wki (1x Light, 1x Medium i 1x Heavy).<\/p>\n<p>&nbsp;<\/p>\n<p><strong>Specyfikacja:\u00a0<\/strong><\/p>\n<p><strong>Delphin Wasabi Feeder XT 330cm\/100g<\/strong><br \/>\n<strong>Liczba sk\u0142ad\u00f3w: <\/strong>3<br \/>\n<strong>\u015arednica blanku nad r\u0119koje\u015bci\u0105:<\/strong> 17,34 mm<br \/>\n<strong>Ilo\u015b\u0107 przelotek:<\/strong> 12<br \/>\n<strong>Rozmiar transportowy:<\/strong> 117 cm<br \/>\n<strong>Waga:<\/strong> 278 g<br \/>\n<strong>R\u0119koje\u015b\u0107:<\/strong> dzielony uchwyt, pianka EVA<br \/>\n<strong>D\u0142ugo\u015b\u0107 uchwytu (od dolnika do \u015brodka uchwytu ko\u0142owrotka):<\/strong> 47 cm<br \/>\n<strong>\u015arednica szczyt\u00f3wki:<\/strong> 3.50mm<\/p>\n","protected":false},"excerpt":{"rendered":"<p>Nowa wersja w\u0119dki <strong>WASABI Feeder<\/strong>, kt\u00f3ra zachowuje wszystkie zalety poprzedniego modelu.<\/p>\n","protected":false},"featured_media":844,"template":"","meta":[],"product_brand":[97],"product_cat":[19,36,35],"product_tag":[],"class_list":{"0":"post-623","1":"product","2":"type-product","3":"status-publish","4":"has-post-thumbnail","6":"product_brand-delphin","7":"product_cat-grunt","8":"product_cat-wedki","9":"product_cat-wedki-feederowe","11":"first","12":"outofstock","13":"shipping-taxable","14":"purchasable","15":"product-type-simple"},"_links":{"self":[{"href":"https:\/\/kotlinafishing.pl\/index.php?rest_route=\/wp\/v2\/product\/623","targetHints":{"allow":["GET"]}}],"collection":[{"href":"https:\/\/kotlinafishing.pl\/index.php?rest_route=\/wp\/v2\/product"}],"about":[{"href":"https:\/\/kotlinafishing.pl\/index.php?rest_route=\/wp\/v2\/types\/product"}],"wp:featuredmedia":[{"embeddable":true,"href":"https:\/\/kotlinafishing.pl\/index.php?rest_route=\/wp\/v2\/media\/844"}],"wp:attachment":[{"href":"https:\/\/kotlinafishing.pl\/index.php?rest_route=%2Fwp%2Fv2%2Fmedia&parent=623"}],"wp:term":[{"taxonomy":"product_brand","embeddable":true,"href":"https:\/\/kotlinafishing.pl\/index.php?rest_route=%2Fwp%2Fv2%2Fproduct_brand&post=623"},{"taxonomy":"product_cat","embeddable":true,"href":"https:\/\/kotlinafishing.pl\/index.php?rest_route=%2Fwp%2Fv2%2Fproduct_cat&post=623"},{"taxonomy":"product_tag","embeddable":true,"href":"https:\/\/kotlinafishing.pl\/index.php?rest_route=%2Fwp%2Fv2%2Fproduct_tag&post=623"}],"curies":[{"name":"wp","href":"https:\/\/api.w.org\/{rel}","templated":true}]}}