{"id":621,"date":"2025-09-26T09:15:25","date_gmt":"2025-09-26T07:15:25","guid":{"rendered":"http:\/\/kotlinafishing.pl\/?post_type=product&#038;p=621"},"modified":"2026-01-29T15:04:02","modified_gmt":"2026-01-29T14:04:02","slug":"wedka-feederowa-delphin-river-trophy-nxt-4m-200g","status":"publish","type":"product","link":"https:\/\/kotlinafishing.pl\/?product=wedka-feederowa-delphin-river-trophy-nxt-4m-200g","title":{"rendered":"W\u0119dka feederowa Delphin River Trophy NXT 4m\/200g"},"content":{"rendered":"<p>Po udanej serii w\u0119dzisk <strong>RIVER TROPHY<\/strong>, Delphin pojawia si\u0119 na rynku ze swoim wyrafinowanym nast\u0119pc\u0105, <strong>RIVER TROPHY NXT<\/strong>.<\/p>\n<p>Podobnie jak poprzednia wersja, NXT jest przeznaczony do \u0142owienia z koszyczkiem zan\u0119towym w miejscach, w kt\u00f3rych konieczne jest u\u017cycie sztywnej w\u0119dki o du\u017cym obci\u0105\u017ceniu wyrzutowym. Dzi\u0119ki solidnemu blankowi z w\u0142\u00f3kna w\u0119glowego 24T mo\u017cesz r\u00f3wnie\u017c walczy\u0107 z du\u017cymi rybami, nie trac\u0105c przy tym w og\u00f3le zalet feedera. Blank ma ci\u0119\u017car wyrzutu do 180g co pozwala na stosowanie ci\u0119\u017ckich koszy feederowych, co jest konieczno\u015bci\u0105 w rzece. W dolnej cz\u0119\u015bci blanku nad r\u0119koje\u015bci\u0105, w\u0119dzisko wzmocnione jest ciemn\u0105 mat\u0105 krzy\u017cow\u0105, podobnie jak w poprzednim modelu. W pozosta\u0142ej cz\u0119\u015bci blanku zastosowano technologi\u0119 PowerWrap, kt\u00f3ra przy pierwszym kontakcie z w\u0119dk\u0105 zwraca uwag\u0119. Jej istota polega na dodatkowym nawini\u0119ciu w\u0119gla wok\u00f3\u0142 blanku uzyskuj\u0105c znaczny wzrost wytrzyma\u0142o\u015bci i odporno\u015bci na przeci\u0105\u017cenia, co oznacza znacznie d\u0142u\u017csz\u0105 \u017cywotno\u015b\u0107 i zmniejszon\u0105 podatno\u015b\u0107 na uszkodzenia mechaniczne. Poszczeg\u00f3lne cz\u0119\u015bci po\u0142aczeniowe w\u0119dki wzmocnione s\u0105 stalowym pier\u015bcieniem PowerJoin minimalizuj\u0105cym mo\u017cliwo\u015b\u0107 p\u0119kni\u0119cia po\u0142\u0105czenia.<\/p>\n<p><strong>RIVER TROPHY NXT<\/strong> posiada wysokiej jako\u015bci przelotki z wype\u0142nieniem SIC i solidny uchwyt ko\u0142owrotka. Jednym z ciekawszych element\u00f3w w\u0119dki jest niew\u0105tpliwie r\u0119koje\u015b\u0107. Zosta\u0142a zaprojektowana z po\u0142\u0105czenia materia\u0142\u00f3w EVA i RUBBER CORK, tworz\u0105c pi\u0119knie zaprojektowany uchwyt. Ze wzgl\u0119du na charakter blanku, w\u0119dka posiada 2. w\u0119glowe i 2. CarbonGlass szczyt\u00f3wki.<\/p>\n<p>&nbsp;<\/p>\n<p><strong>Specyfikacja:<\/strong><\/p>\n<p><strong>Delphin River Trophy 400cm 200g<\/strong><br \/>\n<strong>Liczba sk\u0142ad\u00f3w:<\/strong> 3<br \/>\n<strong>\u015arednica w\u0119dki nad uchwytem:<\/strong> 15mm<br \/>\n<strong>Liczba przelotek (w\u0119dka + szczyt\u00f3wka):<\/strong> 8+5<br \/>\n<strong>D\u0142ugo\u015b\u0107 transportowa:<\/strong> 139cm<br \/>\n<strong>Waga:<\/strong> 340g<br \/>\n<strong>Uchwyt:<\/strong> Pianka EVA + RUBBER CORK<br \/>\n<strong>D\u0142ugo\u015b\u0107 uchwytu (od ko\u0144ca w\u0119dki do uchwytu ko\u0142owrotka):<\/strong> 53cm<br \/>\n<strong>Szczyt\u00f3wki:<\/strong> 2xCarbonGlass (Light, Medium), 2xCarbon (Heavy, U-Heavy)<\/p>\n","protected":false},"excerpt":{"rendered":"<p>Podobnie jak poprzednia wersja, NXT jest przeznaczony do \u0142owienia z koszyczkiem zan\u0119towym w miejscach, w kt\u00f3rych konieczne jest u\u017cycie sztywnej w\u0119dki o du\u017cym obci\u0105\u017ceniu wyrzutowym. Dzi\u0119ki solidnemu blankowi z w\u0142\u00f3kna w\u0119glowego 24T mo\u017cesz r\u00f3wnie\u017c walczy\u0107 z du\u017cymi rybami, nie trac\u0105c przy tym w og\u00f3le zalet feedera. Blank ma ci\u0119\u017car wyrzutu do 180g co pozwala na stosowanie ci\u0119\u017ckich koszy feederowych, co jest konieczno\u015bci\u0105 w rzece. W dolnej cz\u0119\u015bci blanku nad r\u0119koje\u015bci\u0105, w\u0119dzisko wzmocnione jest ciemn\u0105 mat\u0105 krzy\u017cow\u0105, podobnie jak w poprzednim modelu. W pozosta\u0142ej cz\u0119\u015bci blanku zastosowano technologi\u0119 PowerWrap, kt\u00f3ra przy pierwszym kontakcie z w\u0119dk\u0105 zwraca uwag\u0119. Jej istota polega na dodatkowym nawini\u0119ciu w\u0119gla wok\u00f3\u0142 blanku uzyskuj\u0105c znaczny wzrost wytrzyma\u0142o\u015bci i odporno\u015bci na przeci\u0105\u017cenia, co oznacza znacznie d\u0142u\u017csz\u0105 \u017cywotno\u015b\u0107 i zmniejszon\u0105 podatno\u015b\u0107 na uszkodzenia mechaniczne. Poszczeg\u00f3lne cz\u0119\u015bci po\u0142aczeniowe w\u0119dki wzmocnione s\u0105 stalowym pier\u015bcieniem PowerJoin minimalizuj\u0105cym mo\u017cliwo\u015b\u0107 p\u0119kni\u0119cia po\u0142\u0105czenia.<\/p>\n","protected":false},"featured_media":1024,"template":"","meta":[],"product_brand":[97],"product_cat":[19,36,35],"product_tag":[],"class_list":{"0":"post-621","1":"product","2":"type-product","3":"status-publish","4":"has-post-thumbnail","6":"product_brand-delphin","7":"product_cat-grunt","8":"product_cat-wedki","9":"product_cat-wedki-feederowe","11":"first","12":"outofstock","13":"shipping-taxable","14":"purchasable","15":"product-type-simple"},"_links":{"self":[{"href":"https:\/\/kotlinafishing.pl\/index.php?rest_route=\/wp\/v2\/product\/621","targetHints":{"allow":["GET"]}}],"collection":[{"href":"https:\/\/kotlinafishing.pl\/index.php?rest_route=\/wp\/v2\/product"}],"about":[{"href":"https:\/\/kotlinafishing.pl\/index.php?rest_route=\/wp\/v2\/types\/product"}],"wp:featuredmedia":[{"embeddable":true,"href":"https:\/\/kotlinafishing.pl\/index.php?rest_route=\/wp\/v2\/media\/1024"}],"wp:attachment":[{"href":"https:\/\/kotlinafishing.pl\/index.php?rest_route=%2Fwp%2Fv2%2Fmedia&parent=621"}],"wp:term":[{"taxonomy":"product_brand","embeddable":true,"href":"https:\/\/kotlinafishing.pl\/index.php?rest_route=%2Fwp%2Fv2%2Fproduct_brand&post=621"},{"taxonomy":"product_cat","embeddable":true,"href":"https:\/\/kotlinafishing.pl\/index.php?rest_route=%2Fwp%2Fv2%2Fproduct_cat&post=621"},{"taxonomy":"product_tag","embeddable":true,"href":"https:\/\/kotlinafishing.pl\/index.php?rest_route=%2Fwp%2Fv2%2Fproduct_tag&post=621"}],"curies":[{"name":"wp","href":"https:\/\/api.w.org\/{rel}","templated":true}]}}