{"id":617,"date":"2025-09-25T10:13:18","date_gmt":"2025-09-25T08:13:18","guid":{"rendered":"http:\/\/kotlinafishing.pl\/?post_type=product&#038;p=617"},"modified":"2026-03-03T15:09:04","modified_gmt":"2026-03-03T14:09:04","slug":"wedka-mistrall-stratus-iii-method-feeder","status":"publish","type":"product","link":"https:\/\/kotlinafishing.pl\/?product=wedka-mistrall-stratus-iii-method-feeder","title":{"rendered":"W\u0119dka Mistrall Stratus III Method Feeder"},"content":{"rendered":"<p><b>Mistrall Stratus III Method Feeder<\/b> to najnowsza generacja w\u0119dzisk zaprojektowana dla wymagaj\u0105cych mi\u0142o\u015bnik\u00f3w Method Feeder. \u0141\u0105czy smuk\u0142y, szybki blank w\u0119glowy z wyj\u0105tkow\u0105 czu\u0142o\u015bci\u0105, pozwalaj\u0105c na precyzyjne i dalekie rzuty oraz natychmiastow\u0105 detekcj\u0119 bra\u0144.<\/p>\n<p>Wyposa\u017cona w przelotki SiC, pewny uchwyt ko\u0142owrotka oraz eleganck\u0105 r\u0119koje\u015b\u0107 z korka i pianki EVA, zapewnia komfort i niezawodno\u015b\u0107. W komplecie otrzymujesz 3 wymienne szczyt\u00f3wki, by idealnie dopasowa\u0107 si\u0119 do ka\u017cdych warunk\u00f3w.<\/p>\n<p>Perfekcja dla w\u0119dkarzy ceni\u0105cych precyzj\u0119, moc i najwy\u017csz\u0105 jako\u015b\u0107 wykonania.<\/p>\n<p>&nbsp;<\/p>\n<p><strong>Specyfikacja:<\/strong><\/p>\n<p><strong>Mistrall Stratus III Method Feeder 3m 20-60g<\/strong><\/p>\n<p><strong>D\u0142ugo\u015b\u0107 [cm]<\/strong>: 300<\/p>\n<p><strong>D\u0142ugo\u015b\u0107 transportowa [cm]:<\/strong> 105<\/p>\n<p><strong>Ci\u0119\u017car rzutowy [g]:<\/strong> 20-60<\/p>\n<p><strong>Ilo\u015b\u0107 sk\u0142ad\u00f3w:<\/strong> 3 (+3 szczyt\u00f3wki)<\/p>\n<p><strong>Ilo\u015b\u0107 przelotek:<\/strong> 10<\/p>\n<p><strong>Waga [g]:<\/strong> 227<\/p>\n<p><strong>\u015arednica dolnika [mm]:<\/strong> 27<\/p>\n<p>&nbsp;<\/p>\n<p><strong>Mistrall Stratus III Method Feeder 3,3m 20-60g<\/strong><\/p>\n<p><strong>D\u0142ugo\u015b\u0107 [cm]<\/strong>: 330<\/p>\n<p><strong>D\u0142ugo\u015b\u0107 transportowa [cm]:<\/strong> 115<\/p>\n<p><strong>Ci\u0119\u017car rzutowy [g]:<\/strong> 20-60<\/p>\n<p><strong>Ilo\u015b\u0107 sk\u0142ad\u00f3w:<\/strong> 3 (+3 szczyt\u00f3wki)<\/p>\n<p><strong>Ilo\u015b\u0107 przelotek:<\/strong> 12<\/p>\n<p><strong>Waga [g]:<\/strong> 256<\/p>\n<p><strong>\u015arednica dolnika [mm]:<\/strong> 27<\/p>\n<p>&nbsp;<\/p>\n<p><strong>Mistrall Stratus III Method Feeder 3,6m 20-60g<\/strong><\/p>\n<p><strong>D\u0142ugo\u015b\u0107 [cm]<\/strong>: 360<\/p>\n<p><strong>D\u0142ugo\u015b\u0107 transportowa [cm]:<\/strong> 125<\/p>\n<p><strong>Ci\u0119\u017car rzutowy [g]:<\/strong> 20-60<\/p>\n<p><strong>Ilo\u015b\u0107 sk\u0142ad\u00f3w:<\/strong> 3 (+3 szczyt\u00f3wki)<\/p>\n<p><strong>Ilo\u015b\u0107 przelotek:<\/strong> 12<\/p>\n<p><strong>Waga [g]:<\/strong> 318<\/p>\n<p><strong>\u015arednica dolnika [mm]:<\/strong> 27<\/p>\n","protected":false},"excerpt":{"rendered":"<p><b>Mistrall Stratus III Method Feeder<\/b> to najnowsza generacja w\u0119dzisk zaprojektowana dla wymagaj\u0105cych mi\u0142o\u015bnik\u00f3w Method Feeder. \u0141\u0105czy <b>smuk\u0142y, szybki blank w\u0119glowy<\/b> z wyj\u0105tkow\u0105 czu\u0142o\u015bci\u0105, pozwalaj\u0105c na precyzyjne i dalekie rzuty oraz natychmiastow\u0105 detekcj\u0119 bra\u0144.<\/p>\n","protected":false},"featured_media":0,"template":"","meta":[],"product_brand":[154],"product_cat":[19,36,35],"product_tag":[],"class_list":{"0":"post-617","1":"product","2":"type-product","3":"status-publish","5":"product_brand-mistrall","6":"product_cat-grunt","7":"product_cat-wedki","8":"product_cat-wedki-feederowe","10":"first","11":"outofstock","12":"shipping-taxable","13":"purchasable","14":"product-type-variable"},"_links":{"self":[{"href":"https:\/\/kotlinafishing.pl\/index.php?rest_route=\/wp\/v2\/product\/617","targetHints":{"allow":["GET"]}}],"collection":[{"href":"https:\/\/kotlinafishing.pl\/index.php?rest_route=\/wp\/v2\/product"}],"about":[{"href":"https:\/\/kotlinafishing.pl\/index.php?rest_route=\/wp\/v2\/types\/product"}],"wp:attachment":[{"href":"https:\/\/kotlinafishing.pl\/index.php?rest_route=%2Fwp%2Fv2%2Fmedia&parent=617"}],"wp:term":[{"taxonomy":"product_brand","embeddable":true,"href":"https:\/\/kotlinafishing.pl\/index.php?rest_route=%2Fwp%2Fv2%2Fproduct_brand&post=617"},{"taxonomy":"product_cat","embeddable":true,"href":"https:\/\/kotlinafishing.pl\/index.php?rest_route=%2Fwp%2Fv2%2Fproduct_cat&post=617"},{"taxonomy":"product_tag","embeddable":true,"href":"https:\/\/kotlinafishing.pl\/index.php?rest_route=%2Fwp%2Fv2%2Fproduct_tag&post=617"}],"curies":[{"name":"wp","href":"https:\/\/api.w.org\/{rel}","templated":true}]}}