{"id":610,"date":"2025-09-25T09:28:12","date_gmt":"2025-09-25T07:28:12","guid":{"rendered":"http:\/\/kotlinafishing.pl\/?post_type=product&#038;p=610"},"modified":"2026-01-29T14:57:03","modified_gmt":"2026-01-29T13:57:03","slug":"wedka-mikado-intro-ii-tele-float-36m-30g","status":"publish","type":"product","link":"https:\/\/kotlinafishing.pl\/?product=wedka-mikado-intro-ii-tele-float-36m-30g","title":{"rendered":"W\u0119dka Mikado Intro II Tele Float 3,6m 30g"},"content":{"rendered":"<p>Udoskonalona wersja lekkich w\u0119dek teleskopowych z serii <strong>Intro<\/strong>. Cienkie blanki uzbrojone w klasyczne przelotki i minimalistyczny uchwyt ko\u0142owrotka. Nowa, pe\u0142na szczyt\u00f3wka z carbonu poprawi\u0142a zar\u00f3wno czu\u0142o\u015b\u0107, elastyczno\u015b\u0107, jak i wytrzyma\u0142o\u015b\u0107 ca\u0142ego zestawu.<\/p>\n<p>&nbsp;<\/p>\n<p><strong>Specyfikacja:<\/strong><\/p>\n<div class=\"col-6\">\n<div class=\"d-flex justify-content-between py-2 border-bottom border-1 border-info\"><strong>D\u0142ugo\u015b\u0107 (cm):<\/strong> <span class=\"fw-bold\">360<\/span><\/div>\n<\/div>\n<div class=\"col-6\">\n<div class=\"d-flex justify-content-between py-2 border-bottom border-1 border-info\"><strong>D\u0142. transport. (cm):<\/strong> <span class=\"fw-bold\">96<\/span><\/div>\n<\/div>\n<div class=\"col-6\">\n<div class=\"d-flex justify-content-between py-2 border-bottom border-1 border-info\"><strong>Ilo\u015b\u0107 sekcji (szt):<\/strong> <span class=\"fw-bold\">6<\/span><\/div>\n<\/div>\n<div class=\"col-6\">\n<div class=\"d-flex justify-content-between py-2 border-bottom border-1 border-info\"><strong>Rodz. szczyt\u00f3wki:<\/strong> <span class=\"fw-bold\">Pe\u0142na<\/span><\/div>\n<\/div>\n<div class=\"col-6\">\n<div class=\"d-flex justify-content-between py-2 border-bottom border-1 border-info\"><strong>Waga (g):<\/strong> <span class=\"fw-bold\">197<\/span><\/div>\n<\/div>\n<div class=\"col-6\">\n<div class=\"d-flex justify-content-between py-2 border-bottom border-1 border-info\"><strong>Max. masa wyrzutu (g):<\/strong> <span class=\"fw-bold\">30<\/span><\/div>\n<\/div>\n<div class=\"col-6\">\n<div class=\"d-flex justify-content-between py-2 border-bottom border-1 border-info\"><strong>Min. masa wyrzutu (g):<\/strong> <span class=\"fw-bold\">1<\/span><\/div>\n<\/div>\n<div class=\"col-6\">\n<div class=\"d-flex justify-content-between py-2 border-bottom border-1 border-info\"><\/div>\n<\/div>\n","protected":false},"excerpt":{"rendered":"<p>Udoskonalona wersja lekkich w\u0119dek teleskopowych z serii <strong>Intro<\/strong>. Cienkie blanki uzbrojone w klasyczne przelotki i minimalistyczny uchwyt ko\u0142owrotka. Nowa, pe\u0142na szczyt\u00f3wka z carbonu poprawi\u0142a zar\u00f3wno czu\u0142o\u015b\u0107, elastyczno\u015b\u0107, jak i wytrzyma\u0142o\u015b\u0107 ca\u0142ego zestawu.<\/p>\n","protected":false},"featured_media":988,"template":"","meta":[],"product_brand":[22],"product_cat":[114,18,110],"product_tag":[],"class_list":{"0":"post-610","1":"product","2":"type-product","3":"status-publish","4":"has-post-thumbnail","6":"product_brand-mikado","7":"product_cat-teleskopy-splawikowe","8":"product_cat-splawik","9":"product_cat-wedki-splawikowe","11":"first","12":"outofstock","13":"shipping-taxable","14":"purchasable","15":"product-type-simple"},"_links":{"self":[{"href":"https:\/\/kotlinafishing.pl\/index.php?rest_route=\/wp\/v2\/product\/610","targetHints":{"allow":["GET"]}}],"collection":[{"href":"https:\/\/kotlinafishing.pl\/index.php?rest_route=\/wp\/v2\/product"}],"about":[{"href":"https:\/\/kotlinafishing.pl\/index.php?rest_route=\/wp\/v2\/types\/product"}],"wp:featuredmedia":[{"embeddable":true,"href":"https:\/\/kotlinafishing.pl\/index.php?rest_route=\/wp\/v2\/media\/988"}],"wp:attachment":[{"href":"https:\/\/kotlinafishing.pl\/index.php?rest_route=%2Fwp%2Fv2%2Fmedia&parent=610"}],"wp:term":[{"taxonomy":"product_brand","embeddable":true,"href":"https:\/\/kotlinafishing.pl\/index.php?rest_route=%2Fwp%2Fv2%2Fproduct_brand&post=610"},{"taxonomy":"product_cat","embeddable":true,"href":"https:\/\/kotlinafishing.pl\/index.php?rest_route=%2Fwp%2Fv2%2Fproduct_cat&post=610"},{"taxonomy":"product_tag","embeddable":true,"href":"https:\/\/kotlinafishing.pl\/index.php?rest_route=%2Fwp%2Fv2%2Fproduct_tag&post=610"}],"curies":[{"name":"wp","href":"https:\/\/api.w.org\/{rel}","templated":true}]}}