{"id":609,"date":"2025-09-25T09:23:16","date_gmt":"2025-09-25T07:23:16","guid":{"rendered":"http:\/\/kotlinafishing.pl\/?post_type=product&#038;p=609"},"modified":"2026-01-29T14:55:23","modified_gmt":"2026-01-29T13:55:23","slug":"odleglosciowka-mikado-katsudo-light-match-39m-2-10g","status":"publish","type":"product","link":"https:\/\/kotlinafishing.pl\/?product=odleglosciowka-mikado-katsudo-light-match-39m-2-10g","title":{"rendered":"Odleg\u0142o\u015bci\u00f3wka Mikado Katsudo Light Match 3,9m 2-10g."},"content":{"rendered":"<div class=\"p-2\">\n<p><strong>Katsudo Light Match<\/strong> to wyczynowe w\u0119dki dedykowane do sp\u0142awikowej metody odleg\u0142o\u015bciowej. Perfekcyjnie wyko\u0144czony i ultra cienki blank z w\u0119gla 30T zapewnia \u015bwietne w\u0142a\u015bciwo\u015bci rzutowe lekkim zestawem, oraz perfekcyjn\u0105 prac\u0119 pod obci\u0105\u017ceniem.<\/p>\n<\/div>\n<div class=\"p-2\">\n<p>Specyfikacja:<br \/>\n&#8211; Bardzo lekki, cienki i szybki blank z w\u0142\u00f3kna w\u0119glowego 30T<br \/>\n&#8211; Lekkie przelotki Seaguide<br \/>\n&#8211; Ergonomiczny, specjalnie wyprofilowany dolnik z twardej pianki EVA po\u0142\u0105czonej z korkiem<br \/>\n&#8211; Uchwyt ko\u0142owrotka TVS z carbonowym insertem<br \/>\n&#8211; Dodatkowy, dekoracyjny oplot z maty w\u0119glowej 1K<\/p>\n<p>&nbsp;<\/p>\n<\/div>\n<p><strong>Specyfikacja:<\/strong><\/p>\n<div class=\"col-6\">\n<div class=\"d-flex justify-content-between py-2 border-bottom border-1 border-info\"><strong>D\u0142ugo\u015b\u0107 (cm):<\/strong> <span class=\"fw-bold\">390<\/span><\/div>\n<\/div>\n<div class=\"col-6\">\n<div class=\"d-flex justify-content-between py-2 border-bottom border-1 border-info\"><strong>D\u0142. transport. (cm):<\/strong> <span class=\"fw-bold\">136<\/span><\/div>\n<\/div>\n<div class=\"col-6\">\n<div class=\"d-flex justify-content-between py-2 border-bottom border-1 border-info\"><strong>Ilo\u015b\u0107 sekcji (szt):<\/strong> <span class=\"fw-bold\">3<\/span><\/div>\n<\/div>\n<div class=\"col-6\">\n<div class=\"d-flex justify-content-between py-2 border-bottom border-1 border-info\"><strong>Waga (g):<\/strong> <span class=\"fw-bold\">188<\/span><\/div>\n<\/div>\n<div class=\"col-6\">\n<div class=\"d-flex justify-content-between py-2 border-bottom border-1 border-info\"><strong>Max. masa wyrzutu (g):<\/strong> <span class=\"fw-bold\">10<\/span><\/div>\n<\/div>\n<div class=\"col-6\">\n<div class=\"d-flex justify-content-between py-2 border-bottom border-1 border-info\"><strong>Min. masa wyrzutu (g):<\/strong> <span class=\"fw-bold\">2<\/span><\/div>\n<\/div>\n<div class=\"col-6\">\n<div class=\"d-flex justify-content-between py-2 border-bottom border-1 border-info\"><\/div>\n<\/div>\n","protected":false},"excerpt":{"rendered":"<div class=\"p-2\">\n<p><strong>Katsudo Light Match<\/strong> to wyczynowe w\u0119dki dedykowane do sp\u0142awikowej metody odleg\u0142o\u015bciowej. Perfekcyjnie wyko\u0144czony i ultra cienki blank z w\u0119gla 30T zapewnia \u015bwietne w\u0142a\u015bciwo\u015bci rzutowe lekkim zestawem, oraz perfekcyjn\u0105 prac\u0119 pod obci\u0105\u017ceniem.<\/p>\n<\/div>\n<div class=\"p-2\">\n<p>Specyfikacja:<br \/>\n&#8211; Bardzo lekki, cienki i szybki blank z w\u0142\u00f3kna w\u0119glowego 30T<br \/>\n&#8211; Lekkie przelotki Seaguide<br \/>\n&#8211; Ergonomiczny, specjalnie wyprofilowany dolnik z twardej pianki EVA po\u0142\u0105czonej z korkiem<br \/>\n&#8211; Uchwyt ko\u0142owrotka TVS z carbonowym insertem<br \/>\n&#8211; Dodatkowy, dekoracyjny oplot z maty w\u0119glowej 1K<\/p>\n<\/div>\n","protected":false},"featured_media":991,"template":"","meta":[],"product_brand":[22],"product_cat":[112,18,110],"product_tag":[],"class_list":{"0":"post-609","1":"product","2":"type-product","3":"status-publish","4":"has-post-thumbnail","6":"product_brand-mikado","7":"product_cat-odleglosciowki","8":"product_cat-splawik","9":"product_cat-wedki-splawikowe","11":"first","12":"outofstock","13":"shipping-taxable","14":"product-type-simple"},"_links":{"self":[{"href":"https:\/\/kotlinafishing.pl\/index.php?rest_route=\/wp\/v2\/product\/609","targetHints":{"allow":["GET"]}}],"collection":[{"href":"https:\/\/kotlinafishing.pl\/index.php?rest_route=\/wp\/v2\/product"}],"about":[{"href":"https:\/\/kotlinafishing.pl\/index.php?rest_route=\/wp\/v2\/types\/product"}],"wp:featuredmedia":[{"embeddable":true,"href":"https:\/\/kotlinafishing.pl\/index.php?rest_route=\/wp\/v2\/media\/991"}],"wp:attachment":[{"href":"https:\/\/kotlinafishing.pl\/index.php?rest_route=%2Fwp%2Fv2%2Fmedia&parent=609"}],"wp:term":[{"taxonomy":"product_brand","embeddable":true,"href":"https:\/\/kotlinafishing.pl\/index.php?rest_route=%2Fwp%2Fv2%2Fproduct_brand&post=609"},{"taxonomy":"product_cat","embeddable":true,"href":"https:\/\/kotlinafishing.pl\/index.php?rest_route=%2Fwp%2Fv2%2Fproduct_cat&post=609"},{"taxonomy":"product_tag","embeddable":true,"href":"https:\/\/kotlinafishing.pl\/index.php?rest_route=%2Fwp%2Fv2%2Fproduct_tag&post=609"}],"curies":[{"name":"wp","href":"https:\/\/api.w.org\/{rel}","templated":true}]}}