{"id":607,"date":"2025-09-25T09:18:38","date_gmt":"2025-09-25T07:18:38","guid":{"rendered":"http:\/\/kotlinafishing.pl\/?post_type=product&#038;p=607"},"modified":"2026-01-29T14:54:38","modified_gmt":"2026-01-29T13:54:38","slug":"odleglosciowka-mikado-ultraviolet-ii-match-39m-20g","status":"publish","type":"product","link":"https:\/\/kotlinafishing.pl\/?product=odleglosciowka-mikado-ultraviolet-ii-match-39m-20g","title":{"rendered":"Odleg\u0142o\u015bci\u00f3wka Mikado Ultraviolet II Match 3,9m 20g"},"content":{"rendered":"<p><strong>Ultraviolet Match<\/strong> to seria klasycznych w\u0119dek dedykowanych do sp\u0142awikowej metody odleg\u0142o\u015bciowej. Odpowiedni dolnik, szybka akcja, pi\u0119kna praca pod ryb\u0105 oraz relatywnie niewielka waga to jedne z licznych atut\u00f3w tej serii.<\/p>\n<p>&nbsp;<\/p>\n<p><strong>Specyfikacja:<\/strong><\/p>\n<div class=\"col-6\">\n<div class=\"d-flex justify-content-between py-2 border-bottom border-1 border-info\"><strong>Max. masa wyrzutu (g):<\/strong> <span class=\"fw-bold\">20<\/span><\/div>\n<\/div>\n<div class=\"col-6\">\n<div class=\"d-flex justify-content-between py-2 border-bottom border-1 border-info\"><strong>D\u0142ugo\u015b\u0107 (cm):<\/strong> <span class=\"fw-bold\">390<\/span><\/div>\n<\/div>\n<div class=\"col-6\">\n<div class=\"d-flex justify-content-between py-2 border-bottom border-1 border-info\"><strong>D\u0142. transport. (cm):<\/strong> <span class=\"fw-bold\">138<\/span><\/div>\n<\/div>\n<div class=\"col-6\">\n<div class=\"d-flex justify-content-between py-2 border-bottom border-1 border-info\"><strong>Ilo\u015b\u0107 sekcji (szt):<\/strong> <span class=\"fw-bold\">3<\/span><\/div>\n<\/div>\n<div class=\"col-6\">\n<div class=\"d-flex justify-content-between py-2 border-bottom border-1 border-info\"><strong>Waga (g):<\/strong> <span class=\"fw-bold\">237<\/span><\/div>\n<\/div>\n<div class=\"col-6\">\n<div class=\"d-flex justify-content-between py-2 border-bottom border-1 border-info\"><strong>Rodz. szczyt\u00f3wki:<\/strong> <span class=\"fw-bold\">Pusta<\/span><\/div>\n<\/div>\n<div class=\"col-6\">\n<div class=\"d-flex justify-content-between py-2 border-bottom border-1 border-info\"><\/div>\n<\/div>\n","protected":false},"excerpt":{"rendered":"<p><strong>Ultraviolet Match<\/strong> to seria klasycznych w\u0119dek dedykowanych do sp\u0142awikowej metody odleg\u0142o\u015bciowej. Odpowiedni dolnik, szybka akcja, pi\u0119kna praca pod ryb\u0105 oraz relatywnie niewielka waga to jedne z licznych atut\u00f3w tej serii.<\/p>\n","protected":false},"featured_media":1000,"template":"","meta":[],"product_brand":[22],"product_cat":[112,18,110],"product_tag":[],"class_list":{"0":"post-607","1":"product","2":"type-product","3":"status-publish","4":"has-post-thumbnail","6":"product_brand-mikado","7":"product_cat-odleglosciowki","8":"product_cat-splawik","9":"product_cat-wedki-splawikowe","11":"first","12":"outofstock","13":"shipping-taxable","14":"purchasable","15":"product-type-simple"},"_links":{"self":[{"href":"https:\/\/kotlinafishing.pl\/index.php?rest_route=\/wp\/v2\/product\/607","targetHints":{"allow":["GET"]}}],"collection":[{"href":"https:\/\/kotlinafishing.pl\/index.php?rest_route=\/wp\/v2\/product"}],"about":[{"href":"https:\/\/kotlinafishing.pl\/index.php?rest_route=\/wp\/v2\/types\/product"}],"wp:featuredmedia":[{"embeddable":true,"href":"https:\/\/kotlinafishing.pl\/index.php?rest_route=\/wp\/v2\/media\/1000"}],"wp:attachment":[{"href":"https:\/\/kotlinafishing.pl\/index.php?rest_route=%2Fwp%2Fv2%2Fmedia&parent=607"}],"wp:term":[{"taxonomy":"product_brand","embeddable":true,"href":"https:\/\/kotlinafishing.pl\/index.php?rest_route=%2Fwp%2Fv2%2Fproduct_brand&post=607"},{"taxonomy":"product_cat","embeddable":true,"href":"https:\/\/kotlinafishing.pl\/index.php?rest_route=%2Fwp%2Fv2%2Fproduct_cat&post=607"},{"taxonomy":"product_tag","embeddable":true,"href":"https:\/\/kotlinafishing.pl\/index.php?rest_route=%2Fwp%2Fv2%2Fproduct_tag&post=607"}],"curies":[{"name":"wp","href":"https:\/\/api.w.org\/{rel}","templated":true}]}}