{"id":606,"date":"2025-09-25T09:14:31","date_gmt":"2025-09-25T07:14:31","guid":{"rendered":"http:\/\/kotlinafishing.pl\/?post_type=product&#038;p=606"},"modified":"2026-01-29T14:52:12","modified_gmt":"2026-01-29T13:52:12","slug":"odleglosciowka-mikado-intro-ii-ultra-match-390-30g","status":"publish","type":"product","link":"https:\/\/kotlinafishing.pl\/?product=odleglosciowka-mikado-intro-ii-ultra-match-390-30g","title":{"rendered":"Odleg\u0142o\u015bci\u00f3wka Mikado Intro II Ultra Match 390  30g"},"content":{"rendered":"<p><strong>Ultra Match<\/strong> to bardzo lekka i smuk\u0142a w\u0119dka do sp\u0142awikowej metody odle\u0142o\u015bciowej. Charakteryzuje si\u0119 nisk\u0105 wag\u0105, progresyn\u0105 prac\u0105 i szybk\u0105 akcj\u0105 podczas zarzutu. \u015awietny i uniwersalny kij w atrakcyjnej p\u00f3\u0142ce cenowej.<\/p>\n<p>&nbsp;<\/p>\n<p><strong>Specyfikacja:<\/strong><\/p>\n<div class=\"col-6\">\n<div class=\"d-flex justify-content-between py-2 border-bottom border-1 border-info\"><strong>D\u0142ugo\u015b\u0107 (cm):<\/strong> <span class=\"fw-bold\">390<\/span><\/div>\n<\/div>\n<div class=\"col-6\">\n<div class=\"d-flex justify-content-between py-2 border-bottom border-1 border-info\"><strong>D\u0142. transport. (cm):<\/strong> <span class=\"fw-bold\">136<\/span><\/div>\n<\/div>\n<div class=\"col-6\">\n<div class=\"d-flex justify-content-between py-2 border-bottom border-1 border-info\"><strong>Ilo\u015b\u0107 sekcji (szt):<\/strong> 3<\/div>\n<\/div>\n<div class=\"col-6\">\n<div class=\"d-flex justify-content-between py-2 border-bottom border-1 border-info\"><strong>Waga (g):<\/strong> <span class=\"fw-bold\">240<\/span><\/div>\n<\/div>\n<div class=\"col-6\">\n<div class=\"d-flex justify-content-between py-2 border-bottom border-1 border-info\"><strong>Ci\u0119\u017car wyrzutu:<\/strong> do <span class=\"fw-bold\">30g<\/span><\/div>\n<\/div>\n<div class=\"col-6\">\n<div class=\"d-flex justify-content-between py-2 border-bottom border-1 border-info\"><\/div>\n<\/div>\n","protected":false},"excerpt":{"rendered":"<p><strong>Ultra Match<\/strong> to bardzo lekka i smuk\u0142a w\u0119dka do sp\u0142awikowej metody odle\u0142o\u015bciowej. Charakteryzuje si\u0119 nisk\u0105 wag\u0105, progresyn\u0105 prac\u0105 i szybk\u0105 akcj\u0105 podczas zarzutu. \u015awietny i uniwersalny kij w atrakcyjnej p\u00f3\u0142ce cenowej.<\/p>\n","protected":false},"featured_media":1002,"template":"","meta":[],"product_brand":[22],"product_cat":[112,18,110],"product_tag":[],"class_list":{"0":"post-606","1":"product","2":"type-product","3":"status-publish","4":"has-post-thumbnail","6":"product_brand-mikado","7":"product_cat-odleglosciowki","8":"product_cat-splawik","9":"product_cat-wedki-splawikowe","11":"first","12":"outofstock","13":"shipping-taxable","14":"purchasable","15":"product-type-simple"},"_links":{"self":[{"href":"https:\/\/kotlinafishing.pl\/index.php?rest_route=\/wp\/v2\/product\/606","targetHints":{"allow":["GET"]}}],"collection":[{"href":"https:\/\/kotlinafishing.pl\/index.php?rest_route=\/wp\/v2\/product"}],"about":[{"href":"https:\/\/kotlinafishing.pl\/index.php?rest_route=\/wp\/v2\/types\/product"}],"wp:featuredmedia":[{"embeddable":true,"href":"https:\/\/kotlinafishing.pl\/index.php?rest_route=\/wp\/v2\/media\/1002"}],"wp:attachment":[{"href":"https:\/\/kotlinafishing.pl\/index.php?rest_route=%2Fwp%2Fv2%2Fmedia&parent=606"}],"wp:term":[{"taxonomy":"product_brand","embeddable":true,"href":"https:\/\/kotlinafishing.pl\/index.php?rest_route=%2Fwp%2Fv2%2Fproduct_brand&post=606"},{"taxonomy":"product_cat","embeddable":true,"href":"https:\/\/kotlinafishing.pl\/index.php?rest_route=%2Fwp%2Fv2%2Fproduct_cat&post=606"},{"taxonomy":"product_tag","embeddable":true,"href":"https:\/\/kotlinafishing.pl\/index.php?rest_route=%2Fwp%2Fv2%2Fproduct_tag&post=606"}],"curies":[{"name":"wp","href":"https:\/\/api.w.org\/{rel}","templated":true}]}}