{"id":597,"date":"2025-09-25T08:40:45","date_gmt":"2025-09-25T06:40:45","guid":{"rendered":"http:\/\/kotlinafishing.pl\/?post_type=product&#038;p=597"},"modified":"2025-09-25T08:43:02","modified_gmt":"2025-09-25T06:43:02","slug":"bat-mistrall-stratus-competition-300-3m-do-25g","status":"publish","type":"product","link":"https:\/\/kotlinafishing.pl\/?product=bat-mistrall-stratus-competition-300-3m-do-25g","title":{"rendered":"Bat Mistrall Stratus Competition 300 3m do 25g"},"content":{"rendered":"<p>Kr\u00f3tki bat idealny dla pocz\u0105tkuj\u0105cych w\u0119dkarzy. Idealnie b\u0119dzie si\u0119 nadawa\u0107 do od\u0142awiania drobnych rybek zar\u00f3wno na zawodach jak i podczas prywatnego w\u0119dkowania. Zapas mocy pozwoli tak\u017ce wyholowa\u0107 wi\u0119ksze ryby.<\/p>\n<p>&nbsp;<\/p>\n<p><strong>Charakterystyka:<\/strong><\/p>\n<p><strong>D\u0142ugo\u015b\u0107:<\/strong> 300cm<\/p>\n<p><strong>D\u0142ugo\u015b\u0107 transportowa:<\/strong> 114cm<\/p>\n<p><strong>Ilo\u015b\u0107 sk\u0142ad\u00f3w:<\/strong> 3<\/p>\n<p><strong>Ci\u0119\u017car wyrzutu:<\/strong> do 25g<\/p>\n<p>&nbsp;<\/p>\n","protected":false},"excerpt":{"rendered":"<p>Kr\u00f3tki bat idealny dla pocz\u0105tkuj\u0105cych w\u0119dkarzy. Idealnie b\u0119dzie si\u0119 nadawa\u0107 do od\u0142awiania drobnych rybek zar\u00f3wno na zawodach jak i podczas prywatnego w\u0119dkowania. Zapas mocy pozwoli tak\u017ce wyholowa\u0107 wi\u0119ksze ryby.<\/p>\n","protected":false},"featured_media":0,"template":"","meta":[],"product_brand":[154],"product_cat":[111,18,110],"product_tag":[],"class_list":{"0":"post-597","1":"product","2":"type-product","3":"status-publish","5":"product_brand-mistrall","6":"product_cat-baty","7":"product_cat-splawik","8":"product_cat-wedki-splawikowe","10":"first","11":"instock","12":"shipping-taxable","13":"purchasable","14":"product-type-simple"},"_links":{"self":[{"href":"https:\/\/kotlinafishing.pl\/index.php?rest_route=\/wp\/v2\/product\/597","targetHints":{"allow":["GET"]}}],"collection":[{"href":"https:\/\/kotlinafishing.pl\/index.php?rest_route=\/wp\/v2\/product"}],"about":[{"href":"https:\/\/kotlinafishing.pl\/index.php?rest_route=\/wp\/v2\/types\/product"}],"wp:attachment":[{"href":"https:\/\/kotlinafishing.pl\/index.php?rest_route=%2Fwp%2Fv2%2Fmedia&parent=597"}],"wp:term":[{"taxonomy":"product_brand","embeddable":true,"href":"https:\/\/kotlinafishing.pl\/index.php?rest_route=%2Fwp%2Fv2%2Fproduct_brand&post=597"},{"taxonomy":"product_cat","embeddable":true,"href":"https:\/\/kotlinafishing.pl\/index.php?rest_route=%2Fwp%2Fv2%2Fproduct_cat&post=597"},{"taxonomy":"product_tag","embeddable":true,"href":"https:\/\/kotlinafishing.pl\/index.php?rest_route=%2Fwp%2Fv2%2Fproduct_tag&post=597"}],"curies":[{"name":"wp","href":"https:\/\/api.w.org\/{rel}","templated":true}]}}