{"id":587,"date":"2025-09-24T10:50:03","date_gmt":"2025-09-24T08:50:03","guid":{"rendered":"http:\/\/kotlinafishing.pl\/?post_type=product&#038;p=587"},"modified":"2026-03-29T19:46:40","modified_gmt":"2026-03-29T17:46:40","slug":"sztyca-delphin-mystery-nxt","status":"publish","type":"product","link":"https:\/\/kotlinafishing.pl\/?product=sztyca-delphin-mystery-nxt","title":{"rendered":"Sztyca Delphin MYSTERY NXT"},"content":{"rendered":"<p>Teleskopowa sztyca do podbieraka <strong>Delphin Mystery NXT<\/strong> to doskona\u0142e narz\u0119dzie dla ka\u017cdego w\u0119dkarza, kt\u00f3ry chce zwi\u0119kszy\u0107 sw\u00f3j zasi\u0119g i u\u0142atwi\u0107 obs\u0142ug\u0119 podbieraka podczas l\u0105dowania ryb.<\/p>\n<p>Uchwyt ten zosta\u0142 wykonany z wysokiej jako\u015bci materia\u0142u w\u0119glowego, co zapewnia jego trwa\u0142o\u015b\u0107 i nisk\u0105 wag\u0119. Aby zagwarantowa\u0107 wygodne wymiary transportowe,<br \/>\nwszystkie warianty d\u0142ugo\u015bci sk\u0142adaj\u0105 si\u0119 z trzech teleskopowych sekcji. Uniwersalny gwint umo\u017cliwia mocowanie r\u00f3\u017cnych standardowych kosz\u00f3w w\u0119dkarskich.<\/p>\n<p>Ze wzgl\u0119du na swoje zalety i praktyczno\u015b\u0107, teleskopowa sztyca <strong>Mystery NXT<\/strong> jest doskona\u0142ym dodatkiem do twojego sprz\u0119tu w\u0119dkarskiego,<br \/>\nznacznie zwi\u0119kszaj\u0105cym szanse na udane l\u0105dowanie ka\u017cdej ryby.<\/p>\n<p><strong>Dane techniczne:<\/strong><br \/>\nModel 260cm\/294g<br \/>\n<strong>Materia\u0142:<\/strong> w\u0142\u00f3kno w\u0119glowe<br \/>\n<strong>Ca\u0142kowita d\u0142ugo\u015b\u0107:<\/strong> 260 cm<br \/>\n<strong>Liczba sekcji:<\/strong> 3<br \/>\n<strong>D\u0142ugo\u015b\u0107 transportowa:<\/strong> 94cm<br \/>\n<strong>Waga:<\/strong> 294g<\/p>\n<p>Model 320cm\/336g<br \/>\n<strong>Materia\u0142:<\/strong> w\u0142\u00f3kno w\u0119glowe<br \/>\n<strong>Ca\u0142kowita d\u0142ugo\u015b\u0107:<\/strong> 320 cm<br \/>\n<strong>Liczba sekcji:<\/strong> 3<br \/>\n<strong>D\u0142ugo\u015b\u0107 transportowa:<\/strong> 116cm<br \/>\n<strong>Waga:<\/strong> 336g<\/p>\n","protected":false},"excerpt":{"rendered":"<p>Teleskopowa sztyca do podbieraka <strong>Delphin Mystery NXT<\/strong> to doskona\u0142e narz\u0119dzie dla ka\u017cdego w\u0119dkarza, kt\u00f3ry chce zwi\u0119kszy\u0107 sw\u00f3j zasi\u0119g i u\u0142atwi\u0107 obs\u0142ug\u0119 podbieraka podczas l\u0105dowania ryb.<\/p>\n","protected":false},"featured_media":1047,"template":"","meta":[],"product_brand":[97],"product_cat":[80,84,19,18],"product_tag":[],"class_list":{"0":"post-587","1":"product","2":"type-product","3":"status-publish","4":"has-post-thumbnail","6":"product_brand-delphin","7":"product_cat-siatki-podbieraki-sztyce","8":"product_cat-sztyce","9":"product_cat-grunt","10":"product_cat-splawik","12":"first","13":"instock","14":"shipping-taxable","15":"purchasable","16":"product-type-variable"},"_links":{"self":[{"href":"https:\/\/kotlinafishing.pl\/index.php?rest_route=\/wp\/v2\/product\/587","targetHints":{"allow":["GET"]}}],"collection":[{"href":"https:\/\/kotlinafishing.pl\/index.php?rest_route=\/wp\/v2\/product"}],"about":[{"href":"https:\/\/kotlinafishing.pl\/index.php?rest_route=\/wp\/v2\/types\/product"}],"wp:featuredmedia":[{"embeddable":true,"href":"https:\/\/kotlinafishing.pl\/index.php?rest_route=\/wp\/v2\/media\/1047"}],"wp:attachment":[{"href":"https:\/\/kotlinafishing.pl\/index.php?rest_route=%2Fwp%2Fv2%2Fmedia&parent=587"}],"wp:term":[{"taxonomy":"product_brand","embeddable":true,"href":"https:\/\/kotlinafishing.pl\/index.php?rest_route=%2Fwp%2Fv2%2Fproduct_brand&post=587"},{"taxonomy":"product_cat","embeddable":true,"href":"https:\/\/kotlinafishing.pl\/index.php?rest_route=%2Fwp%2Fv2%2Fproduct_cat&post=587"},{"taxonomy":"product_tag","embeddable":true,"href":"https:\/\/kotlinafishing.pl\/index.php?rest_route=%2Fwp%2Fv2%2Fproduct_tag&post=587"}],"curies":[{"name":"wp","href":"https:\/\/api.w.org\/{rel}","templated":true}]}}