{"id":583,"date":"2025-09-24T10:23:16","date_gmt":"2025-09-24T08:23:16","guid":{"rendered":"http:\/\/kotlinafishing.pl\/?post_type=product&#038;p=583"},"modified":"2026-03-29T19:47:24","modified_gmt":"2026-03-29T17:47:24","slug":"sztyca-podbieraka-delphin-reaxe-telexhandle","status":"publish","type":"product","link":"https:\/\/kotlinafishing.pl\/?product=sztyca-podbieraka-delphin-reaxe-telexhandle","title":{"rendered":"Sztyca podbieraka Delphin REAXE TelexHANDLE"},"content":{"rendered":"<p><strong>REAXE TelexHANDLE<\/strong> to seria w pe\u0142ni w\u0119glowych sztyc do koszy feederowych. Nowoczesny design <strong>REAXE<\/strong> w po\u0142\u0105czeniu z karbonowym wzorem przyci\u0105gnie wzrok wszystkich entuzjast\u00f3w feedera. Ale to nie wszystko!<\/p>\n<p>Sztyca jest lekka, wytrzyma\u0142a, wywa\u017cona, a poszczeg\u00f3lne elementy idealnie do siebie pasuj\u0105. Uniwersalny gwint na ko\u0144cu sztycy jest kompatybilny z wi\u0119kszo\u015bci\u0105 koszy dost\u0119pnych na rynku. Dolna cz\u0119\u015b\u0107 sztycy pokryta jest czarn\u0105, antypo\u015blizgow\u0105 pow\u0142ok\u0105 termokurczliw\u0105.<\/p>\n<p>Dzi\u0119ki tym wszystkim cechom, <strong>TelexHANDLE<\/strong> z pewno\u015bci\u0105 stanie si\u0119 podstawowym elementem Twojego wyposa\u017cenia w\u0119dkarskiego, a \u0142owienie ryb stanie si\u0119 jeszcze przyjemniejsze.<\/p>\n<p><strong>Specyfikacja:<\/strong><br \/>\n<strong>D\u0142ugo\u015b\u0107:<\/strong> 260 cm<br \/>\n<strong>Liczba sk\u0142ad\u00f3w:<\/strong> 3<br \/>\n<strong>D\u0142ugo\u015b\u0107 transportowa:<\/strong> 115,5 cm<br \/>\n<strong>Waga:<\/strong> 295 g<\/p>\n<p><strong>D\u0142ugo\u015b\u0107:<\/strong> 320 cm<br \/>\n<strong>Liczba sk\u0142ad\u00f3w:<\/strong> 3<br \/>\n<strong>D\u0142ugo\u015b\u0107 transportowa:<\/strong> 116 cm<br \/>\n<strong>Waga:<\/strong> 330 g<\/p>\n<p><strong>D\u0142ugo\u015b\u0107:<\/strong> 400 cm<br \/>\n<strong>Liczba sk\u0142ad\u00f3w:<\/strong> 4<br \/>\n<strong>D\u0142ugo\u015b\u0107 transportowa:<\/strong> 113 cm<br \/>\n<strong>Waga:<\/strong> 430 g<\/p>\n","protected":false},"excerpt":{"rendered":"<p><strong>REAXE TelexHANDLE<\/strong> to seria w pe\u0142ni w\u0119glowych sztyc do koszy feederowych. Nowoczesny design <strong>REAXE<\/strong> w po\u0142\u0105czeniu z karbonowym wzorem przyci\u0105gnie wzrok wszystkich entuzjast\u00f3w feedera. Ale to nie wszystko!<\/p>\n","protected":false},"featured_media":1054,"template":"","meta":[],"product_brand":[97],"product_cat":[80,84,19,18],"product_tag":[],"class_list":{"0":"post-583","1":"product","2":"type-product","3":"status-publish","4":"has-post-thumbnail","6":"product_brand-delphin","7":"product_cat-siatki-podbieraki-sztyce","8":"product_cat-sztyce","9":"product_cat-grunt","10":"product_cat-splawik","12":"first","13":"instock","14":"shipping-taxable","15":"purchasable","16":"product-type-variable"},"_links":{"self":[{"href":"https:\/\/kotlinafishing.pl\/index.php?rest_route=\/wp\/v2\/product\/583","targetHints":{"allow":["GET"]}}],"collection":[{"href":"https:\/\/kotlinafishing.pl\/index.php?rest_route=\/wp\/v2\/product"}],"about":[{"href":"https:\/\/kotlinafishing.pl\/index.php?rest_route=\/wp\/v2\/types\/product"}],"wp:featuredmedia":[{"embeddable":true,"href":"https:\/\/kotlinafishing.pl\/index.php?rest_route=\/wp\/v2\/media\/1054"}],"wp:attachment":[{"href":"https:\/\/kotlinafishing.pl\/index.php?rest_route=%2Fwp%2Fv2%2Fmedia&parent=583"}],"wp:term":[{"taxonomy":"product_brand","embeddable":true,"href":"https:\/\/kotlinafishing.pl\/index.php?rest_route=%2Fwp%2Fv2%2Fproduct_brand&post=583"},{"taxonomy":"product_cat","embeddable":true,"href":"https:\/\/kotlinafishing.pl\/index.php?rest_route=%2Fwp%2Fv2%2Fproduct_cat&post=583"},{"taxonomy":"product_tag","embeddable":true,"href":"https:\/\/kotlinafishing.pl\/index.php?rest_route=%2Fwp%2Fv2%2Fproduct_tag&post=583"}],"curies":[{"name":"wp","href":"https:\/\/api.w.org\/{rel}","templated":true}]}}