{"id":582,"date":"2025-09-24T10:11:00","date_gmt":"2025-09-24T08:11:00","guid":{"rendered":"http:\/\/kotlinafishing.pl\/?post_type=product&#038;p=582"},"modified":"2026-03-29T19:47:59","modified_gmt":"2026-03-29T17:47:59","slug":"sztyca-podbieraka-mikado-sensual-ng-300-3m","status":"publish","type":"product","link":"https:\/\/kotlinafishing.pl\/?product=sztyca-podbieraka-mikado-sensual-ng-300-3m","title":{"rendered":"Sztyca podbieraka Mikado Sensual NG 300 &#8211; 3m."},"content":{"rendered":"<p>Bardzo dobrej klasy sztyca podbieraka, niezast\u0105piona podczas po\u0142ow\u00f3w amatorskich i wyczynowych. Wyposa\u017cona w standardowy gwint, pasuj\u0105cy do wszystkich rodzaj\u00f3w koszy czy g\u0142\u00f3wek, oraz antypo\u015blizgow\u0105 r\u0119koje\u015b\u0107. Dost\u0119pna w trzech d\u0142ugo\u015bciach.<\/p>\n<p>&nbsp;<\/p>\n<p><strong>Specyfikacja:<\/strong><\/p>\n<div class=\"col-6\">\n<div class=\"d-flex justify-content-between py-2 border-bottom border-1 border-info\"><strong>Ilo\u015b\u0107 sekcji (szt):<\/strong> <span class=\"fw-bold\">3<\/span><\/div>\n<\/div>\n<div class=\"col-6\">\n<div class=\"d-flex justify-content-between py-2 border-bottom border-1 border-info\"><strong>D\u0142ugo\u015b\u0107 (cm):<\/strong> <span class=\"fw-bold\">300<\/span><\/div>\n<\/div>\n","protected":false},"excerpt":{"rendered":"<p>Bardzo dobrej klasy sztyca podbieraka, niezast\u0105piona podczas po\u0142ow\u00f3w amatorskich i wyczynowych. Wyposa\u017cona w standardowy gwint, pasuj\u0105cy do wszystkich rodzaj\u00f3w koszy czy g\u0142\u00f3wek, oraz antypo\u015blizgow\u0105 r\u0119koje\u015b\u0107. Dost\u0119pna w trzech d\u0142ugo\u015bciach.<\/p>\n","protected":false},"featured_media":1018,"template":"","meta":[],"product_brand":[22],"product_cat":[80,84,19,18],"product_tag":[],"class_list":{"0":"post-582","1":"product","2":"type-product","3":"status-publish","4":"has-post-thumbnail","6":"product_brand-mikado","7":"product_cat-siatki-podbieraki-sztyce","8":"product_cat-sztyce","9":"product_cat-grunt","10":"product_cat-splawik","12":"first","13":"instock","14":"shipping-taxable","15":"purchasable","16":"product-type-simple"},"_links":{"self":[{"href":"https:\/\/kotlinafishing.pl\/index.php?rest_route=\/wp\/v2\/product\/582","targetHints":{"allow":["GET"]}}],"collection":[{"href":"https:\/\/kotlinafishing.pl\/index.php?rest_route=\/wp\/v2\/product"}],"about":[{"href":"https:\/\/kotlinafishing.pl\/index.php?rest_route=\/wp\/v2\/types\/product"}],"wp:featuredmedia":[{"embeddable":true,"href":"https:\/\/kotlinafishing.pl\/index.php?rest_route=\/wp\/v2\/media\/1018"}],"wp:attachment":[{"href":"https:\/\/kotlinafishing.pl\/index.php?rest_route=%2Fwp%2Fv2%2Fmedia&parent=582"}],"wp:term":[{"taxonomy":"product_brand","embeddable":true,"href":"https:\/\/kotlinafishing.pl\/index.php?rest_route=%2Fwp%2Fv2%2Fproduct_brand&post=582"},{"taxonomy":"product_cat","embeddable":true,"href":"https:\/\/kotlinafishing.pl\/index.php?rest_route=%2Fwp%2Fv2%2Fproduct_cat&post=582"},{"taxonomy":"product_tag","embeddable":true,"href":"https:\/\/kotlinafishing.pl\/index.php?rest_route=%2Fwp%2Fv2%2Fproduct_tag&post=582"}],"curies":[{"name":"wp","href":"https:\/\/api.w.org\/{rel}","templated":true}]}}