{"id":553,"date":"2025-09-14T20:44:29","date_gmt":"2025-09-14T18:44:29","guid":{"rendered":"http:\/\/kotlinafishing.pl\/?post_type=product&#038;p=553"},"modified":"2026-03-26T15:10:36","modified_gmt":"2026-03-26T14:10:36","slug":"delphin-wasabi-spin-nxt-24m-10-30g-2-sklady","status":"publish","type":"product","link":"https:\/\/kotlinafishing.pl\/?product=delphin-wasabi-spin-nxt-24m-10-30g-2-sklady","title":{"rendered":"Delphin Wasabi Spin NXT 2,4m 10-30g (2 sk\u0142ady)"},"content":{"rendered":"<p>Nowa wersja w\u0119dki <strong>WASABI Spin<\/strong>, kt\u00f3ra zachowuje wszystkie zalety poprzedniego modelu.<\/p>\n<p><strong>WASABI<\/strong> udowadnia, \u017ce wydajna produkcja i nieszablonowe my\u015blenie mog\u0105 stworzy\u0107 niezawodn\u0105 w\u0119dk\u0119 o dobrych w\u0142a\u015bciwo\u015bciach, kt\u00f3ra nie wydrenuje portfela i nadal zapewni przyjemno\u015b\u0107 z ka\u017cdej wyprawy w\u0119dkarskiej! Blank jest wykonany z idealnej proporcji materia\u0142\u00f3w dla proporcjonalnie wywa\u017conej w\u0119dki. R\u0119koje\u015b\u0107 EVA idealnie le\u017cy w d\u0142oni, ma przyjemn\u0105 akcj\u0119 i wysokiej jako\u015bci przelotki, wi\u0119c nie musisz si\u0119 martwi\u0107 o ich uszkodzenie.<\/p>\n<p><strong>WASABI Spin<\/strong> ma czu\u0142\u0105 szczyt\u00f3wk\u0119, kt\u00f3ra pozwala wyczu\u0107 nawet najdelikatniejsze brania.<\/p>\n<p><strong>WASABI Spin<\/strong> to \u015bwietny wyb\u00f3r do aktywnego \u0142owienia drapie\u017cnik\u00f3w i dla wszystkich, kt\u00f3rzy szukaj\u0105 wysokiej jako\u015bci w\u0119dki za rozs\u0105dn\u0105 cen\u0119.<\/p>\n<p>&nbsp;<\/p>\n<p>Specyfikacja:<\/p>\n<p><strong>Model:<\/strong> 240cm\/10-30g<br \/>\n<strong>Liczba sk\u0142ad\u00f3w:<\/strong> 2<br \/>\n<strong>\u015arednica blanku nad r\u0119koje\u015bci\u0105:<\/strong> 14,70 mm<br \/>\n<strong>Liczba przelotek:<\/strong> 7<br \/>\n<strong>Rozmiar transportowy:<\/strong> 125 cm<br \/>\n<strong>Waga:<\/strong> 156 g<br \/>\n<strong>Uchwyt:<\/strong> dzielony, pianka EVA<br \/>\n<strong>D\u0142ugo\u015b\u0107 uchwytu (od dolnika do \u015brodka uchwytu ko\u0142owrotka):<\/strong> 32cm<\/p>\n","protected":false},"excerpt":{"rendered":"<p>Nowa wersja w\u0119dki <strong>WASABI Spin<\/strong>, kt\u00f3ra zachowuje wszystkie zalety poprzedniego modelu.<\/p>\n","protected":false},"featured_media":555,"template":"","meta":[],"product_brand":[97],"product_cat":[21,144,145],"product_tag":[],"class_list":{"0":"post-553","1":"product","2":"type-product","3":"status-publish","4":"has-post-thumbnail","6":"product_brand-delphin","7":"product_cat-spinning","8":"product_cat-wedki-spinning","9":"product_cat-wedki-spinningowe","11":"first","12":"outofstock","13":"shipping-taxable","14":"purchasable","15":"product-type-simple"},"_links":{"self":[{"href":"https:\/\/kotlinafishing.pl\/index.php?rest_route=\/wp\/v2\/product\/553","targetHints":{"allow":["GET"]}}],"collection":[{"href":"https:\/\/kotlinafishing.pl\/index.php?rest_route=\/wp\/v2\/product"}],"about":[{"href":"https:\/\/kotlinafishing.pl\/index.php?rest_route=\/wp\/v2\/types\/product"}],"wp:featuredmedia":[{"embeddable":true,"href":"https:\/\/kotlinafishing.pl\/index.php?rest_route=\/wp\/v2\/media\/555"}],"wp:attachment":[{"href":"https:\/\/kotlinafishing.pl\/index.php?rest_route=%2Fwp%2Fv2%2Fmedia&parent=553"}],"wp:term":[{"taxonomy":"product_brand","embeddable":true,"href":"https:\/\/kotlinafishing.pl\/index.php?rest_route=%2Fwp%2Fv2%2Fproduct_brand&post=553"},{"taxonomy":"product_cat","embeddable":true,"href":"https:\/\/kotlinafishing.pl\/index.php?rest_route=%2Fwp%2Fv2%2Fproduct_cat&post=553"},{"taxonomy":"product_tag","embeddable":true,"href":"https:\/\/kotlinafishing.pl\/index.php?rest_route=%2Fwp%2Fv2%2Fproduct_tag&post=553"}],"curies":[{"name":"wp","href":"https:\/\/api.w.org\/{rel}","templated":true}]}}