{"id":476,"date":"2025-09-13T12:27:20","date_gmt":"2025-09-13T10:27:20","guid":{"rendered":"http:\/\/kotlinafishing.pl\/?post_type=product&#038;p=476"},"modified":"2026-01-29T14:51:21","modified_gmt":"2026-01-29T13:51:21","slug":"mikado-intro-havy-spin-24m-10-40g","status":"publish","type":"product","link":"https:\/\/kotlinafishing.pl\/?product=mikado-intro-havy-spin-24m-10-40g","title":{"rendered":"Mikado Intro Havy Spin 2,4m 10-40g (2 sk\u0142ady)"},"content":{"rendered":"<p>Mocne w\u0119dziska spinningowe dedykowane do po\u0142owu \u015brednimi oraz du\u017cymi przyn\u0119tami. Szybka akcja, czu\u0142y w\u0119glowy blank oraz g\u0142\u0119bsze ugi\u0119cie dostarczy niesamowitych wra\u017ce\u0144 podczas walki z najwi\u0119kszymi okazami.<\/p>\n<div class=\"col-6\">\n<div class=\"d-flex justify-content-between py-2 border-bottom border-1 border-info\"><strong>D\u0142ugo\u015b\u0107 (cm):<\/strong> <span class=\"fw-bold\">240<\/span><\/div>\n<\/div>\n<div class=\"col-6\">\n<div class=\"d-flex justify-content-between py-2 border-bottom border-1 border-info\"><strong>D\u0142. transport. (cm):<\/strong> <span class=\"fw-bold\">125<\/span><\/div>\n<\/div>\n<div class=\"col-6\">\n<div class=\"d-flex justify-content-between py-2 border-bottom border-1 border-info\"><strong>Ilo\u015b\u0107 sekcji (szt):<\/strong> <span class=\"fw-bold\">2<\/span><\/div>\n<\/div>\n<div class=\"col-6\">\n<div class=\"d-flex justify-content-between py-2 border-bottom border-1 border-info\"><strong>Rodz. szczyt\u00f3wki:<\/strong> <span class=\"fw-bold\">Pusta<\/span><\/div>\n<\/div>\n<div class=\"col-6\">\n<div class=\"d-flex justify-content-between py-2 border-bottom border-1 border-info\"><strong>Waga (g): <\/strong><span class=\"fw-bold\">155<\/span><\/div>\n<\/div>\n<div class=\"col-6\">\n<div class=\"d-flex justify-content-between py-2 border-bottom border-1 border-info\"><strong>Max. masa wyrzutu (g):<\/strong> <span class=\"fw-bold\">40<\/span><\/div>\n<\/div>\n<div class=\"col-6\">\n<div class=\"d-flex justify-content-between py-2 border-bottom border-1 border-info\"><strong>Min. masa wyrzutu (g):<\/strong> <span class=\"fw-bold\">10<\/span><\/div>\n<\/div>\n<div class=\"col-6\"><\/div>\n<div class=\"col-6\">\n<div class=\"d-flex justify-content-between py-2 border-bottom border-1 border-info\"><\/div>\n<\/div>\n","protected":false},"excerpt":{"rendered":"<p>Mocne w\u0119dziska spinningowe dedykowane do po\u0142owu \u015brednimi oraz du\u017cymi przyn\u0119tami. Szybka akcja, czu\u0142y w\u0119glowy blank oraz g\u0142\u0119bsze ugi\u0119cie dostarczy niesamowitych wra\u017ce\u0144 podczas walki z najwi\u0119kszymi okazami.<\/p>\n","protected":false},"featured_media":525,"template":"","meta":[],"product_brand":[22],"product_cat":[21,144,145],"product_tag":[],"class_list":{"0":"post-476","1":"product","2":"type-product","3":"status-publish","4":"has-post-thumbnail","6":"product_brand-mikado","7":"product_cat-spinning","8":"product_cat-wedki-spinning","9":"product_cat-wedki-spinningowe","11":"first","12":"outofstock","13":"shipping-taxable","14":"purchasable","15":"product-type-simple"},"_links":{"self":[{"href":"https:\/\/kotlinafishing.pl\/index.php?rest_route=\/wp\/v2\/product\/476","targetHints":{"allow":["GET"]}}],"collection":[{"href":"https:\/\/kotlinafishing.pl\/index.php?rest_route=\/wp\/v2\/product"}],"about":[{"href":"https:\/\/kotlinafishing.pl\/index.php?rest_route=\/wp\/v2\/types\/product"}],"wp:featuredmedia":[{"embeddable":true,"href":"https:\/\/kotlinafishing.pl\/index.php?rest_route=\/wp\/v2\/media\/525"}],"wp:attachment":[{"href":"https:\/\/kotlinafishing.pl\/index.php?rest_route=%2Fwp%2Fv2%2Fmedia&parent=476"}],"wp:term":[{"taxonomy":"product_brand","embeddable":true,"href":"https:\/\/kotlinafishing.pl\/index.php?rest_route=%2Fwp%2Fv2%2Fproduct_brand&post=476"},{"taxonomy":"product_cat","embeddable":true,"href":"https:\/\/kotlinafishing.pl\/index.php?rest_route=%2Fwp%2Fv2%2Fproduct_cat&post=476"},{"taxonomy":"product_tag","embeddable":true,"href":"https:\/\/kotlinafishing.pl\/index.php?rest_route=%2Fwp%2Fv2%2Fproduct_tag&post=476"}],"curies":[{"name":"wp","href":"https:\/\/api.w.org\/{rel}","templated":true}]}}