{"id":474,"date":"2025-09-13T12:21:09","date_gmt":"2025-09-13T10:21:09","guid":{"rendered":"http:\/\/kotlinafishing.pl\/?post_type=product&#038;p=474"},"modified":"2026-01-29T14:50:27","modified_gmt":"2026-01-29T13:50:27","slug":"mikado-katsudo-true-fighter-245m-6-28g-2-sklady","status":"publish","type":"product","link":"https:\/\/kotlinafishing.pl\/?product=mikado-katsudo-true-fighter-245m-6-28g-2-sklady","title":{"rendered":"Mikado Katsudo True Fighter 2,45m 6-28g (2 sk\u0142ady)"},"content":{"rendered":"<p><strong>True Fighter<\/strong> to \u015bwietny kij do po\u0142owu rzecznych drapie\u017cnik\u00f3w, przede wszystkim boleni, szczupak\u00f3w i rekordowych kleni. Szybki i elastyczny pozwala skutecznie wystrzeli\u0107 przyn\u0119t\u0119, a spory zapas mocy zaci\u0105\u0107 i wyholowa\u0107 nawet rekordowe sztuki.<\/p>\n<p>\u2022\u00a0\u00a0 \u00a0Lekki i szybki blank z w\u0142\u00f3kna w\u0119glowego 24T<br \/>\n\u2022\u00a0\u00a0 \u00a0Nowoczesne przelotki typu K<br \/>\n\u2022\u00a0\u00a0 \u00a0Lekki uchwyt ko\u0142owrotka SKSS z unikalnym, drewnianym insertem<br \/>\n\u2022\u00a0\u00a0 \u00a0Dzielona r\u0119koje\u015b\u0107 wyko\u0144czona oryginalnym korkiem typu tiger,<\/p>\n<p>&nbsp;<\/p>\n<div class=\"col-6\">\n<div class=\"d-flex justify-content-between py-2 border-bottom border-1 border-info\"><strong>D\u0142ugo\u015b\u0107 (cm):<\/strong> <span class=\"fw-bold\">245<\/span><\/div>\n<\/div>\n<div class=\"col-6\">\n<div class=\"d-flex justify-content-between py-2 border-bottom border-1 border-info\"><strong>D\u0142. transport. (cm): <\/strong><span class=\"fw-bold\">126<\/span><\/div>\n<\/div>\n<div class=\"col-6\">\n<div class=\"d-flex justify-content-between py-2 border-bottom border-1 border-info\"><strong>Ilo\u015b\u0107 sekcji (szt):<\/strong> <span class=\"fw-bold\">2<\/span><\/div>\n<\/div>\n<div class=\"col-6\">\n<div class=\"d-flex justify-content-between py-2 border-bottom border-1 border-info\"><strong>Waga (g):<\/strong><span class=\"fw-bold\">130<\/span><\/div>\n<\/div>\n<div class=\"col-6\"><\/div>\n<div class=\"col-6\">\n<div class=\"d-flex justify-content-between py-2 border-bottom border-1 border-info\"><\/div>\n<\/div>\n","protected":false},"excerpt":{"rendered":"<p><strong>True Fighter<\/strong> to \u015bwietny kij do po\u0142owu rzecznych drapie\u017cnik\u00f3w, przede wszystkim boleni, szczupak\u00f3w i rekordowych kleni. Szybki i elastyczny pozwala skutecznie wystrzeli\u0107 przyn\u0119t\u0119, a spory zapas mocy zaci\u0105\u0107 i wyholowa\u0107 nawet rekordowe sztuki.<\/p>\n<p>\u2022\u00a0\u00a0 \u00a0Lekki i szybki blank z w\u0142\u00f3kna w\u0119glowego 24T<br \/>\n\u2022\u00a0\u00a0 \u00a0Nowoczesne przelotki typu K<br \/>\n\u2022\u00a0\u00a0 \u00a0Lekki uchwyt ko\u0142owrotka SKSS z unikalnym, drewnianym insertem<br \/>\n\u2022\u00a0\u00a0 \u00a0Dzielona r\u0119koje\u015b\u0107 wyko\u0144czona oryginalnym korkiem typu tiger<\/p>\n","protected":false},"featured_media":519,"template":"","meta":[],"product_brand":[22],"product_cat":[21,144,145],"product_tag":[],"class_list":{"0":"post-474","1":"product","2":"type-product","3":"status-publish","4":"has-post-thumbnail","6":"product_brand-mikado","7":"product_cat-spinning","8":"product_cat-wedki-spinning","9":"product_cat-wedki-spinningowe","11":"first","12":"instock","13":"shipping-taxable","14":"purchasable","15":"product-type-simple"},"_links":{"self":[{"href":"https:\/\/kotlinafishing.pl\/index.php?rest_route=\/wp\/v2\/product\/474","targetHints":{"allow":["GET"]}}],"collection":[{"href":"https:\/\/kotlinafishing.pl\/index.php?rest_route=\/wp\/v2\/product"}],"about":[{"href":"https:\/\/kotlinafishing.pl\/index.php?rest_route=\/wp\/v2\/types\/product"}],"wp:featuredmedia":[{"embeddable":true,"href":"https:\/\/kotlinafishing.pl\/index.php?rest_route=\/wp\/v2\/media\/519"}],"wp:attachment":[{"href":"https:\/\/kotlinafishing.pl\/index.php?rest_route=%2Fwp%2Fv2%2Fmedia&parent=474"}],"wp:term":[{"taxonomy":"product_brand","embeddable":true,"href":"https:\/\/kotlinafishing.pl\/index.php?rest_route=%2Fwp%2Fv2%2Fproduct_brand&post=474"},{"taxonomy":"product_cat","embeddable":true,"href":"https:\/\/kotlinafishing.pl\/index.php?rest_route=%2Fwp%2Fv2%2Fproduct_cat&post=474"},{"taxonomy":"product_tag","embeddable":true,"href":"https:\/\/kotlinafishing.pl\/index.php?rest_route=%2Fwp%2Fv2%2Fproduct_tag&post=474"}],"curies":[{"name":"wp","href":"https:\/\/api.w.org\/{rel}","templated":true}]}}