{"id":473,"date":"2025-09-13T12:16:19","date_gmt":"2025-09-13T10:16:19","guid":{"rendered":"http:\/\/kotlinafishing.pl\/?post_type=product&#038;p=473"},"modified":"2026-01-29T14:48:48","modified_gmt":"2026-01-29T13:48:48","slug":"mikado-bixlite-zander-spin-27m-10-40g","status":"publish","type":"product","link":"https:\/\/kotlinafishing.pl\/?product=mikado-bixlite-zander-spin-27m-10-40g","title":{"rendered":"Mikado Bixlite Zander Spin 2,7m 10-40g (2 sk\u0142ady)"},"content":{"rendered":"<p>Mocna, sandaczowa w\u0119dka wyposa\u017cona w niezwykle czu\u0142\u0105, wklejan\u0105 szczyt\u00f3wk\u0119 z pe\u0142nego w\u0119gla. Poka\u017ce ka\u017cde, nawet najdelikatniejsze branie i pozwoli na dynamiczne i efektywne zaci\u0119cie. Idealny kij do po\u0142owu technik\u0105 opadu na wszelkie mi\u0119kkie przyn\u0119ty.<\/p>\n","protected":false},"excerpt":{"rendered":"<p>Mocna, sandaczowa w\u0119dka wyposa\u017cona w niezwykle czu\u0142\u0105, wklejan\u0105 szczyt\u00f3wk\u0119 z pe\u0142nego w\u0119gla. Poka\u017ce ka\u017cde, nawet najdelikatniejsze branie i pozwoli na dynamiczne i efektywne zaci\u0119cie. Idealny kij do po\u0142owu technik\u0105 opadu na wszelkie mi\u0119kkie przyn\u0119ty.<\/p>\n","protected":false},"featured_media":513,"template":"","meta":[],"product_brand":[22],"product_cat":[21,144,145],"product_tag":[],"class_list":{"0":"post-473","1":"product","2":"type-product","3":"status-publish","4":"has-post-thumbnail","6":"product_brand-mikado","7":"product_cat-spinning","8":"product_cat-wedki-spinning","9":"product_cat-wedki-spinningowe","11":"first","12":"outofstock","13":"shipping-taxable","14":"purchasable","15":"product-type-simple"},"_links":{"self":[{"href":"https:\/\/kotlinafishing.pl\/index.php?rest_route=\/wp\/v2\/product\/473","targetHints":{"allow":["GET"]}}],"collection":[{"href":"https:\/\/kotlinafishing.pl\/index.php?rest_route=\/wp\/v2\/product"}],"about":[{"href":"https:\/\/kotlinafishing.pl\/index.php?rest_route=\/wp\/v2\/types\/product"}],"wp:featuredmedia":[{"embeddable":true,"href":"https:\/\/kotlinafishing.pl\/index.php?rest_route=\/wp\/v2\/media\/513"}],"wp:attachment":[{"href":"https:\/\/kotlinafishing.pl\/index.php?rest_route=%2Fwp%2Fv2%2Fmedia&parent=473"}],"wp:term":[{"taxonomy":"product_brand","embeddable":true,"href":"https:\/\/kotlinafishing.pl\/index.php?rest_route=%2Fwp%2Fv2%2Fproduct_brand&post=473"},{"taxonomy":"product_cat","embeddable":true,"href":"https:\/\/kotlinafishing.pl\/index.php?rest_route=%2Fwp%2Fv2%2Fproduct_cat&post=473"},{"taxonomy":"product_tag","embeddable":true,"href":"https:\/\/kotlinafishing.pl\/index.php?rest_route=%2Fwp%2Fv2%2Fproduct_tag&post=473"}],"curies":[{"name":"wp","href":"https:\/\/api.w.org\/{rel}","templated":true}]}}