{"id":471,"date":"2025-09-13T11:53:18","date_gmt":"2025-09-13T09:53:18","guid":{"rendered":"http:\/\/kotlinafishing.pl\/?post_type=product&#038;p=471"},"modified":"2026-01-29T14:47:50","modified_gmt":"2026-01-29T13:47:50","slug":"mikado-sasori-spin-27m-10-30g-2-sklady","status":"publish","type":"product","link":"https:\/\/kotlinafishing.pl\/?product=mikado-sasori-spin-27m-10-30g-2-sklady","title":{"rendered":"Mikado Sasori Spin 2,7m 10-30g (2 sk\u0142ady)"},"content":{"rendered":"<p>Niezwykle atrakcyjna seria w\u0119dzisk dla pocz\u0105tkuj\u0105cych. <strong>Sasori Spin<\/strong> to lekkie i zaskakuj\u0105co wytrzyma\u0142e blanki o d\u0142ugo\u015bci 240 i 270cm oraz ci\u0119\u017carze wyrzutu do 30 lub 50g. Dedykowane do po\u0142owu wszystkich ryb drapie\u017cnych na urozmaicone przyn\u0119t.<\/p>\n","protected":false},"excerpt":{"rendered":"<p>Niezwykle atrakcyjna seria w\u0119dzisk dla pocz\u0105tkuj\u0105cych. <strong>Sasori Spin<\/strong> to lekkie i zaskakuj\u0105co wytrzyma\u0142e blanki o d\u0142ugo\u015bci 240 i 270cm oraz ci\u0119\u017carze wyrzutu do 30 lub 50g. Dedykowane do po\u0142owu wszystkich ryb drapie\u017cnych na urozmaicone przyn\u0119t.<\/p>\n","protected":false},"featured_media":497,"template":"","meta":[],"product_brand":[22],"product_cat":[21,144,145],"product_tag":[],"class_list":{"0":"post-471","1":"product","2":"type-product","3":"status-publish","4":"has-post-thumbnail","6":"product_brand-mikado","7":"product_cat-spinning","8":"product_cat-wedki-spinning","9":"product_cat-wedki-spinningowe","11":"first","12":"instock","13":"shipping-taxable","14":"purchasable","15":"product-type-simple"},"_links":{"self":[{"href":"https:\/\/kotlinafishing.pl\/index.php?rest_route=\/wp\/v2\/product\/471","targetHints":{"allow":["GET"]}}],"collection":[{"href":"https:\/\/kotlinafishing.pl\/index.php?rest_route=\/wp\/v2\/product"}],"about":[{"href":"https:\/\/kotlinafishing.pl\/index.php?rest_route=\/wp\/v2\/types\/product"}],"wp:featuredmedia":[{"embeddable":true,"href":"https:\/\/kotlinafishing.pl\/index.php?rest_route=\/wp\/v2\/media\/497"}],"wp:attachment":[{"href":"https:\/\/kotlinafishing.pl\/index.php?rest_route=%2Fwp%2Fv2%2Fmedia&parent=471"}],"wp:term":[{"taxonomy":"product_brand","embeddable":true,"href":"https:\/\/kotlinafishing.pl\/index.php?rest_route=%2Fwp%2Fv2%2Fproduct_brand&post=471"},{"taxonomy":"product_cat","embeddable":true,"href":"https:\/\/kotlinafishing.pl\/index.php?rest_route=%2Fwp%2Fv2%2Fproduct_cat&post=471"},{"taxonomy":"product_tag","embeddable":true,"href":"https:\/\/kotlinafishing.pl\/index.php?rest_route=%2Fwp%2Fv2%2Fproduct_tag&post=471"}],"curies":[{"name":"wp","href":"https:\/\/api.w.org\/{rel}","templated":true}]}}