{"id":469,"date":"2025-09-13T11:45:36","date_gmt":"2025-09-13T09:45:36","guid":{"rendered":"http:\/\/kotlinafishing.pl\/?post_type=product&#038;p=469"},"modified":"2026-01-29T14:47:18","modified_gmt":"2026-01-29T13:47:18","slug":"mikado-noctis-x-distance-12-36m-3lb","status":"publish","type":"product","link":"https:\/\/kotlinafishing.pl\/?product=mikado-noctis-x-distance-12-36m-3lb","title":{"rendered":"Mikado Noctis X Distance 12&#8242; 3,6m 3lb (2 sk\u0142ady)"},"content":{"rendered":"<p>Perfekcyjne w\u0119dziska rzutowe, za pomoc\u0105 kt\u00f3rych po\u015blemy zestaw nawet na 150m. Bardzo szybkie, z wzmocnionym blankiem w cz\u0119\u015bci \u015brodkowej, gwarantuj\u0105ce ogromny zapas mocy i niezb\u0119dn\u0105 celno\u015b\u0107. Wyko\u0144czone przelotkami Seaguide i uchwytem DPS.<\/p>\n<p>\u2022\u00a0\u00a0 \u00a0Bardzo szybki i elektryczny blank z w\u0142\u00f3kna w\u0119glowego 30T<br \/>\n\u2022\u00a0\u00a0 \u00a0Super lekkie przelotki Seaguide TDG z ultracienkimi pier\u015bcieniami<br \/>\n\u2022\u00a0\u00a0 \u00a0Startowa przelotka 50mm<br \/>\n\u2022\u00a0\u00a0 \u00a0Antyspl\u0105taniowa przelotka szczytowa 16mm<br \/>\n\u2022\u00a0\u00a0 \u00a0Pewny uchwyt ko\u0142owrotka DPS w matowym kolorze<br \/>\n\u2022\u00a0\u00a0 \u00a0Dolnik slim pokryty antypo\u015blizgow\u0105 piank\u0105 typu Shrink<\/p>\n<div class=\"col-6\">\n<div class=\"d-flex justify-content-between py-2 border-bottom border-1 border-info\"><strong>D\u0142ugo\u015b\u0107 (cm):<\/strong> <span class=\"fw-bold\">360<\/span><\/div>\n<\/div>\n<div class=\"col-6\">\n<div class=\"d-flex justify-content-between py-2 border-bottom border-1 border-info\"><strong>D\u0142. transport. (cm):<\/strong> <span class=\"fw-bold\">186<\/span><\/div>\n<\/div>\n<div class=\"col-6\">\n<div class=\"d-flex justify-content-between py-2 border-bottom border-1 border-info\"><strong>Ilo\u015b\u0107 sekcji (szt):<\/strong> <span class=\"fw-bold\">2<\/span><\/div>\n<\/div>\n<div class=\"col-6\">\n<div class=\"d-flex justify-content-between py-2 border-bottom border-1 border-info\"><strong>Krzywa ugi\u0119cia (lbs):<\/strong> <span class=\"fw-bold\">3<\/span><\/div>\n<\/div>\n<div class=\"col-6\">\n<div class=\"d-flex justify-content-between py-2 border-bottom border-1 border-info\"><strong>Waga (g):<\/strong> <span class=\"fw-bold\">341<\/span><\/div>\n<\/div>\n","protected":false},"excerpt":{"rendered":"<p>Perfekcyjne w\u0119dziska rzutowe, za pomoc\u0105 kt\u00f3rych po\u015blemy zestaw nawet na 150m. Bardzo szybkie, z wzmocnionym blankiem w cz\u0119\u015bci \u015brodkowej, gwarantuj\u0105ce ogromny zapas mocy i niezb\u0119dn\u0105 celno\u015b\u0107. Wyko\u0144czone przelotkami Seaguide i uchwytem DPS.<\/p>\n","protected":false},"featured_media":495,"template":"","meta":[],"product_brand":[22],"product_cat":[142,141],"product_tag":[],"class_list":{"0":"post-469","1":"product","2":"type-product","3":"status-publish","4":"has-post-thumbnail","6":"product_brand-mikado","7":"product_cat-wedki-karp","8":"product_cat-wedki-karpiowe","10":"first","11":"instock","12":"shipping-taxable","13":"purchasable","14":"product-type-simple"},"_links":{"self":[{"href":"https:\/\/kotlinafishing.pl\/index.php?rest_route=\/wp\/v2\/product\/469","targetHints":{"allow":["GET"]}}],"collection":[{"href":"https:\/\/kotlinafishing.pl\/index.php?rest_route=\/wp\/v2\/product"}],"about":[{"href":"https:\/\/kotlinafishing.pl\/index.php?rest_route=\/wp\/v2\/types\/product"}],"wp:featuredmedia":[{"embeddable":true,"href":"https:\/\/kotlinafishing.pl\/index.php?rest_route=\/wp\/v2\/media\/495"}],"wp:attachment":[{"href":"https:\/\/kotlinafishing.pl\/index.php?rest_route=%2Fwp%2Fv2%2Fmedia&parent=469"}],"wp:term":[{"taxonomy":"product_brand","embeddable":true,"href":"https:\/\/kotlinafishing.pl\/index.php?rest_route=%2Fwp%2Fv2%2Fproduct_brand&post=469"},{"taxonomy":"product_cat","embeddable":true,"href":"https:\/\/kotlinafishing.pl\/index.php?rest_route=%2Fwp%2Fv2%2Fproduct_cat&post=469"},{"taxonomy":"product_tag","embeddable":true,"href":"https:\/\/kotlinafishing.pl\/index.php?rest_route=%2Fwp%2Fv2%2Fproduct_tag&post=469"}],"curies":[{"name":"wp","href":"https:\/\/api.w.org\/{rel}","templated":true}]}}