{"id":467,"date":"2025-09-13T09:17:51","date_gmt":"2025-09-13T07:17:51","guid":{"rendered":"http:\/\/kotlinafishing.pl\/?post_type=product&#038;p=467"},"modified":"2026-01-29T14:46:58","modified_gmt":"2026-01-29T13:46:58","slug":"mikado-sod-rod-12-36m-75lbs","status":"publish","type":"product","link":"https:\/\/kotlinafishing.pl\/?product=mikado-sod-rod-12-36m-75lbs","title":{"rendered":"Mikado Spod Rod 12&#8242; 3,6m 7,5lbs (2 sk\u0142ady)"},"content":{"rendered":"<div class=\"p-2\">\n<p>Niezwykle mocny i szybki kij karpiowy typu Spod. Przeznaczony do n\u0119cenia rakiet\u0105 zan\u0119tow\u0105 na du\u017cych dystansach. Dost\u0119pny w 2 wersjach, o krzywej 5,5lb &#8211; komfortowy na odleg\u0142o\u015bci oko\u0142o 100m, oraz 7,5lb &#8211; n\u0119cenie na dystansie przekraczaj\u0105cym nawet 120m.<\/p>\n<\/div>\n<div class=\"p-2\">\n<p><strong>Specyfikacja:<\/strong><br \/>\n&#8211; Wzmocniony blank z w\u0142\u00f3kna w\u0119glowego 24T<br \/>\n&#8211; Startowa przelotka <strong>50mm<\/strong><br \/>\n&#8211; Szczytowa przelotka antyspl\u0105taniowa<br \/>\n&#8211; Pewny uchwyt ko\u0142owrotka DPS<br \/>\n&#8211; Dodatkowy znacznik w odleg\u0142o\u015bci 50cm od uchwytu ko\u0142owrotka u\u0142atwiaj\u0105cy sondowanie \u0142owiska<br \/>\n&#8211; Dzielona r\u0119koje\u015b\u0107 typu Shrink, zako\u0144czona poszerzeniem<\/p>\n<\/div>\n<div class=\"col-6\">\n<div class=\"d-flex justify-content-between py-2 border-bottom border-1 border-info\"><strong>Krzywa ugi\u0119cia (lbs):<\/strong> <span class=\"fw-bold\">7,5<\/span><\/div>\n<\/div>\n<div class=\"col-6\">\n<div class=\"d-flex justify-content-between py-2 border-bottom border-1 border-info\"><strong>D\u0142ugo\u015b\u0107 (cm):<\/strong> <span class=\"fw-bold\">360<\/span><\/div>\n<\/div>\n<div class=\"col-6\">\n<div class=\"d-flex justify-content-between py-2 border-bottom border-1 border-info\"><strong>D\u0142. transport. (cm):<\/strong> <span class=\"fw-bold\">188<\/span><\/div>\n<\/div>\n<div class=\"col-6\">\n<div class=\"d-flex justify-content-between py-2 border-bottom border-1 border-info\"><strong>Ilo\u015b\u0107 sekcji (szt):<\/strong> <span class=\"fw-bold\">2<\/span><\/div>\n<\/div>\n<div class=\"col-6\">\n<div class=\"d-flex justify-content-between py-2 border-bottom border-1 border-info\"><strong>Waga (g):<\/strong> <span class=\"fw-bold\">486<\/span><\/div>\n<\/div>\n<div class=\"col-6\">\n<div class=\"d-flex justify-content-between py-2 border-bottom border-1 border-info\"><\/div>\n<\/div>\n","protected":false},"excerpt":{"rendered":"<p>Niezwykle mocny i szybki kij karpiowy typu Spod. Przeznaczony do n\u0119cenia rakiet\u0105 zan\u0119tow\u0105 na du\u017cych dystansach. Dost\u0119pny w 2 wersjach, o krzywej 5,5lb &#8211; komfortowy na odleg\u0142o\u015bci oko\u0142o 100m, oraz 7,5lb &#8211; n\u0119cenie na dystansie przekraczaj\u0105cym nawet 120m.<\/p>\n","protected":false},"featured_media":480,"template":"","meta":[],"product_brand":[22],"product_cat":[143,20,142],"product_tag":[],"class_list":{"0":"post-467","1":"product","2":"type-product","3":"status-publish","4":"has-post-thumbnail","6":"product_brand-mikado","7":"product_cat-spody","8":"product_cat-karp","9":"product_cat-wedki-karp","11":"first","12":"instock","13":"shipping-taxable","14":"purchasable","15":"product-type-simple"},"_links":{"self":[{"href":"https:\/\/kotlinafishing.pl\/index.php?rest_route=\/wp\/v2\/product\/467","targetHints":{"allow":["GET"]}}],"collection":[{"href":"https:\/\/kotlinafishing.pl\/index.php?rest_route=\/wp\/v2\/product"}],"about":[{"href":"https:\/\/kotlinafishing.pl\/index.php?rest_route=\/wp\/v2\/types\/product"}],"wp:featuredmedia":[{"embeddable":true,"href":"https:\/\/kotlinafishing.pl\/index.php?rest_route=\/wp\/v2\/media\/480"}],"wp:attachment":[{"href":"https:\/\/kotlinafishing.pl\/index.php?rest_route=%2Fwp%2Fv2%2Fmedia&parent=467"}],"wp:term":[{"taxonomy":"product_brand","embeddable":true,"href":"https:\/\/kotlinafishing.pl\/index.php?rest_route=%2Fwp%2Fv2%2Fproduct_brand&post=467"},{"taxonomy":"product_cat","embeddable":true,"href":"https:\/\/kotlinafishing.pl\/index.php?rest_route=%2Fwp%2Fv2%2Fproduct_cat&post=467"},{"taxonomy":"product_tag","embeddable":true,"href":"https:\/\/kotlinafishing.pl\/index.php?rest_route=%2Fwp%2Fv2%2Fproduct_tag&post=467"}],"curies":[{"name":"wp","href":"https:\/\/api.w.org\/{rel}","templated":true}]}}