{"id":462,"date":"2025-09-09T09:41:04","date_gmt":"2025-09-09T07:41:04","guid":{"rendered":"http:\/\/kotlinafishing.pl\/?post_type=product&#038;p=462"},"modified":"2026-02-20T17:24:34","modified_gmt":"2026-02-20T16:24:34","slug":"zaneta-osmo-classic-dark-cage-900g","status":"publish","type":"product","link":"https:\/\/kotlinafishing.pl\/?product=zaneta-osmo-classic-dark-cage-900g","title":{"rendered":"Zan\u0119ta OSMO Classic Dark Cage 900g"},"content":{"rendered":"<p>Zan\u0119ta OSMO Classic Dark Cage jest zan\u0119t\u0105 uniwersaln\u0105, o drobnej frakcji, wabi\u0105c\u0105 p\u0142ocie, leszcze, kr\u0105pie i inne ryby spokojnego \u017ceru. Mo\u017cna stosowa\u0107 j\u0105 z powodzeniem o ka\u017cdej porze roku. Dob\u00f3r sk\u0142adnik\u00f3w ich smak, charakterystyczny aromat oraz granulacja decyduj\u0105 o jej wysokiej skuteczno\u015bci. Zan\u0119ta \u0142atwo uwalnia si\u0119 z koszyczka co dodatkowo podnosi jej w\u0142a\u015bciwo\u015bci wabi\u0105ce. Zmieniaj\u0105c ilo\u015bci dodawanej wody, mo\u017cemy regulowa\u0107 jej prac\u0119. Mo\u017cna j\u0105 stosowa\u0107 samodzielnie lub komponowa\u0107 z innymi dodatkami.<\/p>\n","protected":false},"excerpt":{"rendered":"<p>Zan\u0119ta OSMO Classic Dark Cage jest zan\u0119t\u0105 uniwersaln\u0105, o drobnej frakcji, wabi\u0105c\u0105 p\u0142ocie, leszcze, kr\u0105pie i inne ryby spokojnego \u017ceru. Mo\u017cna stosowa\u0107 j\u0105 z powodzeniem o ka\u017cdej porze roku. Dob\u00f3r sk\u0142adnik\u00f3w ich smak, charakterystyczny aromat oraz granulacja decyduj\u0105 o jej wysokiej skuteczno\u015bci. Zan\u0119ta \u0142atwo uwalnia si\u0119 z koszyczka co dodatkowo podnosi jej w\u0142a\u015bciwo\u015bci wabi\u0105ce. Zmieniaj\u0105c ilo\u015bci dodawanej wody, mo\u017cemy regulowa\u0107 jej prac\u0119. Mo\u017cna j\u0105 stosowa\u0107 samodzielnie lub komponowa\u0107 z innymi dodatkami.<\/p>\n","protected":false},"featured_media":2898,"template":"","meta":[],"product_brand":[25],"product_cat":[19,18,42,41],"product_tag":[],"class_list":{"0":"post-462","1":"product","2":"type-product","3":"status-publish","4":"has-post-thumbnail","6":"product_brand-osmo","7":"product_cat-grunt","8":"product_cat-splawik","9":"product_cat-zanety-klasyczne","10":"product_cat-zanety-przynety-dodatki-gliny","11":"pa_marka-osmo","13":"first","14":"instock","15":"shipping-taxable","16":"purchasable","17":"product-type-simple"},"_links":{"self":[{"href":"https:\/\/kotlinafishing.pl\/index.php?rest_route=\/wp\/v2\/product\/462","targetHints":{"allow":["GET"]}}],"collection":[{"href":"https:\/\/kotlinafishing.pl\/index.php?rest_route=\/wp\/v2\/product"}],"about":[{"href":"https:\/\/kotlinafishing.pl\/index.php?rest_route=\/wp\/v2\/types\/product"}],"wp:featuredmedia":[{"embeddable":true,"href":"https:\/\/kotlinafishing.pl\/index.php?rest_route=\/wp\/v2\/media\/2898"}],"wp:attachment":[{"href":"https:\/\/kotlinafishing.pl\/index.php?rest_route=%2Fwp%2Fv2%2Fmedia&parent=462"}],"wp:term":[{"taxonomy":"product_brand","embeddable":true,"href":"https:\/\/kotlinafishing.pl\/index.php?rest_route=%2Fwp%2Fv2%2Fproduct_brand&post=462"},{"taxonomy":"product_cat","embeddable":true,"href":"https:\/\/kotlinafishing.pl\/index.php?rest_route=%2Fwp%2Fv2%2Fproduct_cat&post=462"},{"taxonomy":"product_tag","embeddable":true,"href":"https:\/\/kotlinafishing.pl\/index.php?rest_route=%2Fwp%2Fv2%2Fproduct_tag&post=462"}],"curies":[{"name":"wp","href":"https:\/\/api.w.org\/{rel}","templated":true}]}}