{"id":458,"date":"2025-09-09T09:37:52","date_gmt":"2025-09-09T07:37:52","guid":{"rendered":"http:\/\/kotlinafishing.pl\/?post_type=product&#038;p=458"},"modified":"2026-03-29T18:22:53","modified_gmt":"2026-03-29T16:22:53","slug":"osmo-hydra-big-fish-pellet-6-mm-0-8kg","status":"publish","type":"product","link":"https:\/\/kotlinafishing.pl\/?product=osmo-hydra-big-fish-pellet-6-mm-0-8kg","title":{"rendered":"Osmo Hydra Big Fish Pellet 6 mm &#8211; 0.8kg"},"content":{"rendered":"<p>Pellet Hydra od Osmo Innovation Baits o granulacji 3-4 mm oraz 6mm to wyj\u0105tkowy produkt dedykowany w\u0119dkarzom, kt\u00f3rzy szukaj\u0105 skutecznej przyn\u0119ty, szczeg\u00f3lnie w sytuacjach, gdy ryby preferuj\u0105 wi\u0119ksze k\u0105ski. Jest to ciemny, bogaty w proteiny pellet, kt\u00f3ry zosta\u0142 opracowany z my\u015bl\u0105 o zapewnieniu rybom zr\u00f3wnowa\u017conego \u017ar\u00f3d\u0142a energii i sk\u0142adnik\u00f3w od\u017cywczych. Proteiny, aminokwasy i inne warto\u015bciowe sk\u0142adniki obecne w produkcie sprawiaj\u0105, \u017ce jest on niezwykle atrakcyjny dla ryb w r\u00f3\u017cnych warunkach po\u0142owowych.<\/p>\n<p>Pellet Hydra dobrze sprawdza si\u0119 w podajnikach, podobnie jak pellety 2 mm. W sytuacjach, kiedy ryby s\u0105 bardziej wybredne lub preferuj\u0105 wi\u0119ksze cz\u0105stki pokarmu, jego wi\u0119ksza granulacja staje si\u0119 nieoceniona. Wyr\u00f3\u017cnia si\u0119 intensywnym, charakterystycznym aromatem, kt\u00f3ry dodatkowo wzmacnia jego skuteczno\u015b\u0107, przyci\u0105gaj\u0105c ryby z dalszych odleg\u0142o\u015bci.<\/p>\n<p>Produkt ten idealnie nadaje si\u0119 do stosowania przez ca\u0142y sezon, a jego wszechstronno\u015b\u0107 sprawia, \u017ce mo\u017ce by\u0107 u\u017cywany zar\u00f3wno przez do\u015bwiadczonych w\u0119dkarzy, jak i osoby dopiero zaczynaj\u0105ce swoj\u0105 przygod\u0119 z \u0142owieniem. Pellet Hydra od Osmo Innovation Baits to przyn\u0119ta, kt\u00f3ra skutecznie dzia\u0142a w ka\u017cdych warunkach, wspieraj\u0105c w\u0119dkarzy w osi\u0105ganiu lepszych wynik\u00f3w podczas po\u0142ow\u00f3w.<\/p>\n","protected":false},"excerpt":{"rendered":"<p>Pellet Hydra od Osmo Innovation Baits o granulacji 3-4 mm oraz 6mm to wyj\u0105tkowy produkt dedykowany w\u0119dkarzom, kt\u00f3rzy szukaj\u0105 skutecznej przyn\u0119ty, szczeg\u00f3lnie w sytuacjach, gdy ryby preferuj\u0105 wi\u0119ksze k\u0105ski. Jest to ciemny, bogaty w proteiny pellet, kt\u00f3ry zosta\u0142 opracowany z my\u015bl\u0105 o zapewnieniu rybom zr\u00f3wnowa\u017conego \u017ar\u00f3d\u0142a energii i sk\u0142adnik\u00f3w od\u017cywczych. Proteiny, aminokwasy i inne warto\u015bciowe sk\u0142adniki obecne w produkcie sprawiaj\u0105, \u017ce jest on niezwykle atrakcyjny dla ryb w r\u00f3\u017cnych warunkach po\u0142owowych.<\/p>\n","protected":false},"featured_media":2906,"template":"","meta":[],"product_brand":[25],"product_cat":[43,19,41],"product_tag":[],"class_list":{"0":"post-458","1":"product","2":"type-product","3":"status-publish","4":"has-post-thumbnail","6":"product_brand-osmo","7":"product_cat-pellety-zanetowe","8":"product_cat-grunt","9":"product_cat-zanety-przynety-dodatki-gliny","10":"pa_marka-osmo","12":"first","13":"instock","14":"shipping-taxable","15":"purchasable","16":"product-type-simple"},"_links":{"self":[{"href":"https:\/\/kotlinafishing.pl\/index.php?rest_route=\/wp\/v2\/product\/458","targetHints":{"allow":["GET"]}}],"collection":[{"href":"https:\/\/kotlinafishing.pl\/index.php?rest_route=\/wp\/v2\/product"}],"about":[{"href":"https:\/\/kotlinafishing.pl\/index.php?rest_route=\/wp\/v2\/types\/product"}],"wp:featuredmedia":[{"embeddable":true,"href":"https:\/\/kotlinafishing.pl\/index.php?rest_route=\/wp\/v2\/media\/2906"}],"wp:attachment":[{"href":"https:\/\/kotlinafishing.pl\/index.php?rest_route=%2Fwp%2Fv2%2Fmedia&parent=458"}],"wp:term":[{"taxonomy":"product_brand","embeddable":true,"href":"https:\/\/kotlinafishing.pl\/index.php?rest_route=%2Fwp%2Fv2%2Fproduct_brand&post=458"},{"taxonomy":"product_cat","embeddable":true,"href":"https:\/\/kotlinafishing.pl\/index.php?rest_route=%2Fwp%2Fv2%2Fproduct_cat&post=458"},{"taxonomy":"product_tag","embeddable":true,"href":"https:\/\/kotlinafishing.pl\/index.php?rest_route=%2Fwp%2Fv2%2Fproduct_tag&post=458"}],"curies":[{"name":"wp","href":"https:\/\/api.w.org\/{rel}","templated":true}]}}