{"id":456,"date":"2025-09-09T09:35:58","date_gmt":"2025-09-09T07:35:58","guid":{"rendered":"http:\/\/kotlinafishing.pl\/?post_type=product&#038;p=456"},"modified":"2026-02-20T17:31:25","modified_gmt":"2026-02-20T16:31:25","slug":"osmo-disc-pellets-0-8kg","status":"publish","type":"product","link":"https:\/\/kotlinafishing.pl\/?product=osmo-disc-pellets-0-8kg","title":{"rendered":"Osmo Disc Pellets &#8211; 0.8kg"},"content":{"rendered":"<p>Jeste\u015bmy dumni, mog\u0105c przedstawi\u0107 nasz najnowszy produkt \u2013 Osmo Disc Pellet. To innowacyjny pelet, kt\u00f3ry wyr\u00f3\u017cnia si\u0119 nie tylko wysok\u0105 jako\u015bci\u0105, ale tak\u017ce unikalnymi w\u0142a\u015bciwo\u015bciami. Disc Pellet to drobny pelet, kt\u00f3ry po namoczeniu przyjmuje kszta\u0142t dysku. Dzi\u0119ki temu idealnie uk\u0142ada si\u0119 w podajniku zapewniaj\u0105c doskona\u0142\u0105 prezentacj\u0119 w wodzie. Jego wyj\u0105tkowa struktura sprawia, \u017ce znacznie zwi\u0119ksza swoj\u0105 obj\u0119to\u015b\u0107, przypominaj\u0105c w\u0142a\u015bciwo\u015bci expandera. Pelet ten zawiera ok. 30% bia\u0142ka, co kwalifikuje go do grupy element\u00f3w Low Feed. Oznacza to, \u017ce nie przekarmia ryb, a jednocze\u015bnie d\u0142ugo utrzymuje je w \u0142owisku, co jest kluczowe podczas d\u0142ugotrwa\u0142ego w\u0119dkowania. Disc Pellet doskonale nadaje si\u0119 r\u00f3wnie\u017c do tworzenia sponge pelletu, co czyni go jeszcze bardziej wszechstronnym narz\u0119dziem w arsenale ka\u017cdego w\u0119dkarza. Zapraszamy do wypr\u00f3bowania Osmo Disk Pellet.<\/p>\n","protected":false},"excerpt":{"rendered":"<p>Jeste\u015bmy dumni, mog\u0105c przedstawi\u0107 nasz najnowszy produkt \u2013 Osmo Disc Pellet. To innowacyjny pelet, kt\u00f3ry wyr\u00f3\u017cnia si\u0119 nie tylko wysok\u0105 jako\u015bci\u0105, ale tak\u017ce unikalnymi w\u0142a\u015bciwo\u015bciami. Disc Pellet to drobny pelet, kt\u00f3ry po namoczeniu przyjmuje kszta\u0142t dysku. Dzi\u0119ki temu idealnie uk\u0142ada si\u0119 w podajniku zapewniaj\u0105c doskona\u0142\u0105 prezentacj\u0119 w wodzie. Jego wyj\u0105tkowa struktura sprawia, \u017ce znacznie zwi\u0119ksza swoj\u0105 obj\u0119to\u015b\u0107, przypominaj\u0105c w\u0142a\u015bciwo\u015bci expandera. Pelet ten zawiera ok. 30% bia\u0142ka, co kwalifikuje go do grupy element\u00f3w Low Feed. Oznacza to, \u017ce nie przekarmia ryb, a jednocze\u015bnie d\u0142ugo utrzymuje je w \u0142owisku, co jest kluczowe podczas d\u0142ugotrwa\u0142ego w\u0119dkowania. Disc Pellet doskonale nadaje si\u0119 r\u00f3wnie\u017c do tworzenia sponge pelletu, co czyni go jeszcze bardziej wszechstronnym narz\u0119dziem w arsenale ka\u017cdego w\u0119dkarza. Zapraszamy do wypr\u00f3bowania Osmo Disk Pellet.<\/p>\n","protected":false},"featured_media":2901,"template":"","meta":[],"product_brand":[25],"product_cat":[43,19,41],"product_tag":[],"class_list":{"0":"post-456","1":"product","2":"type-product","3":"status-publish","4":"has-post-thumbnail","6":"product_brand-osmo","7":"product_cat-pellety-zanetowe","8":"product_cat-grunt","9":"product_cat-zanety-przynety-dodatki-gliny","10":"pa_marka-osmo","12":"first","13":"instock","14":"shipping-taxable","15":"purchasable","16":"product-type-simple"},"_links":{"self":[{"href":"https:\/\/kotlinafishing.pl\/index.php?rest_route=\/wp\/v2\/product\/456","targetHints":{"allow":["GET"]}}],"collection":[{"href":"https:\/\/kotlinafishing.pl\/index.php?rest_route=\/wp\/v2\/product"}],"about":[{"href":"https:\/\/kotlinafishing.pl\/index.php?rest_route=\/wp\/v2\/types\/product"}],"wp:featuredmedia":[{"embeddable":true,"href":"https:\/\/kotlinafishing.pl\/index.php?rest_route=\/wp\/v2\/media\/2901"}],"wp:attachment":[{"href":"https:\/\/kotlinafishing.pl\/index.php?rest_route=%2Fwp%2Fv2%2Fmedia&parent=456"}],"wp:term":[{"taxonomy":"product_brand","embeddable":true,"href":"https:\/\/kotlinafishing.pl\/index.php?rest_route=%2Fwp%2Fv2%2Fproduct_brand&post=456"},{"taxonomy":"product_cat","embeddable":true,"href":"https:\/\/kotlinafishing.pl\/index.php?rest_route=%2Fwp%2Fv2%2Fproduct_cat&post=456"},{"taxonomy":"product_tag","embeddable":true,"href":"https:\/\/kotlinafishing.pl\/index.php?rest_route=%2Fwp%2Fv2%2Fproduct_tag&post=456"}],"curies":[{"name":"wp","href":"https:\/\/api.w.org\/{rel}","templated":true}]}}